{"id":5175,"date":"2024-07-27T04:25:13","date_gmt":"2024-07-27T04:25:13","guid":{"rendered":"https:\/\/balibestmotorcycle.com\/?page_id=5175"},"modified":"2024-08-04T03:50:17","modified_gmt":"2024-08-04T03:50:17","slug":"les-meilleurs-magasins-demballage-de-vinyle-pour-motos-a-bali","status":"publish","type":"page","link":"https:\/\/balibestmotorcycle.com\/fr\/les-meilleurs-magasins-demballage-de-vinyle-pour-motos-a-bali","title":{"rendered":"Les meilleurs magasins d&#8217;emballage de vinyle pour motos \u00e0 Bali"},"content":{"rendered":"<p><\/p><h2 class=\"wp-block-heading\">1.&nbsp;&nbsp;<strong>Bali meilleures motos<\/strong><\/h2><ul class=\"wp-block-list\"><li><strong>Localisation :<\/strong>\u00a0\u00a0Gg. Toti, Padangsambian Klod, Kec. Denpasar Bar., Bali, 80361<\/li>\n\n<li><strong>Services offerts :<\/strong>\u00a0\u00a0Bali Best Motorcycles se sp\u00e9cialise dans l\u2019emballage en vinyle de haute qualit\u00e9 pour motos. Leurs techniciens qualifi\u00e9s utilisent du vinyle 3M haut de gamme et proposent une large gamme de couleurs et de finitions. Que vous souhaitiez un look mat \u00e9l\u00e9gant ou une finition m\u00e9tallique audacieuse, ils ont ce qu&rsquo;il vous faut.<\/li>\n\n<li><strong>Pourquoi choisir les meilleures motos de Bali\u00a0?<\/strong><ul class=\"wp-block-list\"><li><strong>Expertise\u00a0:<\/strong>\u00a0\u00a0Avec des ann\u00e9es d\u2019exp\u00e9rience, ils savent comment g\u00e9rer des conceptions complexes et des courbes difficiles.<\/li>\n\n<li><strong>Personnalisation :<\/strong>\u00a0\u00a0Ils peuvent cr\u00e9er des designs, des logos et des motifs personnalis\u00e9s pour rendre votre moto vraiment unique.<\/li>\n\n<li><strong>D\u00e9lai d&rsquo;ex\u00e9cution rapide\u00a0:<\/strong>\u00a0\u00a0Bali Best Motorcycles garantit un service efficace sans compromettre la qualit\u00e9.<\/li>\n\n<li><strong>Prix \u200b\u200b\u200b\u200bcomp\u00e9titifs\u00a0:<\/strong>\u00a0\u00a0leurs tarifs sont raisonnables, ce qui en fait un premier choix pour les cavaliers \u00e0 Bali.<\/li><\/ul><\/li><\/ul><h2 class=\"wp-block-heading\">2.&nbsp;&nbsp;<strong>Enveloppements d&rsquo;\u00eeles \u00e0 Bali<\/strong><\/h2><ul class=\"wp-block-list\"><li><strong>Emplacement :<\/strong>\u00a0\u00a0Jalan Sunset Road n\u00b0 456, Kuta, Bali<\/li>\n\n<li><strong>Services offerts\u00a0:<\/strong>\u00a0\u00a0Island Wraps Bali est sp\u00e9cialis\u00e9 dans les enveloppes de moto partielles et compl\u00e8tes. Ils offrent une vari\u00e9t\u00e9 d\u2019options de vinyle, notamment des textures brillantes, satin\u00e9es et en fibre de carbone. Leur \u00e9quipe pr\u00eate attention aux d\u00e9tails, garantissant des installations transparentes.<\/li>\n\n<li><strong>Pourquoi choisir Island Wraps Bali ?<\/strong><ul class=\"wp-block-list\"><li><strong>Vari\u00e9t\u00e9\u00a0:<\/strong>\u00a0\u00a0Island Wraps Bali propose une vaste palette de couleurs, vous permettant de trouver la teinte parfaite pour votre v\u00e9lo.<\/li>\n\n<li><strong>Mat\u00e9riaux de qualit\u00e9 :<\/strong>\u00a0\u00a0ils utilisent du vinyle de qualit\u00e9 sup\u00e9rieure qui r\u00e9siste au climat tropical de Bali et \u00e0 l&rsquo;exposition aux UV.<\/li>\n\n<li><strong>Abordabilit\u00e9\u00a0:<\/strong>\u00a0\u00a0Island Wraps Bali propose des prix comp\u00e9titifs pour ses services.<\/li><\/ul><\/li><\/ul><h2 class=\"wp-block-heading\">3.&nbsp;&nbsp;<strong>Garage personnalis\u00e9 Kuta<\/strong><\/h2><ul class=\"wp-block-list\"><li><strong>Emplacement :<\/strong>\u00a0\u00a0Jalan Legian n\u00b0 789, Kuta, Bali<\/li>\n\n<li><strong>Services offerts :<\/strong>\u00a0\u00a0Kuta Custom Garage est connu pour ses conceptions cr\u00e9atives d&#8217;emballage en vinyle. Des graphismes audacieux aux accents subtils, ils peuvent transformer votre moto. Leur \u00e9quipe collabore \u00e9troitement avec les clients pour donner vie \u00e0 leur vision.<\/li>\n\n<li><strong>Pourquoi choisir le garage personnalis\u00e9 Kuta\u00a0?<\/strong><ul class=\"wp-block-list\"><li><strong>Approche artistique\u00a0:<\/strong>\u00a0\u00a0Kuta Custom Garage traite chaque projet comme une toile, ce qui donne lieu \u00e0 des emballages accrocheurs.<\/li>\n\n<li><strong>Satisfaction du client\u00a0:<\/strong>\u00a0\u00a0ils donnent la priorit\u00e9 aux commentaires des clients et garantissent la satisfaction du produit final.<\/li>\n\n<li><strong>Attention aux d\u00e9tails :<\/strong>\u00a0\u00a0leur processus d&rsquo;installation minutieux garantit une finition impeccable.<\/li><\/ul><\/li><\/ul>","protected":false},"excerpt":{"rendered":"<p>1.&nbsp;&nbsp;Bali meilleures motos 2.&nbsp;&nbsp;Enveloppements d&rsquo;\u00eeles \u00e0 Bali 3.&nbsp;&nbsp;Garage personnalis\u00e9 Kuta<\/p>\n","protected":false},"author":1,"featured_media":0,"parent":0,"menu_order":0,"comment_status":"closed","ping_status":"closed","template":"","meta":{"neve_meta_sidebar":"","neve_meta_container":"","neve_meta_enable_content_width":"","neve_meta_content_width":0,"neve_meta_title_alignment":"","neve_meta_author_avatar":"","neve_post_elements_order":"","neve_meta_disable_header":"","neve_meta_disable_footer":"","neve_meta_disable_title":"","_ti_tpc_template_sync":false,"_ti_tpc_template_id":"","footnotes":""},"class_list":["post-5175","page","type-page","status-publish","hentry"],"_links":{"self":[{"href":"https:\/\/balibestmotorcycle.com\/fr\/wp-json\/wp\/v2\/pages\/5175","targetHints":{"allow":["GET"]}}],"collection":[{"href":"https:\/\/balibestmotorcycle.com\/fr\/wp-json\/wp\/v2\/pages"}],"about":[{"href":"https:\/\/balibestmotorcycle.com\/fr\/wp-json\/wp\/v2\/types\/page"}],"author":[{"embeddable":true,"href":"https:\/\/balibestmotorcycle.com\/fr\/wp-json\/wp\/v2\/users\/1"}],"replies":[{"embeddable":true,"href":"https:\/\/balibestmotorcycle.com\/fr\/wp-json\/wp\/v2\/comments?post=5175"}],"version-history":[{"count":1,"href":"https:\/\/balibestmotorcycle.com\/fr\/wp-json\/wp\/v2\/pages\/5175\/revisions"}],"predecessor-version":[{"id":5176,"href":"https:\/\/balibestmotorcycle.com\/fr\/wp-json\/wp\/v2\/pages\/5175\/revisions\/5176"}],"wp:attachment":[{"href":"https:\/\/balibestmotorcycle.com\/fr\/wp-json\/wp\/v2\/media?parent=5175"}],"curies":[{"name":"wp","href":"https:\/\/api.w.org\/{rel}","templated":true}]}}