{"id":5165,"date":"2024-07-27T04:29:33","date_gmt":"2024-07-27T04:29:33","guid":{"rendered":"https:\/\/balibestmotorcycle.com\/?page_id=5165"},"modified":"2024-08-04T03:44:33","modified_gmt":"2024-08-04T03:44:33","slug":"les-meilleurs-endroits-pour-personnaliser-une-moto-a-bali","status":"publish","type":"page","link":"https:\/\/balibestmotorcycle.com\/fr\/les-meilleurs-endroits-pour-personnaliser-une-moto-a-bali","title":{"rendered":"Les meilleurs endroits pour personnaliser une moto \u00e0 Bali"},"content":{"rendered":"<p><\/p><h2 class=\"wp-block-heading\"><strong>1. Bali meilleures motos<\/strong><\/h2><p><strong>Localisation :<\/strong>&nbsp;&nbsp;Gg. Toti, Padangsambian Klod, Kec. Denpasar Bar., Bali, 80361<\/p><p>Bali Best Motorcycles est le joyau des magasins de v\u00e9los personnalis\u00e9s de l&rsquo;\u00eele. Leurs artisans qualifi\u00e9s allient charme vintage et sophistication moderne, cr\u00e9ant des man\u00e8ges uniques qui font tourner les t\u00eates. Que vous recherchiez un caf\u00e9 racer, un bobber ou un chopper, ils ont ce qu&rsquo;il vous faut. L\u2019attrait d\u2019un design intemporel et le frisson de la route convergent ici.<\/p><h2 class=\"wp-block-heading\"><strong>2. Motos MalaMadre<\/strong><\/h2><p><strong>Lieu :<\/strong>&nbsp;&nbsp;Jalan Pantai Berawa, Canggu, Bali&nbsp;&nbsp;<strong>Adresse :<\/strong>&nbsp;&nbsp;Echo Beach, Canggu, Badung Regency, Bali, Indon\u00e9sie<\/p><p>MalaMadre Motorcycles est plus qu&rsquo;un atelier ; c&rsquo;est un sanctuaire pour les passionn\u00e9s. Cr\u00e9\u00e9s en 2015, ils ont personnalis\u00e9 pr\u00e8s de 150 motos dans le monde. De New York \u00e0 Sydney, leurs v\u00e9los captivent les cyclistes par leur style et leurs performances. Chaque construction raconte une histoire, m\u00e9ticuleusement con\u00e7ue par des artisans passionn\u00e9s. Louez l&rsquo;un de leurs chefs-d&rsquo;\u0153uvre originaux et explorez Bali d&rsquo;une toute nouvelle mani\u00e8re.<\/p><h2 class=\"wp-block-heading\"><strong>3. Garage personnalis\u00e9 Alpha<\/strong><\/h2><p><strong>Localisation :<\/strong>&nbsp;&nbsp;Bas\u00e9 \u00e0 Bali (R\u00e9servation en ligne)&nbsp;&nbsp;<strong>Livraison :<\/strong>&nbsp;&nbsp;Directement \u00e0 votre h\u00f4tel<\/p><p>Alpha Custom Garage offre une exp\u00e9rience en ligne transparente. Choisissez parmi leurs meilleurs v\u00e9los personnalis\u00e9s \u00e0 louer \u00e0 Bali. Que vous naviguiez \u00e0 travers des rizi\u00e8res en terrasses ou exploriez des plages cach\u00e9es, ces v\u00e9los offrent \u00e0 la fois style et fonctionnalit\u00e9. R\u00e9servez en ligne et ils vous livreront le trajet de vos r\u00eaves directement devant la porte de votre h\u00f4tel.<\/p><p>N&rsquo;oubliez pas que ces magasins ne concernent pas uniquement les motos ; il s&rsquo;agit d&#8217;embrasser l&rsquo;esprit d&rsquo;aventure. Alors pr\u00e9parez-vous, prenez la route et laissez la beaut\u00e9 des paysages de Bali \u00eatre votre toile de fond !<img decoding=\"async\" src=\"https:\/\/s.w.org\/images\/core\/emoji\/15.0.3\/svg\/1f334.svg\" alt=\"\ud83c\udf34\" style=\"width: 20px;\" title=\"\"><img decoding=\"async\" src=\"https:\/\/s.w.org\/images\/core\/emoji\/15.0.3\/svg\/1f6f5.svg\" alt=\"\ud83d\udef5\" style=\"width: 20px;\" title=\"\"><\/p>","protected":false},"excerpt":{"rendered":"<p>1. Bali meilleures motos Localisation :&nbsp;&nbsp;Gg. Toti, Padangsambian Klod, Kec. Denpasar Bar., Bali, 80361 Bali Best Motorcycles est le joyau des magasins de v\u00e9los personnalis\u00e9s de l&rsquo;\u00eele. Leurs artisans qualifi\u00e9s allient charme vintage et sophistication moderne, cr\u00e9ant des man\u00e8ges uniques qui font tourner les t\u00eates. Que vous recherchiez un caf\u00e9 racer, un bobber ou un&hellip;&nbsp;<a href=\"https:\/\/balibestmotorcycle.com\/fr\/les-meilleurs-endroits-pour-personnaliser-une-moto-a-bali\" class=\"\" rel=\"bookmark\">Lire la suite &raquo;<span class=\"screen-reader-text\">Les meilleurs endroits pour personnaliser une moto \u00e0 Bali<\/span><\/a><\/p>\n","protected":false},"author":1,"featured_media":0,"parent":0,"menu_order":0,"comment_status":"closed","ping_status":"closed","template":"","meta":{"neve_meta_sidebar":"","neve_meta_container":"","neve_meta_enable_content_width":"","neve_meta_content_width":0,"neve_meta_title_alignment":"","neve_meta_author_avatar":"","neve_post_elements_order":"","neve_meta_disable_header":"","neve_meta_disable_footer":"","neve_meta_disable_title":"","_ti_tpc_template_sync":false,"_ti_tpc_template_id":"","footnotes":""},"class_list":["post-5165","page","type-page","status-publish","hentry"],"_links":{"self":[{"href":"https:\/\/balibestmotorcycle.com\/fr\/wp-json\/wp\/v2\/pages\/5165","targetHints":{"allow":["GET"]}}],"collection":[{"href":"https:\/\/balibestmotorcycle.com\/fr\/wp-json\/wp\/v2\/pages"}],"about":[{"href":"https:\/\/balibestmotorcycle.com\/fr\/wp-json\/wp\/v2\/types\/page"}],"author":[{"embeddable":true,"href":"https:\/\/balibestmotorcycle.com\/fr\/wp-json\/wp\/v2\/users\/1"}],"replies":[{"embeddable":true,"href":"https:\/\/balibestmotorcycle.com\/fr\/wp-json\/wp\/v2\/comments?post=5165"}],"version-history":[{"count":1,"href":"https:\/\/balibestmotorcycle.com\/fr\/wp-json\/wp\/v2\/pages\/5165\/revisions"}],"predecessor-version":[{"id":5166,"href":"https:\/\/balibestmotorcycle.com\/fr\/wp-json\/wp\/v2\/pages\/5165\/revisions\/5166"}],"wp:attachment":[{"href":"https:\/\/balibestmotorcycle.com\/fr\/wp-json\/wp\/v2\/media?parent=5165"}],"curies":[{"name":"wp","href":"https:\/\/api.w.org\/{rel}","templated":true}]}}