{"id":5135,"date":"2024-07-27T03:16:43","date_gmt":"2024-07-27T03:16:43","guid":{"rendered":"https:\/\/balibestmotorcycle.com\/?page_id=5135"},"modified":"2024-08-02T13:31:29","modified_gmt":"2024-08-02T13:31:29","slug":"louer-un-camping-car-volkswagen-combi-a-bali","status":"publish","type":"page","link":"https:\/\/balibestmotorcycle.com\/fr\/louer-un-camping-car-volkswagen-combi-a-bali","title":{"rendered":"Louer un camping-car Volkswagen Combi \u00e0 Bali"},"content":{"rendered":"<p><\/p><h2 class=\"wp-block-heading\">Bref historique<\/h2><p>L\u2019embl\u00e9matique Volkswagen Type 2, affectueusement surnomm\u00e9e \u00ab Combi \u00bb ou \u00ab Kombi \u00bb, a une riche histoire. Introduit en 1950, il est devenu un symbole de libert\u00e9, d&rsquo;aventure et de contre-culture. Voici un aper\u00e7u de son pass\u00e9 :<\/p><ul class=\"wp-block-list\"><li><strong>Origines<\/strong>\u00a0: L&rsquo;importateur n\u00e9erlandais de Volkswagen, Ben Pon, a conceptualis\u00e9 le design du T2, d\u00e9pla\u00e7ant le conducteur vers l&rsquo;avant et cr\u00e9ant un espace de rangement allong\u00e9 \u00e0 l&rsquo;arri\u00e8re.<\/li>\n\n<li><strong>Evolution<\/strong>\u00a0: Des fourgons \u00e0 pare-brise divis\u00e9 des ann\u00e9es 1950 aux mod\u00e8les bien-aim\u00e9s \u00e0 baies vitr\u00e9es des ann\u00e9es 1960, le Combi a \u00e9volu\u00e9. Son charme carr\u00e9 s&rsquo;est transform\u00e9 en une forme de corps plus ronde que nous reconnaissons aujourd&rsquo;hui.<\/li>\n\n<li><strong>Hippie Era<\/strong>\u00a0: Au cours des ann\u00e9es 1960, le Combi est devenu synonyme du mouvement hippie, orn\u00e9 de peintures vibrantes et transportant les esprits libres \u00e0 travers le monde.<\/li><\/ul><h2 class=\"wp-block-heading\"><strong>Sp\u00e9cifications du camping-car Volkswagen Combi<\/strong><\/h2><ul class=\"wp-block-list\"><li><strong>Moteur<\/strong>\u00a0: Le Combi est g\u00e9n\u00e9ralement \u00e9quip\u00e9 d&rsquo;un moteur boxer refroidi par air, avec des variations au fil des ans.<\/li>\n\n<li><strong>Dimensions<\/strong>\u00a0:<ul class=\"wp-block-list\"><li>Empattement : varie selon le mod\u00e8le (par exemple, 2 461 mm pour certaines versions).<\/li>\n\n<li>Longueur : environ 4 569 mm.<\/li>\n\n<li>Largeur\u00a0: environ 1\u00a0844\u00a0mm.<\/li>\n\n<li>Hauteur\u00a0: varie de 1\u00a0735\u00a0mm \u00e0 2\u00a0085\u00a0mm.<\/li><\/ul><\/li>\n\n<li><strong>Capacit\u00e9<\/strong>\u00a0: Peut accueillir confortablement cinq adultes.<\/li>\n\n<li><strong>Caract\u00e9ristiques<\/strong>\u00a0: Equip\u00e9e du WiFi, de la climatisation, d&rsquo;excellents syst\u00e8mes audio et m\u00eame d&rsquo;un minibar t\u00e9l\u00e9command\u00e9.<\/li><\/ul><h2 class=\"wp-block-heading\"><strong>Application et utilisation \u00e0 Bali<\/strong><\/h2><ol class=\"wp-block-list\"><li><strong>Bali VW Combi Safaris<\/strong>\u00a0:<ul class=\"wp-block-list\"><li>D\u00e9couvrez les plages, les bars et les temples de Bali avec style. Montez \u00e0 bord d&rsquo;une limousine VW Kombi 1980 personnalis\u00e9e avec WiFi, climatisation et syst\u00e8me audio en plein essor. Explorez des tr\u00e9sors cach\u00e9s et des sites culturels tout en canalisant votre hippie int\u00e9rieur.<img decoding=\"async\" src=\"https:\/\/s.w.org\/images\/core\/emoji\/15.0.3\/svg\/1f31f.svg\" alt=\"\ud83c\udf1f\" style=\"width: 20px;\" title=\"\"><\/li>\n\n<li><strong>Cocktail Safari<\/strong>\u00a0: sirotez des cocktails dans quatre grands bars, visitez quatre plages pittoresques et explorez un temple unique, le tout en une journ\u00e9e inoubliable\u00a0!<\/li><\/ul><\/li><\/ol>","protected":false},"excerpt":{"rendered":"<p>Bref historique L\u2019embl\u00e9matique Volkswagen Type 2, affectueusement surnomm\u00e9e \u00ab Combi \u00bb ou \u00ab Kombi \u00bb, a une riche histoire. Introduit en 1950, il est devenu un symbole de libert\u00e9, d&rsquo;aventure et de contre-culture. Voici un aper\u00e7u de son pass\u00e9 : Sp\u00e9cifications du camping-car Volkswagen Combi Application et utilisation \u00e0 Bali<\/p>\n","protected":false},"author":1,"featured_media":0,"parent":0,"menu_order":0,"comment_status":"closed","ping_status":"closed","template":"","meta":{"neve_meta_sidebar":"","neve_meta_container":"","neve_meta_enable_content_width":"","neve_meta_content_width":0,"neve_meta_title_alignment":"","neve_meta_author_avatar":"","neve_post_elements_order":"","neve_meta_disable_header":"","neve_meta_disable_footer":"","neve_meta_disable_title":"","_ti_tpc_template_sync":false,"_ti_tpc_template_id":"","footnotes":""},"class_list":["post-5135","page","type-page","status-publish","hentry"],"_links":{"self":[{"href":"https:\/\/balibestmotorcycle.com\/fr\/wp-json\/wp\/v2\/pages\/5135","targetHints":{"allow":["GET"]}}],"collection":[{"href":"https:\/\/balibestmotorcycle.com\/fr\/wp-json\/wp\/v2\/pages"}],"about":[{"href":"https:\/\/balibestmotorcycle.com\/fr\/wp-json\/wp\/v2\/types\/page"}],"author":[{"embeddable":true,"href":"https:\/\/balibestmotorcycle.com\/fr\/wp-json\/wp\/v2\/users\/1"}],"replies":[{"embeddable":true,"href":"https:\/\/balibestmotorcycle.com\/fr\/wp-json\/wp\/v2\/comments?post=5135"}],"version-history":[{"count":1,"href":"https:\/\/balibestmotorcycle.com\/fr\/wp-json\/wp\/v2\/pages\/5135\/revisions"}],"predecessor-version":[{"id":5136,"href":"https:\/\/balibestmotorcycle.com\/fr\/wp-json\/wp\/v2\/pages\/5135\/revisions\/5136"}],"wp:attachment":[{"href":"https:\/\/balibestmotorcycle.com\/fr\/wp-json\/wp\/v2\/media?parent=5135"}],"curies":[{"name":"wp","href":"https:\/\/api.w.org\/{rel}","templated":true}]}}