{"id":5127,"date":"2024-07-26T15:32:10","date_gmt":"2024-07-26T07:32:10","guid":{"rendered":"https:\/\/balibestmotorcycle.com\/?page_id=5127"},"modified":"2024-08-02T10:20:28","modified_gmt":"2024-08-02T10:20:28","slug":"louer-une-vespa-a-bali-une-icone-intemporelle","status":"publish","type":"page","link":"https:\/\/balibestmotorcycle.com\/fr\/louer-une-vespa-a-bali-une-icone-intemporelle","title":{"rendered":"Louer une Vespa \u00e0 Bali : une ic\u00f4ne intemporelle"},"content":{"rendered":"<p><\/p><h3 class=\"wp-block-heading\">Histoire<\/h3><p>Il y a soixante-quinze ans, le tout premier scooter Vespa sortait des d\u00e9combres de l\u2019Italie de l\u2019apr\u00e8s-Seconde Guerre mondiale. Con\u00e7ue par Corradino D&rsquo;Ascanio, un ing\u00e9nieur qui n&rsquo;aime pas les motos, la Vespa a \u00e9t\u00e9 produite par Piaggio, une compagnie a\u00e9ronautique qui avait \u00e9t\u00e9 interdite de fabriquer des avions en raison des destructions de guerre. Le prototype, connu sous le nom de MP5, a d&rsquo;abord suscit\u00e9 le scepticisme, mais est rapidement devenu une sensation mondiale. Son design \u00e0 \u00ab taille pinc\u00e9e \u00bb lui a valu le surnom de \u00ab Paperino \u00bb (en italien pour Donald Duck), et Enrico Piaggio ne se doutait pas qu&rsquo;il allait transformer le monde.<\/p><h3 class=\"wp-block-heading\">Caract\u00e9ristiques<\/h3><p>Les mod\u00e8les Vespa ont \u00e9volu\u00e9 au fil du temps, depuis l&rsquo;original de 98 cm3 jusqu&rsquo;aux versions modernes. Voici quelques sp\u00e9cifications cl\u00e9s&nbsp;:<\/p><ul class=\"wp-block-list\"><li><strong>Vespa S125 Jaune<\/strong>\u00a0: Un scooter 125cc au design intemporel et aux balades fluides.<\/li>\n\n<li><strong>Vespa Primavera Tosca<\/strong>\u00a0: Un scooter 150cc de 2023, parfait pour d\u00e9couvrir Bali.<\/li>\n\n<li><strong>Vespa Sprint S-125<\/strong>\u00a0: Une autre option 125cc, disponible en jaune et bleu.<\/li>\n\n<li><strong>Vespa Primavera 150 Green Relax<\/strong>\u00a0: Une beaut\u00e9 vert menthe, id\u00e9ale pour naviguer sur l&rsquo;\u00eele.<\/li><\/ul><h3 class=\"wp-block-heading\">Candidature \u00e0 Bali<\/h3><p>Les scooters Vespa sont plus que de simples v\u00e9hicules ; c&rsquo;est un style de vie. \u00c0 Bali, ils offrent une mani\u00e8re charmante d&rsquo;explorer la beaut\u00e9 de l&rsquo;\u00eele. Imaginez-vous parcourir des rizi\u00e8res en terrasses, des routes c\u00f4ti\u00e8res et des march\u00e9s anim\u00e9s, tout en profitant de la brise chaude. Les locations de Vespa sont pratiques, avec des services de livraison et de ramassage disponibles. Que vous soyez touriste ou local, Vespa est synonyme de libert\u00e9 et de style \u00e0 Bali<\/p>","protected":false},"excerpt":{"rendered":"<p>Histoire Il y a soixante-quinze ans, le tout premier scooter Vespa sortait des d\u00e9combres de l\u2019Italie de l\u2019apr\u00e8s-Seconde Guerre mondiale. Con\u00e7ue par Corradino D&rsquo;Ascanio, un ing\u00e9nieur qui n&rsquo;aime pas les motos, la Vespa a \u00e9t\u00e9 produite par Piaggio, une compagnie a\u00e9ronautique qui avait \u00e9t\u00e9 interdite de fabriquer des avions en raison des destructions de guerre.&hellip;&nbsp;<a href=\"https:\/\/balibestmotorcycle.com\/fr\/louer-une-vespa-a-bali-une-icone-intemporelle\" class=\"\" rel=\"bookmark\">Lire la suite &raquo;<span class=\"screen-reader-text\">Louer une Vespa \u00e0 Bali : une ic\u00f4ne intemporelle<\/span><\/a><\/p>\n","protected":false},"author":1,"featured_media":0,"parent":0,"menu_order":0,"comment_status":"closed","ping_status":"closed","template":"","meta":{"neve_meta_sidebar":"","neve_meta_container":"","neve_meta_enable_content_width":"","neve_meta_content_width":0,"neve_meta_title_alignment":"","neve_meta_author_avatar":"","neve_post_elements_order":"","neve_meta_disable_header":"","neve_meta_disable_footer":"","neve_meta_disable_title":"","_ti_tpc_template_sync":false,"_ti_tpc_template_id":"","footnotes":""},"class_list":["post-5127","page","type-page","status-publish","hentry"],"_links":{"self":[{"href":"https:\/\/balibestmotorcycle.com\/fr\/wp-json\/wp\/v2\/pages\/5127","targetHints":{"allow":["GET"]}}],"collection":[{"href":"https:\/\/balibestmotorcycle.com\/fr\/wp-json\/wp\/v2\/pages"}],"about":[{"href":"https:\/\/balibestmotorcycle.com\/fr\/wp-json\/wp\/v2\/types\/page"}],"author":[{"embeddable":true,"href":"https:\/\/balibestmotorcycle.com\/fr\/wp-json\/wp\/v2\/users\/1"}],"replies":[{"embeddable":true,"href":"https:\/\/balibestmotorcycle.com\/fr\/wp-json\/wp\/v2\/comments?post=5127"}],"version-history":[{"count":1,"href":"https:\/\/balibestmotorcycle.com\/fr\/wp-json\/wp\/v2\/pages\/5127\/revisions"}],"predecessor-version":[{"id":5128,"href":"https:\/\/balibestmotorcycle.com\/fr\/wp-json\/wp\/v2\/pages\/5127\/revisions\/5128"}],"wp:attachment":[{"href":"https:\/\/balibestmotorcycle.com\/fr\/wp-json\/wp\/v2\/media?parent=5127"}],"curies":[{"name":"wp","href":"https:\/\/api.w.org\/{rel}","templated":true}]}}