{"id":5097,"date":"2024-07-27T03:21:38","date_gmt":"2024-07-27T03:21:38","guid":{"rendered":"https:\/\/balibestmotorcycle.com\/?page_id=5097"},"modified":"2024-08-02T09:57:25","modified_gmt":"2024-08-02T09:57:25","slug":"louez-un-camping-car-daihatsu-gran-max-a-bali-un-parfait-compagnon-insulaire","status":"publish","type":"page","link":"https:\/\/balibestmotorcycle.com\/fr\/louez-un-camping-car-daihatsu-gran-max-a-bali-un-parfait-compagnon-insulaire","title":{"rendered":"Louez un camping-car Daihatsu Gran Max \u00e0 Bali : un parfait compagnon insulaire"},"content":{"rendered":"<p><\/p><h3 class=\"wp-block-heading\"><strong>Historique et aper\u00e7u de la voiture<\/strong><\/h3><p>Le&nbsp;&nbsp;<strong>Daihatsu Gran Max<\/strong>&nbsp;&nbsp;est un v\u00e9hicule utilitaire l\u00e9ger polyvalent produit par le constructeur automobile japonais Daihatsu depuis fin 2007. Il est \u00e9galement rebaptis\u00e9 Toyota&nbsp;&nbsp;<strong>LiteAce<\/strong>&nbsp;&nbsp;et&nbsp;&nbsp;<strong>Toyota TownAce<\/strong>&nbsp;&nbsp;depuis 2008, et&nbsp;&nbsp;<strong>Mazda Bongo<\/strong>&nbsp;&nbsp;au Japon depuis 2020. D\u00e9velopp\u00e9 sous la direction de l&rsquo;ing\u00e9nieur en chef. Masaharu Tezeni, le Gran Max a remplac\u00e9 le Zebra Espass vieillissant en Indon\u00e9sie et le Perodua Rusa en Malaisie.<\/p><h3 class=\"wp-block-heading\"><strong>Caract\u00e9ristiques<\/strong><\/h3><ul class=\"wp-block-list\"><li><strong>Moteur<\/strong>\u00a0: Le Gran Max est propuls\u00e9 par un moteur 1,5 L 3SZ-VE 4 cylindres DACT 16 soupapes avec technologie DVVT, offrant des r\u00e9gimes \u00e9lev\u00e9s et une puissance efficace.<\/li>\n\n<li><strong>Transmission<\/strong>\u00a0: Disponible avec les transmissions manuelles et automatiques.<\/li>\n\n<li><strong>Dimensions<\/strong>\u00a0:<ul class=\"wp-block-list\"><li>Longueur\u00a0: 4\u00a0045 \u00e0 4\u00a0065 mm (cargo\/fourgon) | 4 195 \u00e0 4 295 mm (camion\/pick-up)<\/li>\n\n<li>Largeur : 1 665 mm (Cargo\/Van) | 1\u00a0665\u20131\u00a0675 mm (camion\/pick-up)<\/li>\n\n<li>Hauteur : 1\u00a0900\u20131\u00a0930 mm (cargo\/fourgon) | 1\u00a0850 \u00e0 2\u00a0070 mm (camion\/pick-up)<\/li>\n\n<li>Garde au sol : 165 mm (Cargo\/Van) | 175 mm (camion\/pick-up)<\/li><\/ul><\/li><\/ul><h3 class=\"wp-block-heading\"><strong>Candidature \u00e0 Bali<\/strong><\/h3><p>Le Gran Max est un choix id\u00e9al pour le terrain diversifi\u00e9 et le style de vie dynamique de Bali&nbsp;:<\/p><ul class=\"wp-block-list\"><li><strong>Tourisme<\/strong>\u00a0: Explorez les joyaux cach\u00e9s de Bali, des plages immacul\u00e9es aux rizi\u00e8res luxuriantes, avec le Gran Max comme fid\u00e8le compagnon.<\/li>\n\n<li><strong>Aventures de surf<\/strong>\u00a0: chargez vos planches et partez \u00e0 l&rsquo;assaut des vagues\u00a0: la cabine arri\u00e8re spacieuse peut accueillir votre \u00e9quipement.<\/li>\n\n<li><strong>Island Hopping<\/strong>\u00a0: D\u00e9couvrez des for\u00eats enchanteresses, des plages magiques et rencontrez les magnifiques habitants de Bali.<\/li>\n\n<li><strong>Tourisme r\u00e9g\u00e9n\u00e9ratif<\/strong>\u00a0: Daihatsu contribue au d\u00e9veloppement local, en promouvant la durabilit\u00e9 et en soutenant les communaut\u00e9s locales.<\/li><\/ul>","protected":false},"excerpt":{"rendered":"<p>Historique et aper\u00e7u de la voiture Le&nbsp;&nbsp;Daihatsu Gran Max&nbsp;&nbsp;est un v\u00e9hicule utilitaire l\u00e9ger polyvalent produit par le constructeur automobile japonais Daihatsu depuis fin 2007. Il est \u00e9galement rebaptis\u00e9 Toyota&nbsp;&nbsp;LiteAce&nbsp;&nbsp;et&nbsp;&nbsp;Toyota TownAce&nbsp;&nbsp;depuis 2008, et&nbsp;&nbsp;Mazda Bongo&nbsp;&nbsp;au Japon depuis 2020. D\u00e9velopp\u00e9 sous la direction de l&rsquo;ing\u00e9nieur en chef. Masaharu Tezeni, le Gran Max a remplac\u00e9 le Zebra Espass vieillissant&hellip;&nbsp;<a href=\"https:\/\/balibestmotorcycle.com\/fr\/louez-un-camping-car-daihatsu-gran-max-a-bali-un-parfait-compagnon-insulaire\" class=\"\" rel=\"bookmark\">Lire la suite &raquo;<span class=\"screen-reader-text\">Louez un camping-car Daihatsu Gran Max \u00e0 Bali : un parfait compagnon insulaire<\/span><\/a><\/p>\n","protected":false},"author":1,"featured_media":0,"parent":0,"menu_order":0,"comment_status":"closed","ping_status":"closed","template":"","meta":{"neve_meta_sidebar":"","neve_meta_container":"","neve_meta_enable_content_width":"","neve_meta_content_width":0,"neve_meta_title_alignment":"","neve_meta_author_avatar":"","neve_post_elements_order":"","neve_meta_disable_header":"","neve_meta_disable_footer":"","neve_meta_disable_title":"","_ti_tpc_template_sync":false,"_ti_tpc_template_id":"","footnotes":""},"class_list":["post-5097","page","type-page","status-publish","hentry"],"_links":{"self":[{"href":"https:\/\/balibestmotorcycle.com\/fr\/wp-json\/wp\/v2\/pages\/5097","targetHints":{"allow":["GET"]}}],"collection":[{"href":"https:\/\/balibestmotorcycle.com\/fr\/wp-json\/wp\/v2\/pages"}],"about":[{"href":"https:\/\/balibestmotorcycle.com\/fr\/wp-json\/wp\/v2\/types\/page"}],"author":[{"embeddable":true,"href":"https:\/\/balibestmotorcycle.com\/fr\/wp-json\/wp\/v2\/users\/1"}],"replies":[{"embeddable":true,"href":"https:\/\/balibestmotorcycle.com\/fr\/wp-json\/wp\/v2\/comments?post=5097"}],"version-history":[{"count":1,"href":"https:\/\/balibestmotorcycle.com\/fr\/wp-json\/wp\/v2\/pages\/5097\/revisions"}],"predecessor-version":[{"id":5098,"href":"https:\/\/balibestmotorcycle.com\/fr\/wp-json\/wp\/v2\/pages\/5097\/revisions\/5098"}],"wp:attachment":[{"href":"https:\/\/balibestmotorcycle.com\/fr\/wp-json\/wp\/v2\/media?parent=5097"}],"curies":[{"name":"wp","href":"https:\/\/api.w.org\/{rel}","templated":true}]}}