{"id":5053,"date":"2024-07-27T04:08:46","date_gmt":"2024-07-27T04:08:46","guid":{"rendered":"https:\/\/balibestmotorcycle.com\/?page_id=5053"},"modified":"2024-08-02T08:12:23","modified_gmt":"2024-08-02T08:12:23","slug":"balade-en-moto-aller-simple-de-bali-a-surakarta","status":"publish","type":"page","link":"https:\/\/balibestmotorcycle.com\/fr\/balade-en-moto-aller-simple-de-bali-a-surakarta","title":{"rendered":"Balade en moto aller simple de Bali \u00e0 Surakarta"},"content":{"rendered":"<p><\/p><h3 class=\"wp-block-heading\"><strong>Introduction<\/strong><\/h3><p>Bali, l&rsquo;\u00eele des Dieux, est r\u00e9put\u00e9e pour ses superbes plages, sa culture dynamique et sa verdure luxuriante. Mais au-del\u00e0 des hauts lieux touristiques se trouve un itin\u00e9raire moto \u00e9pique qui vous emm\u00e8ne de la beaut\u00e9 c\u00f4ti\u00e8re de Bali au c\u0153ur de Java. Attachez votre ceinture, faites tourner votre moteur et explorons la route la moins fr\u00e9quent\u00e9e&nbsp;!<\/p><h3 class=\"wp-block-heading\"><strong>La route<\/strong><\/h3><p>Notre voyage commence \u00e0 Bali, o\u00f9 vous pouvez louer une moto (Yamaha Scorpio 225, Yamaha Nmax 155 ou Honda Vario 125) aupr\u00e8s d&rsquo;agents de confiance. Ces v\u00e9los sont \u00e9quip\u00e9s de porte-bagages polyvalents, de chargeurs USB et de supports GPS. N\u00e9gociez les co\u00fbts d\u00e8s le d\u00e9part, garantissant ainsi un trajet en douceur.<\/p><ol class=\"wp-block-list\"><li><strong>Bali aux rizi\u00e8res en terrasses de Jatiluwih (environ 60 miles)<\/strong><ul class=\"wp-block-list\"><li>Partez de Canggu et dirigez-vous vers le nord jusqu&rsquo;aux rizi\u00e8res de Jatiluwih, class\u00e9es au patrimoine mondial de l&rsquo;UNESCO. Les routes sinueuses traversent des villages traditionnels, o\u00f9 vous attendent des temples hindous et des singes effront\u00e9s.<\/li>\n\n<li>Astuce\u00a0: capturez les rizi\u00e8res vert \u00e9meraude avec en toile de fond le mont Batukaru.<\/li><\/ul><\/li>\n\n<li><strong>Voyage \u00e0 Belimbing (environ 80 miles)<\/strong><ul class=\"wp-block-list\"><li>Continuez vers l&rsquo;ouest jusqu&rsquo;\u00e0 Belimbing, nich\u00e9 sur les pentes du mont Batukaru. Attendez-vous \u00e0 des for\u00eats tropicales luxuriantes, des villages pittoresques et des vues \u00e0 couper le souffle.<\/li>\n\n<li>Astuce : Explorez la for\u00eat des singes de Sangeh et son ancien temple en cours de route.<\/li><\/ul><\/li>\n\n<li><strong>Bali \u00e0 Yogyakarta (Java)<\/strong><ul class=\"wp-block-list\"><li>Traversez le d\u00e9troit de Bali en ferry jusqu&rsquo;\u00e0 Java. Le trajet de Bali \u00e0 Yogyakarta offre des paysages vari\u00e9s, des sommets volcaniques \u00e0 la campagne sereine.<\/li>\n\n<li>Conseil\u00a0: visitez l&rsquo;impressionnant temple de Borobudur, pr\u00e8s de Yogyakarta.<\/li><\/ul><\/li><\/ol><h3 class=\"wp-block-heading\"><strong>Lignes directrices pour le trajet<\/strong><\/h3><ul class=\"wp-block-list\"><li><strong>M\u00e9t\u00e9o et terrain<\/strong>\u00a0: Le climat tropical de Bali signifie des pluies occasionnelles, alors emportez une veste de pluie l\u00e9g\u00e8re. Les routes varient de l&rsquo;asphalte lisse aux pistes cahoteuses : pr\u00e9parez-vous aux deux.<\/li>\n\n<li><strong>La s\u00e9curit\u00e9 d&rsquo;abord<\/strong>\u00a0: portez un casque, un \u00e9quipement de protection et roulez de mani\u00e8re d\u00e9fensive. La circulation peut \u00eatre chaotique, surtout dans les zones urbaines.<\/li>\n\n<li><strong>Arr\u00eats de ravitaillement<\/strong>\u00a0: pr\u00e9voyez des arr\u00eats de ravitaillement en cours de route, car certains tron\u00e7ons sont \u00e9loign\u00e9s.<\/li>\n\n<li><strong>Cuisine locale<\/strong>\u00a0: Savourez des sp\u00e9cialit\u00e9s balinaises et javanaises dans les warungs (petits restaurants) en bord de route.<\/li><\/ul><h3 class=\"wp-block-heading\"><strong>Des endroits incroyables le long du chemin<\/strong><\/h3><ol class=\"wp-block-list\"><li><strong>Rizi\u00e8res en terrasses de Jatiluwih<\/strong>\u00a0: capturez des photos dignes d&rsquo;Instagram de rizi\u00e8res en terrasses.<\/li>\n\n<li><strong>Belimbing<\/strong>\u00a0: Explorez les for\u00eats tropicales luxuriantes et profitez de l&rsquo;hospitalit\u00e9 locale.<\/li>\n\n<li><strong>Temple de Borobudur<\/strong>\u00a0: \u00c9merveillez-vous devant le plus grand complexe de temples bouddhistes au monde.<\/li>\n\n<li><strong>Plage de Nyang Nyang<\/strong>\u00a0: Faites un d\u00e9tour par cette plage immacul\u00e9e aux eaux turquoise.<\/li><\/ol><h3 class=\"wp-block-heading\"><strong>Conclusion<\/strong><\/h3><p>La balade en moto de Bali \u00e0 Surakarta n&rsquo;est pas seulement un voyage ; c&rsquo;est une aventure grav\u00e9e dans les m\u00e9moires. Alors, acc\u00e9l\u00e9rez, sentez le vent dans vos cheveux et laissez-vous guider par la route.<img decoding=\"async\" src=\"https:\/\/s.w.org\/images\/core\/emoji\/15.0.3\/svg\/1f31f.svg\" alt=\"\ud83c\udf1f\" style=\"width: 20px;\" title=\"\"><img decoding=\"async\" src=\"https:\/\/s.w.org\/images\/core\/emoji\/15.0.3\/svg\/1f3cd.svg\" alt=\"\ud83c\udfcd\ufe0f\" style=\"width: 20px;\" title=\"\"><\/p><p>N&rsquo;oubliez pas qu&rsquo;il ne s&rsquo;agit pas de destination\u00a0; il s&rsquo;agit du trajet lui-m\u00eame\u00a0!<img decoding=\"async\" src=\"https:\/\/s.w.org\/images\/core\/emoji\/15.0.3\/svg\/1f304.svg\" alt=\"\ud83c\udf04\" style=\"width: 20px;\" title=\"\"><img decoding=\"async\" src=\"https:\/\/s.w.org\/images\/core\/emoji\/15.0.3\/svg\/2728.svg\" alt=\"\u2728\" style=\"width: 20px;\" title=\"\"><\/p>","protected":false},"excerpt":{"rendered":"<p>Introduction Bali, l&rsquo;\u00eele des Dieux, est r\u00e9put\u00e9e pour ses superbes plages, sa culture dynamique et sa verdure luxuriante. Mais au-del\u00e0 des hauts lieux touristiques se trouve un itin\u00e9raire moto \u00e9pique qui vous emm\u00e8ne de la beaut\u00e9 c\u00f4ti\u00e8re de Bali au c\u0153ur de Java. Attachez votre ceinture, faites tourner votre moteur et explorons la route la&hellip;&nbsp;<a href=\"https:\/\/balibestmotorcycle.com\/fr\/balade-en-moto-aller-simple-de-bali-a-surakarta\" class=\"\" rel=\"bookmark\">Lire la suite &raquo;<span class=\"screen-reader-text\">Balade en moto aller simple de Bali \u00e0 Surakarta<\/span><\/a><\/p>\n","protected":false},"author":1,"featured_media":0,"parent":0,"menu_order":0,"comment_status":"closed","ping_status":"closed","template":"","meta":{"neve_meta_sidebar":"","neve_meta_container":"","neve_meta_enable_content_width":"","neve_meta_content_width":0,"neve_meta_title_alignment":"","neve_meta_author_avatar":"","neve_post_elements_order":"","neve_meta_disable_header":"","neve_meta_disable_footer":"","neve_meta_disable_title":"","_ti_tpc_template_sync":false,"_ti_tpc_template_id":"","footnotes":""},"class_list":["post-5053","page","type-page","status-publish","hentry"],"_links":{"self":[{"href":"https:\/\/balibestmotorcycle.com\/fr\/wp-json\/wp\/v2\/pages\/5053","targetHints":{"allow":["GET"]}}],"collection":[{"href":"https:\/\/balibestmotorcycle.com\/fr\/wp-json\/wp\/v2\/pages"}],"about":[{"href":"https:\/\/balibestmotorcycle.com\/fr\/wp-json\/wp\/v2\/types\/page"}],"author":[{"embeddable":true,"href":"https:\/\/balibestmotorcycle.com\/fr\/wp-json\/wp\/v2\/users\/1"}],"replies":[{"embeddable":true,"href":"https:\/\/balibestmotorcycle.com\/fr\/wp-json\/wp\/v2\/comments?post=5053"}],"version-history":[{"count":1,"href":"https:\/\/balibestmotorcycle.com\/fr\/wp-json\/wp\/v2\/pages\/5053\/revisions"}],"predecessor-version":[{"id":5054,"href":"https:\/\/balibestmotorcycle.com\/fr\/wp-json\/wp\/v2\/pages\/5053\/revisions\/5054"}],"wp:attachment":[{"href":"https:\/\/balibestmotorcycle.com\/fr\/wp-json\/wp\/v2\/media?parent=5053"}],"curies":[{"name":"wp","href":"https:\/\/api.w.org\/{rel}","templated":true}]}}