{"id":5023,"date":"2024-07-26T14:56:31","date_gmt":"2024-07-26T06:56:31","guid":{"rendered":"https:\/\/balibestmotorcycle.com\/?page_id=5023"},"modified":"2024-08-02T07:53:33","modified_gmt":"2024-08-02T07:53:33","slug":"louer-kawasaki-klx-250-a-bali","status":"publish","type":"page","link":"https:\/\/balibestmotorcycle.com\/fr\/louer-kawasaki-klx-250-a-bali","title":{"rendered":"Louer Kawasaki KLX 250 \u00e0 Bali"},"content":{"rendered":"<p><\/p><h3 class=\"wp-block-heading\"><strong>1. Historique et aper\u00e7u de la moto<\/strong><\/h3><p>La&nbsp;&nbsp;<strong>Kawasaki KLX 250<\/strong>&nbsp;&nbsp;existe depuis 2006 et sa derni\u00e8re mise \u00e0 niveau en 2009 a solidifi\u00e9 sa r\u00e9putation de machine \u00e9prouv\u00e9e. Con\u00e7u pour les amateurs d&rsquo;aventure, ce v\u00e9lo allie puissance, acc\u00e9l\u00e9ration, \u00e9quilibre et position de conduite confortable. Sa construction l\u00e9g\u00e8re et \u00e9troite le rend facile \u00e0 manipuler, notamment pour les nouveaux pilotes. Que vous parcouriez les rues de la ville ou que vous parcouriez des sentiers hors route, le KLX 250 est pr\u00eat \u00e0 relever le d\u00e9fi.<\/p><h3 class=\"wp-block-heading\"><strong>2. Sp\u00e9cifications et fonctionnalit\u00e9s<\/strong><\/h3><ul class=\"wp-block-list\"><li><strong>Moteur<\/strong>\u00a0: Le KLX 250 est \u00e9quip\u00e9 d&rsquo;un moteur 4 temps refroidi par liquide de 249 cm3 qui d\u00e9veloppe une modeste puissance de 22 ch. Il est con\u00e7u pour offrir une puissance fluide et une fiabilit\u00e9, ce qui le rend adapt\u00e9 aussi bien aux d\u00e9butants qu&rsquo;aux pilotes exp\u00e9riment\u00e9s.<\/li>\n\n<li><strong>Suspension<\/strong>\u00a0: La suspension souple absorbe bien les bosses, la rendant confortable pour les longs trajets. Cependant, il est plus adapt\u00e9 \u00e0 une conduite tout-terrain calme qu&rsquo;\u00e0 une conduite d&rsquo;enduro agressive.<\/li>\n\n<li><strong>Pneus<\/strong>\u00a0: Les pneus \u00e0 double usage vous permettent d\u2019explorer efficacement les terrains sur route et hors route.<\/li>\n\n<li><strong>Design<\/strong>\u00a0: Avec un style enduro agressif, le KLX 250 est \u00e0 la hauteur et fonctionne admirablement.<\/li><\/ul><h3 class=\"wp-block-heading\"><strong>3. Application et utilisation<\/strong><\/h3><ul class=\"wp-block-list\"><li><strong>City Riding<\/strong>\u00a0: Man\u0153uvrez facilement dans le trafic de Bali. La construction l\u00e9g\u00e8re et le moteur r\u00e9actif du KLX 250 le rendent id\u00e9al pour les d\u00e9placements urbains.<\/li>\n\n<li><strong>Aventures hors route<\/strong>\u00a0: explorez les sentiers cach\u00e9s, les travers\u00e9es de rivi\u00e8res et les sentiers de la jungle de Bali. Les capacit\u00e9s du KLX 250 s&rsquo;\u00e9tendent au-del\u00e0 des routes pav\u00e9es.<\/li>\n\n<li><strong>Voyage longue distance<\/strong>\u00a0: Que vous visitiez Bali ou que vous embarquiez pour des voyages trans-indon\u00e9siens, le KLX 250 est un compagnon fiable. Sa robustesse lui permet de faire face aux pannes, \u00e0 l\u2019\u00e9puisement du carburant et \u00e0 divers d\u00e9fis.<\/li><\/ul>","protected":false},"excerpt":{"rendered":"<p>1. Historique et aper\u00e7u de la moto La&nbsp;&nbsp;Kawasaki KLX 250&nbsp;&nbsp;existe depuis 2006 et sa derni\u00e8re mise \u00e0 niveau en 2009 a solidifi\u00e9 sa r\u00e9putation de machine \u00e9prouv\u00e9e. Con\u00e7u pour les amateurs d&rsquo;aventure, ce v\u00e9lo allie puissance, acc\u00e9l\u00e9ration, \u00e9quilibre et position de conduite confortable. Sa construction l\u00e9g\u00e8re et \u00e9troite le rend facile \u00e0 manipuler, notamment pour&hellip;&nbsp;<a href=\"https:\/\/balibestmotorcycle.com\/fr\/louer-kawasaki-klx-250-a-bali\" class=\"\" rel=\"bookmark\">Lire la suite &raquo;<span class=\"screen-reader-text\">Louer Kawasaki KLX 250 \u00e0 Bali<\/span><\/a><\/p>\n","protected":false},"author":1,"featured_media":0,"parent":0,"menu_order":0,"comment_status":"closed","ping_status":"closed","template":"","meta":{"neve_meta_sidebar":"","neve_meta_container":"","neve_meta_enable_content_width":"","neve_meta_content_width":0,"neve_meta_title_alignment":"","neve_meta_author_avatar":"","neve_post_elements_order":"","neve_meta_disable_header":"","neve_meta_disable_footer":"","neve_meta_disable_title":"","_ti_tpc_template_sync":false,"_ti_tpc_template_id":"","footnotes":""},"class_list":["post-5023","page","type-page","status-publish","hentry"],"_links":{"self":[{"href":"https:\/\/balibestmotorcycle.com\/fr\/wp-json\/wp\/v2\/pages\/5023","targetHints":{"allow":["GET"]}}],"collection":[{"href":"https:\/\/balibestmotorcycle.com\/fr\/wp-json\/wp\/v2\/pages"}],"about":[{"href":"https:\/\/balibestmotorcycle.com\/fr\/wp-json\/wp\/v2\/types\/page"}],"author":[{"embeddable":true,"href":"https:\/\/balibestmotorcycle.com\/fr\/wp-json\/wp\/v2\/users\/1"}],"replies":[{"embeddable":true,"href":"https:\/\/balibestmotorcycle.com\/fr\/wp-json\/wp\/v2\/comments?post=5023"}],"version-history":[{"count":1,"href":"https:\/\/balibestmotorcycle.com\/fr\/wp-json\/wp\/v2\/pages\/5023\/revisions"}],"predecessor-version":[{"id":5024,"href":"https:\/\/balibestmotorcycle.com\/fr\/wp-json\/wp\/v2\/pages\/5023\/revisions\/5024"}],"wp:attachment":[{"href":"https:\/\/balibestmotorcycle.com\/fr\/wp-json\/wp\/v2\/media?parent=5023"}],"curies":[{"name":"wp","href":"https:\/\/api.w.org\/{rel}","templated":true}]}}