{"id":5004,"date":"2024-07-27T02:37:29","date_gmt":"2024-07-27T02:37:29","guid":{"rendered":"https:\/\/balibestmotorcycle.com\/?page_id=5004"},"modified":"2024-08-02T07:39:07","modified_gmt":"2024-08-02T07:39:07","slug":"louer-honda-monkey-baja-a-bali","status":"publish","type":"page","link":"https:\/\/balibestmotorcycle.com\/fr\/louer-honda-monkey-baja-a-bali","title":{"rendered":"Louer Honda Monkey Baja \u00e0 Bali"},"content":{"rendered":"<p><\/p><h2 class=\"wp-block-heading\">Une histoire br\u00e8ve<\/h2><p>Le Honda Monkey Baja est une version ludique et inspir\u00e9e du tout-terrain de l&#8217;embl\u00e9matique Honda Monkey. Ses racines remontent au l\u00e9gendaire&nbsp;&nbsp;<strong>rallye Paris-Dakar<\/strong>&nbsp;, o\u00f9 Honda a remport\u00e9 un succ\u00e8s remarquable avec son NXR750. En 1986, les concepteurs de Honda ont esquiss\u00e9 une mini-r\u00e9plique du NXR750, en l&rsquo;appelant de mani\u00e8re ludique le&nbsp;&nbsp;<strong>\u00ab Monkey Dakar \u00bb.<\/strong>&nbsp;&nbsp;Ce croquis a finalement \u00e9volu\u00e9 vers le Monkey Baja, officiellement publi\u00e9 en 1991.<\/p><h2 class=\"wp-block-heading\"><strong>Sp\u00e9cifications et fonctionnalit\u00e9s<\/strong><\/h2><ul class=\"wp-block-list\"><li><strong>Moteur :<\/strong>\u00a0\u00a0Le Monkey Baja est propuls\u00e9 par un moteur compact de 110 cm3, offrant des performances fiables pour les aventures sur route et hors route.<\/li>\n\n<li><strong>Design :<\/strong>\u00a0\u00a0Inspir\u00e9 des v\u00e9los de course tout-terrain Baja, le Monkey Baja est dot\u00e9 de phares doubles, de prot\u00e8ge-jointures et d&rsquo;un r\u00e9servoir de carburant au design \u00e9pur\u00e9. Il rend hommage \u00e0 l\u2019esprit robuste des courses dans le d\u00e9sert.<\/li>\n\n<li><strong>Poids :<\/strong>\u00a0\u00a0Pesant 59 kg (poids \u00e0 sec), le Monkey Baja est plus l\u00e9ger que le mod\u00e8le de base Monkey, ce qui le rend agile et polyvalent.<\/li>\n\n<li><strong>Capacit\u00e9 du r\u00e9servoir :<\/strong>\u00a0\u00a0Le r\u00e9servoir de carburant du Monkey Baja contient 4 litres, garantissant une \u00e9conomie de carburant lors de vos explorations \u00e0 Bali.<\/li><\/ul><h2 class=\"wp-block-heading\"><strong>Candidature \u00e0 Bali<\/strong><\/h2><ul class=\"wp-block-list\"><li><strong>Exploration :<\/strong>\u00a0\u00a0Louer une Honda Monkey Baja \u00e0 Bali vous permet d&rsquo;explorer les joyaux cach\u00e9s de l&rsquo;\u00eele, des rizi\u00e8res en terrasses luxuriantes aux plages immacul\u00e9es.<\/li>\n\n<li><strong>Facilit\u00e9 de man\u0153uvre\u00a0:<\/strong>\u00a0\u00a0sa taille compacte et ses capacit\u00e9s tout-terrain le rendent parfait pour naviguer dans les rues \u00e9troites, les sentiers sinueux et les sentiers panoramiques de Bali.<\/li>\n\n<li><strong>Immersion culturelle\u00a0:<\/strong>\u00a0\u00a0traversez des villages traditionnels, interagissez avec les habitants et d\u00e9couvrez de pr\u00e8s la riche culture de Bali.<\/li>\n\n<li><strong>Respectueux de l&rsquo;environnement\u00a0:<\/strong>\u00a0\u00a0Avec son moteur \u00e9conome en carburant, le Monkey Baja minimise l&rsquo;impact environnemental tout en maximisant l&rsquo;aventure.<\/li><\/ul>","protected":false},"excerpt":{"rendered":"<p>Une histoire br\u00e8ve Le Honda Monkey Baja est une version ludique et inspir\u00e9e du tout-terrain de l&#8217;embl\u00e9matique Honda Monkey. Ses racines remontent au l\u00e9gendaire&nbsp;&nbsp;rallye Paris-Dakar&nbsp;, o\u00f9 Honda a remport\u00e9 un succ\u00e8s remarquable avec son NXR750. En 1986, les concepteurs de Honda ont esquiss\u00e9 une mini-r\u00e9plique du NXR750, en l&rsquo;appelant de mani\u00e8re ludique le&nbsp;&nbsp;\u00ab Monkey Dakar&hellip;&nbsp;<a href=\"https:\/\/balibestmotorcycle.com\/fr\/louer-honda-monkey-baja-a-bali\" class=\"\" rel=\"bookmark\">Lire la suite &raquo;<span class=\"screen-reader-text\">Louer Honda Monkey Baja \u00e0 Bali<\/span><\/a><\/p>\n","protected":false},"author":1,"featured_media":0,"parent":0,"menu_order":0,"comment_status":"closed","ping_status":"closed","template":"","meta":{"neve_meta_sidebar":"","neve_meta_container":"","neve_meta_enable_content_width":"","neve_meta_content_width":0,"neve_meta_title_alignment":"","neve_meta_author_avatar":"","neve_post_elements_order":"","neve_meta_disable_header":"","neve_meta_disable_footer":"","neve_meta_disable_title":"","_ti_tpc_template_sync":false,"_ti_tpc_template_id":"","footnotes":""},"class_list":["post-5004","page","type-page","status-publish","hentry"],"_links":{"self":[{"href":"https:\/\/balibestmotorcycle.com\/fr\/wp-json\/wp\/v2\/pages\/5004","targetHints":{"allow":["GET"]}}],"collection":[{"href":"https:\/\/balibestmotorcycle.com\/fr\/wp-json\/wp\/v2\/pages"}],"about":[{"href":"https:\/\/balibestmotorcycle.com\/fr\/wp-json\/wp\/v2\/types\/page"}],"author":[{"embeddable":true,"href":"https:\/\/balibestmotorcycle.com\/fr\/wp-json\/wp\/v2\/users\/1"}],"replies":[{"embeddable":true,"href":"https:\/\/balibestmotorcycle.com\/fr\/wp-json\/wp\/v2\/comments?post=5004"}],"version-history":[{"count":1,"href":"https:\/\/balibestmotorcycle.com\/fr\/wp-json\/wp\/v2\/pages\/5004\/revisions"}],"predecessor-version":[{"id":5005,"href":"https:\/\/balibestmotorcycle.com\/fr\/wp-json\/wp\/v2\/pages\/5004\/revisions\/5005"}],"wp:attachment":[{"href":"https:\/\/balibestmotorcycle.com\/fr\/wp-json\/wp\/v2\/media?parent=5004"}],"curies":[{"name":"wp","href":"https:\/\/api.w.org\/{rel}","templated":true}]}}