{"id":4984,"date":"2024-07-27T02:53:37","date_gmt":"2024-07-27T02:53:37","guid":{"rendered":"https:\/\/balibestmotorcycle.com\/?page_id=4984"},"modified":"2024-08-02T07:27:27","modified_gmt":"2024-08-02T07:27:27","slug":"louer-un-honda-cub-a-bali","status":"publish","type":"page","link":"https:\/\/balibestmotorcycle.com\/fr\/louer-un-honda-cub-a-bali","title":{"rendered":"Louer un Honda Cub \u00e0 Bali"},"content":{"rendered":"<p><\/p><h3 class=\"wp-block-heading\"><strong>Histoire de la moto<\/strong><\/h3><p>Le Honda Cub, \u00e9galement connu sous le nom de Super Cub, a une riche histoire qui remonte aux ann\u00e9es 1950. Il a \u00e9t\u00e9 introduit pour la premi\u00e8re fois au Japon et est rapidement devenu un ph\u00e9nom\u00e8ne mondial. Connu pour sa fiabilit\u00e9, sa simplicit\u00e9 et son efficacit\u00e9 \u00e9nerg\u00e9tique, le Cub est l&rsquo;un des favoris des cyclistes du monde entier.<\/p><h3 class=\"wp-block-heading\"><strong>Caract\u00e9ristiques<\/strong><\/h3><ul class=\"wp-block-list\"><li><strong>Moteur<\/strong>\u00a0: Le Honda Supercub C125 est \u00e9quip\u00e9 d&rsquo;un moteur SACT 4 temps de 124 cm3 avec une configuration \u00e0 2 soupapes.<\/li>\n\n<li><strong>Transmission<\/strong>\u00a0: Il est livr\u00e9 avec une transmission manuelle \u00e0 4 vitesses.<\/li>\n\n<li><strong>Puissance maximale<\/strong>\u00a0: produisant 7,2 kW (9,5 BHP) \u00e0 7 500 tr\/min.<\/li>\n\n<li><strong>Couple maximum<\/strong>\u00a0: 10,4 Nm \u00e0 6 250 tr\/min.<\/li>\n\n<li><strong>Type de d\u00e9marreur<\/strong>\u00a0: D\u00e9marrage \u00e9lectrique.<\/li>\n\n<li><strong>Type de cadre<\/strong>\u00a0: Cadre en acier.<\/li>\n\n<li><strong>Suspension<\/strong>\u00a0: Suspension avant t\u00e9lescopique et suspension arri\u00e8re jumel\u00e9e.<\/li>\n\n<li><strong>Pneus<\/strong>\u00a0: Taille du pneu avant 70\/90-17 M\/C 38P (Tubeless), taille du pneu arri\u00e8re 80\/90-17 M\/C 50P (Tubeless).<\/li>\n\n<li><strong>Capacit\u00e9 du r\u00e9servoir de carburant<\/strong>\u00a0: 3,7 litres.<\/li>\n\n<li><strong>Poids<\/strong>\u00a0: Poids \u00e0 vide de 110 kg.<\/li><\/ul><h3 class=\"wp-block-heading\"><strong>Application et utilisation \u00e0 Bali<\/strong><\/h3><ol class=\"wp-block-list\"><li><strong>Explorer la beaut\u00e9 des paysages de Bali<\/strong>\u00a0: Le Honda Cub est parfait pour explorer les paysages pittoresques de Bali, des rizi\u00e8res en terrasses luxuriantes aux superbes plages. Sa conception l\u00e9g\u00e8re et sa maniabilit\u00e9 le rendent id\u00e9al pour circuler sur des routes \u00e9troites et des rues bond\u00e9es.<\/li>\n\n<li><strong>D\u00e9placements locaux<\/strong>\u00a0: De nombreux habitants utilisent les Honda Cubs pour leurs d\u00e9placements quotidiens en raison de leur efficacit\u00e9 \u00e9nerg\u00e9tique et de leur facilit\u00e9 de manipulation.<\/li>\n\n<li><strong>Nomades et touristes num\u00e9riques<\/strong>\u00a0: Les nomades num\u00e9riques et les touristes louent souvent des Honda Cubs pour le transport \u00e0 court terme. Ils sont abordables, fiables et vous permettent d&rsquo;explorer Bali \u00e0 votre rythme.<\/li>\n\n<li><strong>Surf Adventures<\/strong>\u00a0: Le Honda Cub est un choix populaire pour les surfeurs se rendant sur les c\u00e9l\u00e8bres plages de Bali. Attachez votre planche de surf \u00e0 l&rsquo;arri\u00e8re et partez vers les vagues !<\/li><\/ol>","protected":false},"excerpt":{"rendered":"<p>Histoire de la moto Le Honda Cub, \u00e9galement connu sous le nom de Super Cub, a une riche histoire qui remonte aux ann\u00e9es 1950. Il a \u00e9t\u00e9 introduit pour la premi\u00e8re fois au Japon et est rapidement devenu un ph\u00e9nom\u00e8ne mondial. Connu pour sa fiabilit\u00e9, sa simplicit\u00e9 et son efficacit\u00e9 \u00e9nerg\u00e9tique, le Cub est l&rsquo;un&hellip;&nbsp;<a href=\"https:\/\/balibestmotorcycle.com\/fr\/louer-un-honda-cub-a-bali\" class=\"\" rel=\"bookmark\">Lire la suite &raquo;<span class=\"screen-reader-text\">Louer un Honda Cub \u00e0 Bali<\/span><\/a><\/p>\n","protected":false},"author":1,"featured_media":0,"parent":0,"menu_order":0,"comment_status":"closed","ping_status":"closed","template":"","meta":{"neve_meta_sidebar":"","neve_meta_container":"","neve_meta_enable_content_width":"","neve_meta_content_width":0,"neve_meta_title_alignment":"","neve_meta_author_avatar":"","neve_post_elements_order":"","neve_meta_disable_header":"","neve_meta_disable_footer":"","neve_meta_disable_title":"","_ti_tpc_template_sync":false,"_ti_tpc_template_id":"","footnotes":""},"class_list":["post-4984","page","type-page","status-publish","hentry"],"_links":{"self":[{"href":"https:\/\/balibestmotorcycle.com\/fr\/wp-json\/wp\/v2\/pages\/4984","targetHints":{"allow":["GET"]}}],"collection":[{"href":"https:\/\/balibestmotorcycle.com\/fr\/wp-json\/wp\/v2\/pages"}],"about":[{"href":"https:\/\/balibestmotorcycle.com\/fr\/wp-json\/wp\/v2\/types\/page"}],"author":[{"embeddable":true,"href":"https:\/\/balibestmotorcycle.com\/fr\/wp-json\/wp\/v2\/users\/1"}],"replies":[{"embeddable":true,"href":"https:\/\/balibestmotorcycle.com\/fr\/wp-json\/wp\/v2\/comments?post=4984"}],"version-history":[{"count":1,"href":"https:\/\/balibestmotorcycle.com\/fr\/wp-json\/wp\/v2\/pages\/4984\/revisions"}],"predecessor-version":[{"id":4985,"href":"https:\/\/balibestmotorcycle.com\/fr\/wp-json\/wp\/v2\/pages\/4984\/revisions\/4985"}],"wp:attachment":[{"href":"https:\/\/balibestmotorcycle.com\/fr\/wp-json\/wp\/v2\/media?parent=4984"}],"curies":[{"name":"wp","href":"https:\/\/api.w.org\/{rel}","templated":true}]}}