{"id":4951,"date":"2024-07-27T03:56:00","date_gmt":"2024-07-27T03:56:00","guid":{"rendered":"https:\/\/balibestmotorcycle.com\/?page_id=4951"},"modified":"2024-08-02T05:35:39","modified_gmt":"2024-08-02T05:35:39","slug":"balade-en-moto-aller-simple-de-bali-a-komodo-une-odyssee-en-moto","status":"publish","type":"page","link":"https:\/\/balibestmotorcycle.com\/fr\/balade-en-moto-aller-simple-de-bali-a-komodo-une-odyssee-en-moto","title":{"rendered":"Balade en moto aller simple de Bali \u00e0 Komodo : une odyss\u00e9e en moto"},"content":{"rendered":"<p><\/p><h3 class=\"wp-block-heading\"><strong>1. L&rsquo;itin\u00e9raire et les conditions routi\u00e8res<\/strong><\/h3><ul class=\"wp-block-list\"><li><strong>Point de d\u00e9part<\/strong>\u00a0: l&rsquo;a\u00e9roport international Ngurah Rai (DPS) de Bali \u00e0 Denpasar.<\/li>\n\n<li><strong>Destination<\/strong>\u00a0: A\u00e9roport de Labuan Bajo (LBJ) sur l&rsquo;\u00eele de Flores, porte d&rsquo;entr\u00e9e du parc national de Komodo.<\/li>\n\n<li><strong>Options de voyage<\/strong>\u00a0:<ul class=\"wp-block-list\"><li><strong>Vols directs<\/strong>\u00a0: Le moyen le plus pratique est un vol direct de Bali \u00e0 Labuan Bajo. Des compagnies a\u00e9riennes comme Garuda, Citilink, Lion Air, Batik Air, AirAsia et Wings Air exploitent cette route. Le vol dure environ 1 heure et 15 minutes.<\/li>\n\n<li><strong>Transports publics<\/strong>\u00a0: Un voyage long et aventureux impliquant des bus et des ferries. Attendez-vous \u00e0 24 \u00e0 36 heures, \u00e0 des paysages \u00e9poustouflants et \u00e0 une pratique linguistique avec les locaux.<\/li><\/ul><\/li><\/ul><h3 class=\"wp-block-heading\"><strong>2. Les points forts du paysage<\/strong><\/h3><ul class=\"wp-block-list\"><li><strong>Parc national de Komodo<\/strong>\u00a0: Abritant les l\u00e9gendaires dragons de Komodo, explorez l&rsquo;\u00eele de Rinca et observez ces cr\u00e9atures fascinantes dans leur habitat naturel.\u00a0\u00a0<a href=\"https:\/\/theglobalcurious.com\/bali-to-komodo-island\/\" target=\"_blank\" rel=\"noopener\">Ne manquez pas les dizaines de milliers de renards volants quittant l&rsquo;\u00eele de Kalong au coucher du soleil<\/a>\u00a0.<\/li>\n\n<li><strong>\u00cele Padar<\/strong>\u00a0: faites une randonn\u00e9e jusqu&rsquo;au point de vue pour des vues panoramiques sur les baies turquoise et les c\u00f4tes accident\u00e9es.\u00a0\u00a0<a href=\"https:\/\/theglobalcurious.com\/bali-to-komodo-island\/\" target=\"_blank\" rel=\"noopener\">C&rsquo;est le paradis des photographes<\/a>\u00a0.<\/li>\n\n<li><strong>Paysages volcaniques<\/strong>\u00a0: Admirez les terrains volcaniques fa\u00e7onn\u00e9s par la ceinture de feu du Pacifique en parcourant des jungles luxuriantes et des plages immacul\u00e9es.<\/li><\/ul><h3 class=\"wp-block-heading\"><strong>3. Lignes directrices routi\u00e8res<\/strong><\/h3><ul class=\"wp-block-list\"><li><strong>Ferries<\/strong>\u00a0: L&rsquo;\u00eele de Komodo n&rsquo;\u00e9tant pas directement accessible par la route, prenez un ferry ou un bateau depuis Labuan Bajo pour rejoindre le parc national.<\/li>\n\n<li><strong>Conditions routi\u00e8res<\/strong>\u00a0: varient d&rsquo;autoroutes bien entretenues \u00e0 des routes \u00e9troites et cahoteuses.\u00a0\u00a0<a href=\"https:\/\/balibestmotorcycle.com\/riding-a-motorbike-from-bali-to-komodo\" target=\"_blank\" rel=\"noreferrer noopener\">Certaines sections peuvent \u00eatre en construction ou en mauvais \u00e9tat, notamment dans les zones recul\u00e9es<\/a>\u00a0.<\/li><\/ul>","protected":false},"excerpt":{"rendered":"<p>1. L&rsquo;itin\u00e9raire et les conditions routi\u00e8res 2. Les points forts du paysage 3. Lignes directrices routi\u00e8res<\/p>\n","protected":false},"author":1,"featured_media":0,"parent":0,"menu_order":0,"comment_status":"closed","ping_status":"closed","template":"","meta":{"neve_meta_sidebar":"","neve_meta_container":"","neve_meta_enable_content_width":"","neve_meta_content_width":0,"neve_meta_title_alignment":"","neve_meta_author_avatar":"","neve_post_elements_order":"","neve_meta_disable_header":"","neve_meta_disable_footer":"","neve_meta_disable_title":"","_ti_tpc_template_sync":false,"_ti_tpc_template_id":"","footnotes":""},"class_list":["post-4951","page","type-page","status-publish","hentry"],"_links":{"self":[{"href":"https:\/\/balibestmotorcycle.com\/fr\/wp-json\/wp\/v2\/pages\/4951","targetHints":{"allow":["GET"]}}],"collection":[{"href":"https:\/\/balibestmotorcycle.com\/fr\/wp-json\/wp\/v2\/pages"}],"about":[{"href":"https:\/\/balibestmotorcycle.com\/fr\/wp-json\/wp\/v2\/types\/page"}],"author":[{"embeddable":true,"href":"https:\/\/balibestmotorcycle.com\/fr\/wp-json\/wp\/v2\/users\/1"}],"replies":[{"embeddable":true,"href":"https:\/\/balibestmotorcycle.com\/fr\/wp-json\/wp\/v2\/comments?post=4951"}],"version-history":[{"count":1,"href":"https:\/\/balibestmotorcycle.com\/fr\/wp-json\/wp\/v2\/pages\/4951\/revisions"}],"predecessor-version":[{"id":4952,"href":"https:\/\/balibestmotorcycle.com\/fr\/wp-json\/wp\/v2\/pages\/4951\/revisions\/4952"}],"wp:attachment":[{"href":"https:\/\/balibestmotorcycle.com\/fr\/wp-json\/wp\/v2\/media?parent=4951"}],"curies":[{"name":"wp","href":"https:\/\/api.w.org\/{rel}","templated":true}]}}