{"id":4941,"date":"2024-07-27T03:52:22","date_gmt":"2024-07-27T03:52:22","guid":{"rendered":"https:\/\/balibestmotorcycle.com\/?page_id=4941"},"modified":"2024-08-02T05:28:52","modified_gmt":"2024-08-02T05:28:52","slug":"balade-en-moto-aller-simple-de-bali-a-yogyakarta-une-aventure-pittoresque","status":"publish","type":"page","link":"https:\/\/balibestmotorcycle.com\/fr\/balade-en-moto-aller-simple-de-bali-a-yogyakarta-une-aventure-pittoresque","title":{"rendered":"Balade en moto aller simple de Bali \u00e0 Yogyakarta\u00a0: une aventure pittoresque"},"content":{"rendered":"<p><\/p><h3 class=\"wp-block-heading\"><strong>La route<\/strong><\/h3><p>Le trajet de 1 100 kilom\u00e8tres (683 miles) de Bali \u00e0 Yogyakarta est un m\u00e9lange fascinant de routes c\u00f4ti\u00e8res, de jungles denses et de villages pittoresques. Voici ce que vous devez savoir&nbsp;:<\/p><ol class=\"wp-block-list\"><li><strong>Point de d\u00e9part : Bali<\/strong><ul class=\"wp-block-list\"><li>Commencez votre aventure \u00e0 Bali, l&rsquo;\u00eele des Dieux. Faites le plein, v\u00e9rifiez vos pneus et partez de Denpasar ou de tout autre endroit pratique.<\/li>\n\n<li>L&rsquo;itin\u00e9raire vous fait traverser des rizi\u00e8res en terrasses luxuriantes, des villages traditionnels et des falaises c\u00f4ti\u00e8res. Gardez votre appareil photo pr\u00eat\u00a0!<\/li><\/ul><\/li>\n\n<li><strong>Conditions routi\u00e8res et lignes directrices<\/strong><ul class=\"wp-block-list\"><li>La qualit\u00e9 des routes varie, alors pr\u00e9parez-vous \u00e0 des autoroutes lisses, des zones bossel\u00e9es et des cols de montagne sinueux.<\/li>\n\n<li>Suivez les r\u00e8gles de circulation, portez un \u00e9quipement de protection et restez hydrat\u00e9. La s\u00e9curit\u00e9 d&rsquo;abord!<\/li><\/ul><\/li>\n\n<li><strong>Des endroits incroyables le long du chemin<\/strong><ul class=\"wp-block-list\"><li><strong>Mont Bromo<\/strong>\u00a0: D\u00e9tour vers ce volcan surnaturel de l&rsquo;Est de Java. Assistez au lever du soleil sur la caldeira et capturez le paysage surr\u00e9aliste.<\/li>\n\n<li><strong>Crat\u00e8re Ijen<\/strong>\u00a0: Explorez le lac de soufre turquoise et observez les mineurs au travail. C&rsquo;est une exp\u00e9rience unique !<\/li>\n\n<li><strong>Malang<\/strong>\u00a0: Une charmante ville \u00e0 l\u2019architecture coloniale hollandaise et au street art dynamique.<\/li>\n\n<li><strong>Temple de Prambanan<\/strong>\u00a0: \u00c9merveillez-vous devant l&rsquo;ancien complexe de temples hindous pr\u00e8s de Yogyakarta.<\/li><\/ul><\/li>\n\n<li><strong>Yogyakarta : le c\u0153ur culturel de Java<\/strong><ul class=\"wp-block-list\"><li>Arriv\u00e9e \u00e0 Yogyakarta, connue pour son riche patrimoine, ses arts et ses traditions javanaises.<\/li>\n\n<li>Visitez le magnifique temple de Borobudur au lever du soleil, un site class\u00e9 au patrimoine mondial de l&rsquo;UNESCO.<\/li>\n\n<li>Explorez le Kraton), le palais du sultan et la rue anim\u00e9e de Malioboro.<\/li><\/ul><\/li><\/ol>","protected":false},"excerpt":{"rendered":"<p>La route Le trajet de 1 100 kilom\u00e8tres (683 miles) de Bali \u00e0 Yogyakarta est un m\u00e9lange fascinant de routes c\u00f4ti\u00e8res, de jungles denses et de villages pittoresques. Voici ce que vous devez savoir&nbsp;:<\/p>\n","protected":false},"author":1,"featured_media":0,"parent":0,"menu_order":0,"comment_status":"closed","ping_status":"closed","template":"","meta":{"neve_meta_sidebar":"","neve_meta_container":"","neve_meta_enable_content_width":"","neve_meta_content_width":0,"neve_meta_title_alignment":"","neve_meta_author_avatar":"","neve_post_elements_order":"","neve_meta_disable_header":"","neve_meta_disable_footer":"","neve_meta_disable_title":"","_ti_tpc_template_sync":false,"_ti_tpc_template_id":"","footnotes":""},"class_list":["post-4941","page","type-page","status-publish","hentry"],"_links":{"self":[{"href":"https:\/\/balibestmotorcycle.com\/fr\/wp-json\/wp\/v2\/pages\/4941","targetHints":{"allow":["GET"]}}],"collection":[{"href":"https:\/\/balibestmotorcycle.com\/fr\/wp-json\/wp\/v2\/pages"}],"about":[{"href":"https:\/\/balibestmotorcycle.com\/fr\/wp-json\/wp\/v2\/types\/page"}],"author":[{"embeddable":true,"href":"https:\/\/balibestmotorcycle.com\/fr\/wp-json\/wp\/v2\/users\/1"}],"replies":[{"embeddable":true,"href":"https:\/\/balibestmotorcycle.com\/fr\/wp-json\/wp\/v2\/comments?post=4941"}],"version-history":[{"count":1,"href":"https:\/\/balibestmotorcycle.com\/fr\/wp-json\/wp\/v2\/pages\/4941\/revisions"}],"predecessor-version":[{"id":4942,"href":"https:\/\/balibestmotorcycle.com\/fr\/wp-json\/wp\/v2\/pages\/4941\/revisions\/4942"}],"wp:attachment":[{"href":"https:\/\/balibestmotorcycle.com\/fr\/wp-json\/wp\/v2\/media?parent=4941"}],"curies":[{"name":"wp","href":"https:\/\/api.w.org\/{rel}","templated":true}]}}