{"id":4931,"date":"2024-07-27T04:34:52","date_gmt":"2024-07-27T04:34:52","guid":{"rendered":"https:\/\/balibestmotorcycle.com\/?page_id=4931"},"modified":"2024-08-02T05:22:37","modified_gmt":"2024-08-02T05:22:37","slug":"meilleurs-magasins-a-bali-pour-louer-un-ensemble-de-standup-paddle-surf-sup","status":"publish","type":"page","link":"https:\/\/balibestmotorcycle.com\/fr\/meilleurs-magasins-a-bali-pour-louer-un-ensemble-de-standup-paddle-surf-sup","title":{"rendered":"Meilleurs magasins \u00e0 Bali pour louer un ensemble de Standup Paddle Surf (SUP)"},"content":{"rendered":"<p><\/p><h2 class=\"wp-block-heading\"><strong>1. Bali meilleures motos<\/strong><\/h2><ul class=\"wp-block-list\"><li><a href=\"http:\/\/balibestmotorcycle.com\/\" target=\"_blank\" rel=\"noreferrer noopener\">Localisation : Gg. Toti, Padangsambian Klod, Kec. Bar Denpasar, Bali, 80361\u00a0<\/a><\/li>\n\n<li><strong>Pourquoi choisir les meilleures motos de Bali\u00a0?<\/strong><ul class=\"wp-block-list\"><li>Bali Best Motorcycles ne se limite pas aux v\u00e9los\u00a0! Ils proposent \u00e9galement des locations de SUP de haute qualit\u00e9.<\/li>\n\n<li>Des prix comp\u00e9titifs et un large choix de planches parmi lesquelles choisir.<\/li>\n\n<li>Personnel sympathique et comp\u00e9tent.<\/li>\n\n<li>Service tout compris avec assurance, taxe de circulation et entretien inclus.<\/li>\n\n<li>Aucun acompte et flexibilit\u00e9 de paiement \u00e0 l\u2019utilisation.<\/li>\n\n<li>\u00c9changes illimit\u00e9s vers d&rsquo;autres v\u00e9los.<\/li>\n\n<li>Annulez \u00e0 tout moment sans engagement.<\/li>\n\n<li>Profitez de votre aventure SUP sans souci\u00a0!<\/li><\/ul><\/li><\/ul><h2 class=\"wp-block-heading\"><strong>2. Stand Up Paddle (SUP) prioritaire \u00e0 Bali<\/strong><\/h2><ul class=\"wp-block-list\"><li><a href=\"https:\/\/translate.balibestmotorcycle.com\/\"><strong>Emplacement\u00a0:<\/strong>\u00a0\u00a0Sanur et Kuta (autour des plages populaires)<\/a><\/li>\n\n<li><strong>Pourquoi choisir Priority SUP Bali ?<\/strong><ul class=\"wp-block-list\"><li>Personnel sympathique et professionnel.<\/li>\n\n<li>Excellentes planches SUP disponibles \u00e0 la location.<\/li>\n\n<li>Id\u00e9alement situ\u00e9 \u00e0 proximit\u00e9 des plages populaires.<\/li>\n\n<li>Parfait pour les pagayeurs d\u00e9butants et exp\u00e9riment\u00e9s.<\/li><\/ul><\/li><\/ul>","protected":false},"excerpt":{"rendered":"<p>1. Bali meilleures motos 2. Stand Up Paddle (SUP) prioritaire \u00e0 Bali<\/p>\n","protected":false},"author":1,"featured_media":0,"parent":0,"menu_order":0,"comment_status":"closed","ping_status":"closed","template":"","meta":{"neve_meta_sidebar":"","neve_meta_container":"","neve_meta_enable_content_width":"","neve_meta_content_width":0,"neve_meta_title_alignment":"","neve_meta_author_avatar":"","neve_post_elements_order":"","neve_meta_disable_header":"","neve_meta_disable_footer":"","neve_meta_disable_title":"","_ti_tpc_template_sync":false,"_ti_tpc_template_id":"","footnotes":""},"class_list":["post-4931","page","type-page","status-publish","hentry"],"_links":{"self":[{"href":"https:\/\/balibestmotorcycle.com\/fr\/wp-json\/wp\/v2\/pages\/4931","targetHints":{"allow":["GET"]}}],"collection":[{"href":"https:\/\/balibestmotorcycle.com\/fr\/wp-json\/wp\/v2\/pages"}],"about":[{"href":"https:\/\/balibestmotorcycle.com\/fr\/wp-json\/wp\/v2\/types\/page"}],"author":[{"embeddable":true,"href":"https:\/\/balibestmotorcycle.com\/fr\/wp-json\/wp\/v2\/users\/1"}],"replies":[{"embeddable":true,"href":"https:\/\/balibestmotorcycle.com\/fr\/wp-json\/wp\/v2\/comments?post=4931"}],"version-history":[{"count":1,"href":"https:\/\/balibestmotorcycle.com\/fr\/wp-json\/wp\/v2\/pages\/4931\/revisions"}],"predecessor-version":[{"id":4932,"href":"https:\/\/balibestmotorcycle.com\/fr\/wp-json\/wp\/v2\/pages\/4931\/revisions\/4932"}],"wp:attachment":[{"href":"https:\/\/balibestmotorcycle.com\/fr\/wp-json\/wp\/v2\/media?parent=4931"}],"curies":[{"name":"wp","href":"https:\/\/api.w.org\/{rel}","templated":true}]}}