{"id":4913,"date":"2024-07-27T04:19:57","date_gmt":"2024-07-27T04:19:57","guid":{"rendered":"https:\/\/balibestmotorcycle.com\/?page_id=4913"},"modified":"2024-08-02T05:06:40","modified_gmt":"2024-08-02T05:06:40","slug":"meilleurs-magasins-a-bali-pour-installer-des-supports-de-surf-sur-une-moto","status":"publish","type":"page","link":"https:\/\/balibestmotorcycle.com\/fr\/meilleurs-magasins-a-bali-pour-installer-des-supports-de-surf-sur-une-moto","title":{"rendered":"Meilleurs magasins \u00e0 Bali pour installer des supports de surf sur une moto"},"content":{"rendered":"<p><\/p><h2 class=\"wp-block-heading\"><strong>1. Bali meilleures motos<\/strong><\/h2><ul class=\"wp-block-list\"><li><strong>Localisation<\/strong>\u00a0: Gg. Toti, Padangsambian Klod, Kec. Denpasar Bar., Bali, 80361<\/li>\n\n<li><strong>\u00c0 propos<\/strong>\u00a0: Bali Best Motorcycles est votre boutique incontournable pour tout ce qui concerne le surf et la moto. Ils proposent un large choix de scooters et motos \u00e9quip\u00e9s de surf racks. Que vous soyez un surfeur chevronn\u00e9 ou un d\u00e9butant, leur personnel amical vous aidera \u00e0 trouver la balade parfaite pour votre aventure \u00e0 Bali. De plus, ils fournissent des casques soigneusement nettoy\u00e9s pour votre s\u00e9curit\u00e9.<\/li><\/ul><h2 class=\"wp-block-heading\"><strong>2. BGS Bali<\/strong><\/h2><ul class=\"wp-block-list\"><li><strong>Localisation<\/strong>\u00a0: Jl. Pantai Padang Padang, Pr\u00e8s de la plage de Suluban \/ Single Fin, Pecatu, 80361, Bali<\/li>\n\n<li><strong>\u00c0 propos<\/strong>\u00a0: BGS Bali est une autre excellente option pour les surfeurs. Leurs magasins proposent une s\u00e9lection compl\u00e8te de planches de surf et d&rsquo;\u00e9quipements de grandes marques telles que Pyzel Surfboards, Sharpeye, Hayden Shapes, Brusco, Sympl et DHD Surfboards. Vous pouvez louer un scooter avec un support de surf ici et explorer les meilleurs spots de surf de Bali.<\/li><\/ul><h2 class=\"wp-block-heading\"><strong>3. Location de v\u00e9los personnalis\u00e9s \u00e0 Bali<\/strong><\/h2><ul class=\"wp-block-list\"><li><strong>Localisation<\/strong>\u00a0: Uluwatu, quartier de Bukit, Bali<\/li>\n\n<li><strong>\u00c0 propos<\/strong>\u00a0: Bali Custom Bike Rental propose des v\u00e9los et scooters personnalis\u00e9s \u00e0 la location. Ils proposent une belle s\u00e9lection des v\u00e9los les plus cool de Bali, avec des supports de surf en option. Si vous recherchez une balade unique, c&rsquo;est l&rsquo;endroit o\u00f9 aller.<\/li><\/ul>","protected":false},"excerpt":{"rendered":"<p>1. Bali meilleures motos 2. BGS Bali 3. Location de v\u00e9los personnalis\u00e9s \u00e0 Bali<\/p>\n","protected":false},"author":1,"featured_media":0,"parent":0,"menu_order":0,"comment_status":"closed","ping_status":"closed","template":"","meta":{"neve_meta_sidebar":"","neve_meta_container":"","neve_meta_enable_content_width":"","neve_meta_content_width":0,"neve_meta_title_alignment":"","neve_meta_author_avatar":"","neve_post_elements_order":"","neve_meta_disable_header":"","neve_meta_disable_footer":"","neve_meta_disable_title":"","_ti_tpc_template_sync":false,"_ti_tpc_template_id":"","footnotes":""},"class_list":["post-4913","page","type-page","status-publish","hentry"],"_links":{"self":[{"href":"https:\/\/balibestmotorcycle.com\/fr\/wp-json\/wp\/v2\/pages\/4913","targetHints":{"allow":["GET"]}}],"collection":[{"href":"https:\/\/balibestmotorcycle.com\/fr\/wp-json\/wp\/v2\/pages"}],"about":[{"href":"https:\/\/balibestmotorcycle.com\/fr\/wp-json\/wp\/v2\/types\/page"}],"author":[{"embeddable":true,"href":"https:\/\/balibestmotorcycle.com\/fr\/wp-json\/wp\/v2\/users\/1"}],"replies":[{"embeddable":true,"href":"https:\/\/balibestmotorcycle.com\/fr\/wp-json\/wp\/v2\/comments?post=4913"}],"version-history":[{"count":1,"href":"https:\/\/balibestmotorcycle.com\/fr\/wp-json\/wp\/v2\/pages\/4913\/revisions"}],"predecessor-version":[{"id":4914,"href":"https:\/\/balibestmotorcycle.com\/fr\/wp-json\/wp\/v2\/pages\/4913\/revisions\/4914"}],"wp:attachment":[{"href":"https:\/\/balibestmotorcycle.com\/fr\/wp-json\/wp\/v2\/media?parent=4913"}],"curies":[{"name":"wp","href":"https:\/\/api.w.org\/{rel}","templated":true}]}}