{"id":4903,"date":"2024-07-27T04:38:09","date_gmt":"2024-07-27T04:38:09","guid":{"rendered":"https:\/\/balibestmotorcycle.com\/?page_id=4903"},"modified":"2024-08-02T05:16:35","modified_gmt":"2024-08-02T05:16:35","slug":"meilleurs-magasins-de-location-de-motos-a-bali-avec-une-vraie-assurance","status":"publish","type":"page","link":"https:\/\/balibestmotorcycle.com\/fr\/meilleurs-magasins-de-location-de-motos-a-bali-avec-une-vraie-assurance","title":{"rendered":"Meilleurs magasins de location de motos \u00e0 Bali avec une vraie assurance"},"content":{"rendered":"<p><\/p><h2 class=\"wp-block-heading\"><strong>1. Bali meilleures motos<\/strong><\/h2><p><strong>Localisation :<\/strong>\u00a0\u00a0Gg. Toti, Padangsambian Klod, Kec. Denpasar Bar., Bali, 80361, Indon\u00e9sie\u00a0\u00a0<strong>T\u00e9l\u00e9phone :<\/strong>\u00a0\u00a0+62 877-3554-4018\u00a0\u00a0<strong>Site Web :\u00a0<\/strong>\u00a0<a href=\"https:\/\/balibestmotorcycle.com\/\" target=\"_blank\" rel=\"noreferrer noopener\">Bali Best Motorcycle<\/a><\/p><p>Bali Best Motorcycles est en t\u00eate de notre liste pour plusieurs raisons. Non seulement ils proposent une large gamme de v\u00e9los \u00e0 des prix comp\u00e9titifs, mais ils offrent \u00e9galement une v\u00e9ritable couverture d\u2019assurance. Que vous soyez un pilote exp\u00e9riment\u00e9 ou un d\u00e9butant, Bali Best Motorcycles assure votre s\u00e9curit\u00e9 et votre tranquillit\u00e9 d&rsquo;esprit. Leur flotte comprend des mod\u00e8les populaires comme Honda Scoopy, Honda Vario et Honda Beat. De plus, leurs forfaits de location mensuelle tout compris ne comportent aucun contrat de dur\u00e9e minimale, ce qui vous permet de rouler sans tracas.<\/p><h2 class=\"wp-block-heading\"><strong>2. Motos MalaMadre<\/strong><\/h2><p><strong>Localisation :<\/strong>&nbsp;&nbsp;Jl. Batu Bolong 5, Canggu, Bali, Indon\u00e9sie&nbsp;&nbsp;<strong>T\u00e9l\u00e9phone :<\/strong>&nbsp;&nbsp;+62 812-3935-3202<\/p><p>MalaMadre Motorcycles propose des v\u00e9los d&rsquo;inspiration vintage m\u00e9ticuleusement con\u00e7us pour les explorateurs modernes. Leur collection comprend des motos \u00e9l\u00e9gantes et fiables, parfaites pour les \u00e2mes aventureuses. Bien qu&rsquo;ils ne mentionnent pas explicitement l&rsquo;assurance, leurs excellents avis clients en disent long sur la qualit\u00e9 de leur service.<\/p><h2 class=\"wp-block-heading\"><strong>3. Motos insulaires<\/strong><\/h2><p><strong>Emplacement :<\/strong>&nbsp;&nbsp;Jalan Raya Uluwatu #15, Tuban, Bali, Indon\u00e9sie&nbsp;&nbsp;<strong>T\u00e9l\u00e9phone :<\/strong>&nbsp;&nbsp;+62 813-3757-3726<\/p><p>Island Motorcycles propose une vari\u00e9t\u00e9 de v\u00e9los \u00e0 louer. Bien qu&rsquo;ils ne mettent pas en avant la couverture d&rsquo;assurance, leur flotte bien entretenue r\u00e9pond aux diff\u00e9rentes pr\u00e9f\u00e9rences de conduite. Si vous recherchez un v\u00e9hicule fiable, Island Motorcycles vaut la peine d&rsquo;\u00eatre consid\u00e9r\u00e9.<\/p><h2 class=\"wp-block-heading\"><strong>4. Yadnya Motor Bali<\/strong><\/h2><p><strong>Emplacement :<\/strong>&nbsp;&nbsp;Jl Trengguli 9A Penatih, Denpasar, Bali, Indon\u00e9sie&nbsp;&nbsp;<strong>T\u00e9l\u00e9phone :<\/strong>&nbsp;&nbsp;+62 812-3844-388<\/p><p>Yadnya Motor Bali propose des locations de motos personnalis\u00e9es. Bien que les d\u00e9tails de l&rsquo;assurance ne soient pas explicitement mentionn\u00e9s, leur flexibilit\u00e9 et leur engagement envers la satisfaction du client en font un choix viable.<\/p><p>N&rsquo;oubliez pas de toujours vous renseigner sur la couverture d&rsquo;assurance et d&rsquo;inspecter le v\u00e9lo avant de le louer. Bonne balade dans la belle Bali !<img decoding=\"async\" src=\"https:\/\/s.w.org\/images\/core\/emoji\/15.0.3\/svg\/1f3cd.svg\" alt=\"\ud83c\udfcd\ufe0f\" style=\"width: 20px;\" title=\"\"><img decoding=\"async\" src=\"https:\/\/s.w.org\/images\/core\/emoji\/15.0.3\/svg\/1f334.svg\" alt=\"\ud83c\udf34\" style=\"width: 20px;\" title=\"\"><\/p>","protected":false},"excerpt":{"rendered":"<p>1. Bali meilleures motos Localisation :\u00a0\u00a0Gg. Toti, Padangsambian Klod, Kec. Denpasar Bar., Bali, 80361, Indon\u00e9sie\u00a0\u00a0T\u00e9l\u00e9phone :\u00a0\u00a0+62 877-3554-4018\u00a0\u00a0Site Web :\u00a0\u00a0Bali Best Motorcycle Bali Best Motorcycles est en t\u00eate de notre liste pour plusieurs raisons. Non seulement ils proposent une large gamme de v\u00e9los \u00e0 des prix comp\u00e9titifs, mais ils offrent \u00e9galement une v\u00e9ritable couverture d\u2019assurance. Que&hellip;&nbsp;<a href=\"https:\/\/balibestmotorcycle.com\/fr\/meilleurs-magasins-de-location-de-motos-a-bali-avec-une-vraie-assurance\" class=\"\" rel=\"bookmark\">Lire la suite &raquo;<span class=\"screen-reader-text\">Meilleurs magasins de location de motos \u00e0 Bali avec une vraie assurance<\/span><\/a><\/p>\n","protected":false},"author":1,"featured_media":0,"parent":0,"menu_order":0,"comment_status":"closed","ping_status":"closed","template":"","meta":{"neve_meta_sidebar":"","neve_meta_container":"","neve_meta_enable_content_width":"","neve_meta_content_width":0,"neve_meta_title_alignment":"","neve_meta_author_avatar":"","neve_post_elements_order":"","neve_meta_disable_header":"","neve_meta_disable_footer":"","neve_meta_disable_title":"","_ti_tpc_template_sync":false,"_ti_tpc_template_id":"","footnotes":""},"class_list":["post-4903","page","type-page","status-publish","hentry"],"_links":{"self":[{"href":"https:\/\/balibestmotorcycle.com\/fr\/wp-json\/wp\/v2\/pages\/4903","targetHints":{"allow":["GET"]}}],"collection":[{"href":"https:\/\/balibestmotorcycle.com\/fr\/wp-json\/wp\/v2\/pages"}],"about":[{"href":"https:\/\/balibestmotorcycle.com\/fr\/wp-json\/wp\/v2\/types\/page"}],"author":[{"embeddable":true,"href":"https:\/\/balibestmotorcycle.com\/fr\/wp-json\/wp\/v2\/users\/1"}],"replies":[{"embeddable":true,"href":"https:\/\/balibestmotorcycle.com\/fr\/wp-json\/wp\/v2\/comments?post=4903"}],"version-history":[{"count":2,"href":"https:\/\/balibestmotorcycle.com\/fr\/wp-json\/wp\/v2\/pages\/4903\/revisions"}],"predecessor-version":[{"id":4925,"href":"https:\/\/balibestmotorcycle.com\/fr\/wp-json\/wp\/v2\/pages\/4903\/revisions\/4925"}],"wp:attachment":[{"href":"https:\/\/balibestmotorcycle.com\/fr\/wp-json\/wp\/v2\/media?parent=4903"}],"curies":[{"name":"wp","href":"https:\/\/api.w.org\/{rel}","templated":true}]}}