{"id":4882,"date":"2024-07-27T04:13:52","date_gmt":"2024-07-27T04:13:52","guid":{"rendered":"https:\/\/balibestmotorcycle.com\/?page_id=4882"},"modified":"2024-08-02T01:55:46","modified_gmt":"2024-08-02T01:55:46","slug":"les-meilleurs-emplacements-pour-camping-cars-a-bali","status":"publish","type":"page","link":"https:\/\/balibestmotorcycle.com\/fr\/les-meilleurs-emplacements-pour-camping-cars-a-bali","title":{"rendered":"Les meilleurs emplacements pour camping-cars \u00e0 Bali"},"content":{"rendered":"<p><\/p><h3 class=\"wp-block-heading\"><strong>1. Plage de Balian<\/strong><\/h3><ul class=\"wp-block-list\"><li><strong>Pourquoi visiter ?<\/strong>\u00a0: Balian Beach offre une ambiance d\u00e9contract\u00e9e, parfaite pour les amateurs de camping-car. Surfez sur les vagues, d\u00e9tendez-vous sur le sable noir et admirez le coucher de soleil.<img decoding=\"async\" src=\"https:\/\/s.w.org\/images\/core\/emoji\/15.0.3\/svg\/1f305.svg\" alt=\"\ud83c\udf05\" style=\"width: 20px;\" title=\"\"><img decoding=\"async\" src=\"https:\/\/s.w.org\/images\/core\/emoji\/15.0.3\/svg\/1f3c4-200d-2642-fe0f.svg\" alt=\"\ud83c\udfc4\u200d\u2642\ufe0f\" style=\"width: 20px;\" title=\"\"><\/li><\/ul><h3 class=\"wp-block-heading\"><strong>2. Bukit Surga (pr\u00e8s de Jatiluwih)<\/strong><\/h3><ul class=\"wp-block-list\"><li><strong>Pourquoi visiter ?<\/strong>\u00a0: Bukit Surga offre une vue imprenable sur les rizi\u00e8res en terrasses. Garez votre camping-car, faites une randonn\u00e9e et plongez-vous dans la beaut\u00e9 naturelle de Bali.<img decoding=\"async\" src=\"https:\/\/s.w.org\/images\/core\/emoji\/15.0.3\/svg\/1f33e.svg\" alt=\"\ud83c\udf3e\" style=\"width: 20px;\" title=\"\"><img decoding=\"async\" src=\"https:\/\/s.w.org\/images\/core\/emoji\/15.0.3\/svg\/1f304.svg\" alt=\"\ud83c\udf04\" style=\"width: 20px;\" title=\"\"><\/li><\/ul><h3 class=\"wp-block-heading\"><strong>3. Medewi<\/strong><\/h3><ul class=\"wp-block-list\"><li><strong>Pourquoi visiter ?<\/strong>\u00a0: Medewi est le paradis des surfeurs. Surfez sur les vagues, campez au bord de la plage et profitez de la tranquillit\u00e9 de ce joyau cach\u00e9.<img decoding=\"async\" src=\"https:\/\/s.w.org\/images\/core\/emoji\/15.0.3\/svg\/1f3c4-200d-2640-fe0f.svg\" alt=\"\ud83c\udfc4\u200d\u2640\ufe0f\" style=\"width: 20px;\" title=\"\"><img decoding=\"async\" src=\"https:\/\/s.w.org\/images\/core\/emoji\/15.0.3\/svg\/1f334.svg\" alt=\"\ud83c\udf34\" style=\"width: 20px;\" title=\"\"><\/li><\/ul><h3 class=\"wp-block-heading\"><strong>4. R\u00e9gion de Bedugul<\/strong><\/h3><ul class=\"wp-block-list\"><li><strong>Pourquoi visiter ?<\/strong>\u00a0: Bedugul offre l&rsquo;air frais des montagnes, des lacs sereins et l&#8217;embl\u00e9matique temple Ulun Danu Beratan. Parfait pour les pique-niques et l&rsquo;exploration en camping-car.<img decoding=\"async\" src=\"https:\/\/s.w.org\/images\/core\/emoji\/15.0.3\/svg\/1f3de.svg\" alt=\"\ud83c\udfde\ufe0f\" style=\"width: 20px;\" title=\"\"><img decoding=\"async\" src=\"https:\/\/s.w.org\/images\/core\/emoji\/15.0.3\/svg\/1f690.svg\" alt=\"\ud83d\ude90\" style=\"width: 20px;\" title=\"\"><\/li><\/ul><h3 class=\"wp-block-heading\"><strong>5. R\u00e9gion du mont Batur<\/strong><\/h3><ul class=\"wp-block-list\"><li><strong>Pourquoi visiter ?<\/strong>\u00a0: R\u00e9veillez-vous avec la vue sur le lever du soleil depuis votre camping-car pr\u00e8s du mont Batur. Randonn\u00e9e jusqu&rsquo;au sommet pour une exp\u00e9rience inoubliable.<img decoding=\"async\" src=\"https:\/\/s.w.org\/images\/core\/emoji\/15.0.3\/svg\/1f304.svg\" alt=\"\ud83c\udf04\" style=\"width: 20px;\" title=\"\"><img decoding=\"async\" src=\"https:\/\/s.w.org\/images\/core\/emoji\/15.0.3\/svg\/1f525.svg\" alt=\"\ud83d\udd25\" style=\"width: 20px;\" title=\"\"><\/li><\/ul><p>N&rsquo;oubliez pas que la s\u00e9curit\u00e9 passe avant tout ! Suivez les directives routi\u00e8res, respectez les coutumes locales et ne laissez aucune trace. Capturez des souvenirs, cr\u00e9ez des histoires et laissez les emplacements pour camping-cars de Bali vous voler votre c\u0153ur\u00a0!<img decoding=\"async\" src=\"https:\/\/s.w.org\/images\/core\/emoji\/15.0.3\/svg\/1f4f8.svg\" alt=\"\ud83d\udcf8\" style=\"width: 20px;\" title=\"\"><img decoding=\"async\" src=\"https:\/\/s.w.org\/images\/core\/emoji\/15.0.3\/svg\/2764.svg\" alt=\"\u2764\ufe0f\" style=\"width: 20px;\" title=\"\"><\/p>","protected":false},"excerpt":{"rendered":"<p>1. Plage de Balian 2. Bukit Surga (pr\u00e8s de Jatiluwih) 3. Medewi 4. R\u00e9gion de Bedugul 5. R\u00e9gion du mont Batur N&rsquo;oubliez pas que la s\u00e9curit\u00e9 passe avant tout ! Suivez les directives routi\u00e8res, respectez les coutumes locales et ne laissez aucune trace. Capturez des souvenirs, cr\u00e9ez des histoires et laissez les emplacements pour camping-cars&hellip;&nbsp;<a href=\"https:\/\/balibestmotorcycle.com\/fr\/les-meilleurs-emplacements-pour-camping-cars-a-bali\" class=\"\" rel=\"bookmark\">Lire la suite &raquo;<span class=\"screen-reader-text\">Les meilleurs emplacements pour camping-cars \u00e0 Bali<\/span><\/a><\/p>\n","protected":false},"author":1,"featured_media":0,"parent":0,"menu_order":0,"comment_status":"closed","ping_status":"closed","template":"","meta":{"neve_meta_sidebar":"","neve_meta_container":"","neve_meta_enable_content_width":"","neve_meta_content_width":0,"neve_meta_title_alignment":"","neve_meta_author_avatar":"","neve_post_elements_order":"","neve_meta_disable_header":"","neve_meta_disable_footer":"","neve_meta_disable_title":"","_ti_tpc_template_sync":false,"_ti_tpc_template_id":"","footnotes":""},"class_list":["post-4882","page","type-page","status-publish","hentry"],"_links":{"self":[{"href":"https:\/\/balibestmotorcycle.com\/fr\/wp-json\/wp\/v2\/pages\/4882","targetHints":{"allow":["GET"]}}],"collection":[{"href":"https:\/\/balibestmotorcycle.com\/fr\/wp-json\/wp\/v2\/pages"}],"about":[{"href":"https:\/\/balibestmotorcycle.com\/fr\/wp-json\/wp\/v2\/types\/page"}],"author":[{"embeddable":true,"href":"https:\/\/balibestmotorcycle.com\/fr\/wp-json\/wp\/v2\/users\/1"}],"replies":[{"embeddable":true,"href":"https:\/\/balibestmotorcycle.com\/fr\/wp-json\/wp\/v2\/comments?post=4882"}],"version-history":[{"count":1,"href":"https:\/\/balibestmotorcycle.com\/fr\/wp-json\/wp\/v2\/pages\/4882\/revisions"}],"predecessor-version":[{"id":4883,"href":"https:\/\/balibestmotorcycle.com\/fr\/wp-json\/wp\/v2\/pages\/4882\/revisions\/4883"}],"wp:attachment":[{"href":"https:\/\/balibestmotorcycle.com\/fr\/wp-json\/wp\/v2\/media?parent=4882"}],"curies":[{"name":"wp","href":"https:\/\/api.w.org\/{rel}","templated":true}]}}