{"id":3439,"date":"2023-09-13T01:21:52","date_gmt":"2023-09-13T01:21:52","guid":{"rendered":"https:\/\/balibestmotorcycle.com\/?page_id=3439"},"modified":"2024-07-17T05:56:14","modified_gmt":"2024-07-17T05:56:14","slug":"location-de-velos-top-bali","status":"publish","type":"page","link":"https:\/\/balibestmotorcycle.com\/fr\/location-de-velos-top-bali","title":{"rendered":"LOCATION DE V\u00c9LOS TOP BALI"},"content":{"rendered":"<p><\/p><p>Chers aventuriers de Bali,<\/p><p>Nous esp\u00e9rons que ce message vous trouvera bien. Chez Bali Best Motorcycle, nous sommes ravis de vous pr\u00e9senter les derni\u00e8res mises \u00e0 jour sur nos services de location de motos, con\u00e7us pour rendre votre exploration de Bali encore plus m\u00e9morable.<\/p><p><img decoding=\"async\" src=\"https:\/\/s.w.org\/images\/core\/emoji\/15.0.3\/svg\/1f3cd.svg\" alt=\"\ud83c\udfcd\" style=\"width: 20px;\" title=\"\">\u00a0<strong>Nouveaux ajouts \u00e0 la flotte<\/strong>\u00a0: Nous avons \u00e9largi notre flotte pour vous offrir un choix encore plus large de motos. Que vous pr\u00e9f\u00e9riez les lignes \u00e9pur\u00e9es d&rsquo;un scooter pour l&rsquo;exploration urbaine ou la puissance robuste d&rsquo;une moto tout-terrain pour les aventures hors route, nous avons ce qu&rsquo;il vous faut.<\/p><p><img decoding=\"async\" src=\"https:\/\/s.w.org\/images\/core\/emoji\/15.0.3\/svg\/1f334.svg\" alt=\"\ud83c\udf34\" style=\"width: 20px;\" title=\"\">\u00a0<strong>Commodit\u00e9 \u00e0 l&rsquo;\u00e9chelle de l&rsquo;\u00eele<\/strong>\u00a0: Nous avons strat\u00e9giquement plac\u00e9 nos stations de location \u00e0 travers Bali, ce qui rend plus facile que jamais la prise en charge et la restitution de votre moto. Peu importe o\u00f9 votre aventure vous m\u00e8ne, nous avons un emplacement \u00e0 proximit\u00e9.<\/p><p><img decoding=\"async\" src=\"https:\/\/s.w.org\/images\/core\/emoji\/15.0.3\/svg\/1f469-200d-1f527.svg\" alt=\"\ud83d\udc69\u200d\ud83d\udd27\" style=\"width: 20px;\" title=\"\">\u00a0<strong>Entretien de premier ordre<\/strong>\u00a0: Votre s\u00e9curit\u00e9 est notre priorit\u00e9 absolue. Rassurez-vous, chaque moto de notre flotte est soumise \u00e0 un entretien et \u00e0 des contr\u00f4les de s\u00e9curit\u00e9 r\u00e9guliers, afin que vous puissiez explorer Bali sans souci.<\/p><p><img decoding=\"async\" src=\"https:\/\/s.w.org\/images\/core\/emoji\/15.0.3\/svg\/1f5fa.svg\" alt=\"\ud83d\uddfa\ufe0f\" style=\"width: 20px;\" title=\"\">\u00a0<strong>Cartes et recommandations personnalis\u00e9es<\/strong>\u00a0: Pour am\u00e9liorer votre exp\u00e9rience \u00e0 Bali, nous avons cr\u00e9\u00e9 des cartes personnalis\u00e9es mettant en \u00e9vidence les joyaux cach\u00e9s de l&rsquo;\u00eele, les plus belles plages et les routes panoramiques. De plus, notre personnel exp\u00e9riment\u00e9 peut vous fournir des conseils et des recommandations privil\u00e9gi\u00e9s pour vous assurer de tirer le meilleur parti de votre voyage.<\/p><p><img decoding=\"async\" src=\"https:\/\/s.w.org\/images\/core\/emoji\/15.0.3\/svg\/1f4bc.svg\" alt=\"\ud83d\udcbc\" style=\"width: 20px;\" title=\"\">\u00a0<strong>Prix \u200b\u200b\u200b\u200babordables<\/strong>\u00a0: Nous croyons qu&rsquo;il est important de rendre la location de motos accessible \u00e0 tous. Nos prix comp\u00e9titifs vous permettent de profiter des merveilles de Bali sans vous ruiner.<\/p><p><img decoding=\"async\" src=\"https:\/\/s.w.org\/images\/core\/emoji\/15.0.3\/svg\/1f31e.svg\" alt=\"\ud83c\udf1e\" style=\"width: 20px;\" title=\"\">\u00a0<strong>Assistance client 24h\/24 et 7j\/7<\/strong>\u00a0: Si vous rencontrez des probl\u00e8mes ou avez besoin d&rsquo;aide pendant votre p\u00e9riode de location, notre \u00e9quipe d&rsquo;assistance d\u00e9di\u00e9e est disponible 24h\/24 et 7j\/7 pour vous aider. Votre confort et votre tranquillit\u00e9 d&rsquo;esprit sont nos priorit\u00e9s.<\/p><p><img decoding=\"async\" src=\"https:\/\/s.w.org\/images\/core\/emoji\/15.0.3\/svg\/1f30f.svg\" alt=\"\ud83c\udf0f\" style=\"width: 20px;\" title=\"\">\u00a0<strong>Initiative respectueuse de l&rsquo;environnement<\/strong>\u00a0: Nous nous engageons \u00e0 pr\u00e9server la beaut\u00e9 naturelle de Bali. Nos pratiques respectueuses de l&rsquo;environnement comprennent des nettoyages r\u00e9guliers des plages et des partenariats avec des organisations environnementales locales pour prot\u00e9ger ce paradis que nous aimons tous.<\/p><p><img decoding=\"async\" src=\"https:\/\/s.w.org\/images\/core\/emoji\/15.0.3\/svg\/1f381.svg\" alt=\"\ud83c\udf81\" style=\"width: 20px;\" title=\"\">\u00a0<strong>Offres sp\u00e9ciales<\/strong>\u00a0: En guise de remerciement pour votre soutien continu, nous proposons des r\u00e9ductions et des forfaits exclusifs aux clients qui reviennent. Assurez-vous de poser des questions sur notre programme de fid\u00e9lit\u00e9 lorsque vous nous rendez visite.<\/p><p><img decoding=\"async\" src=\"https:\/\/s.w.org\/images\/core\/emoji\/15.0.3\/svg\/1f91d.svg\" alt=\"\ud83e\udd1d\" style=\"width: 20px;\" title=\"\">\u00a0<strong>Engagement communautaire<\/strong>\u00a0: Nous sommes fiers de faire partie active de la communaut\u00e9 de Bali. Rejoignez-nous pour des \u00e9v\u00e9nements locaux et des collectes de fonds, o\u00f9 nous redonnons \u00e0 l&rsquo;\u00eele qui nous a tant donn\u00e9.<\/p><p>\u00cates-vous pr\u00eat \u00e0 vous lancer dans votre prochaine aventure \u00e0 Bali ? Visitez-nous ou consultez notre site Web https:\/\/chinese.balibestmotorcycle.com\/ pour en savoir plus et r\u00e9server votre moto d\u00e8s aujourd&rsquo;hui. Ne manquez pas l&rsquo;occasion de d\u00e9couvrir Bali comme un v\u00e9ritable explorateur !<\/p><p>Merci d&rsquo;avoir choisi Bali Best Motorcycle pour vos besoins de location de motos. Nous sommes impatients de faire partie de votre aventure \u00e0 Bali.<\/p><p>Bon voyage et salutations chaleureuses<\/p>","protected":false},"excerpt":{"rendered":"<p>Chers aventuriers de Bali, Nous esp\u00e9rons que ce message vous trouvera bien. Chez Bali Best Motorcycle, nous sommes ravis de vous pr\u00e9senter les derni\u00e8res mises \u00e0 jour sur nos services de location de motos, con\u00e7us pour rendre votre exploration de Bali encore plus m\u00e9morable. \u00a0Nouveaux ajouts \u00e0 la flotte\u00a0: Nous avons \u00e9largi notre flotte pour&hellip;&nbsp;<a href=\"https:\/\/balibestmotorcycle.com\/fr\/location-de-velos-top-bali\" class=\"\" rel=\"bookmark\">Lire la suite &raquo;<span class=\"screen-reader-text\">LOCATION DE V\u00c9LOS TOP BALI<\/span><\/a><\/p>\n","protected":false},"author":1,"featured_media":0,"parent":0,"menu_order":0,"comment_status":"closed","ping_status":"closed","template":"","meta":{"neve_meta_sidebar":"","neve_meta_container":"","neve_meta_enable_content_width":"","neve_meta_content_width":0,"neve_meta_title_alignment":"","neve_meta_author_avatar":"","neve_post_elements_order":"","neve_meta_disable_header":"","neve_meta_disable_footer":"","neve_meta_disable_title":"","_ti_tpc_template_sync":false,"_ti_tpc_template_id":"","footnotes":""},"class_list":["post-3439","page","type-page","status-publish","hentry"],"_links":{"self":[{"href":"https:\/\/balibestmotorcycle.com\/fr\/wp-json\/wp\/v2\/pages\/3439","targetHints":{"allow":["GET"]}}],"collection":[{"href":"https:\/\/balibestmotorcycle.com\/fr\/wp-json\/wp\/v2\/pages"}],"about":[{"href":"https:\/\/balibestmotorcycle.com\/fr\/wp-json\/wp\/v2\/types\/page"}],"author":[{"embeddable":true,"href":"https:\/\/balibestmotorcycle.com\/fr\/wp-json\/wp\/v2\/users\/1"}],"replies":[{"embeddable":true,"href":"https:\/\/balibestmotorcycle.com\/fr\/wp-json\/wp\/v2\/comments?post=3439"}],"version-history":[{"count":1,"href":"https:\/\/balibestmotorcycle.com\/fr\/wp-json\/wp\/v2\/pages\/3439\/revisions"}],"predecessor-version":[{"id":3440,"href":"https:\/\/balibestmotorcycle.com\/fr\/wp-json\/wp\/v2\/pages\/3439\/revisions\/3440"}],"wp:attachment":[{"href":"https:\/\/balibestmotorcycle.com\/fr\/wp-json\/wp\/v2\/media?parent=3439"}],"curies":[{"name":"wp","href":"https:\/\/api.w.org\/{rel}","templated":true}]}}