{"id":3417,"date":"2023-04-04T06:54:53","date_gmt":"2023-04-04T06:54:53","guid":{"rendered":"https:\/\/balibestmotorcycle.com\/?page_id=3417"},"modified":"2024-07-17T05:41:48","modified_gmt":"2024-07-17T05:41:48","slug":"commentaires","status":"publish","type":"page","link":"https:\/\/balibestmotorcycle.com\/fr\/commentaires","title":{"rendered":"COMMENTAIRES"},"content":{"rendered":"<p><\/p><p>Encore une fois, merci de nous avoir choisis&nbsp;!<\/p><p>Les avis positifs de clients formidables comme vous aident d&rsquo;autres clients potentiels \u00e0 avoir confiance en nous. Nous vous serions \u00e9ternellement reconnaissants si vous pouviez prendre une minute de votre temps pour nous \u00e9valuer sur&nbsp;:<\/p><p><a href=\"https:\/\/g.page\/r\/CdQrmL5KqJ4EEBM\/review\" target=\"_blank\">GOOGLE<\/a><\/p><p><a href=\"https:\/\/www.facebook.com\/balibestmotorcycle\/reviews\" target=\"_blank\" rel=\"noopener\">FACEBOOK<\/a><\/p><p><a href=\"https:\/\/www.tripadvisor.com\/Attraction_Review-g311298-d25217602-Reviews-Bali_Best_Motorcycle-Canggu_North_Kuta_Bali.html\" target=\"_blank\" rel=\"noopener\">CONSEILLER DE VOYAGE<\/a><\/p><p>Merci d&rsquo;avance de nous aider !<\/p>","protected":false},"excerpt":{"rendered":"<p>Encore une fois, merci de nous avoir choisis&nbsp;! Les avis positifs de clients formidables comme vous aident d&rsquo;autres clients potentiels \u00e0 avoir confiance en nous. Nous vous serions \u00e9ternellement reconnaissants si vous pouviez prendre une minute de votre temps pour nous \u00e9valuer sur&nbsp;: GOOGLE FACEBOOK CONSEILLER DE VOYAGE Merci d&rsquo;avance de nous aider !<\/p>\n","protected":false},"author":1,"featured_media":0,"parent":0,"menu_order":0,"comment_status":"closed","ping_status":"closed","template":"","meta":{"neve_meta_sidebar":"","neve_meta_container":"","neve_meta_enable_content_width":"","neve_meta_content_width":0,"neve_meta_title_alignment":"","neve_meta_author_avatar":"","neve_post_elements_order":"","neve_meta_disable_header":"","neve_meta_disable_footer":"","neve_meta_disable_title":"","_ti_tpc_template_sync":false,"_ti_tpc_template_id":"","footnotes":""},"class_list":["post-3417","page","type-page","status-publish","hentry"],"_links":{"self":[{"href":"https:\/\/balibestmotorcycle.com\/fr\/wp-json\/wp\/v2\/pages\/3417","targetHints":{"allow":["GET"]}}],"collection":[{"href":"https:\/\/balibestmotorcycle.com\/fr\/wp-json\/wp\/v2\/pages"}],"about":[{"href":"https:\/\/balibestmotorcycle.com\/fr\/wp-json\/wp\/v2\/types\/page"}],"author":[{"embeddable":true,"href":"https:\/\/balibestmotorcycle.com\/fr\/wp-json\/wp\/v2\/users\/1"}],"replies":[{"embeddable":true,"href":"https:\/\/balibestmotorcycle.com\/fr\/wp-json\/wp\/v2\/comments?post=3417"}],"version-history":[{"count":1,"href":"https:\/\/balibestmotorcycle.com\/fr\/wp-json\/wp\/v2\/pages\/3417\/revisions"}],"predecessor-version":[{"id":3418,"href":"https:\/\/balibestmotorcycle.com\/fr\/wp-json\/wp\/v2\/pages\/3417\/revisions\/3418"}],"wp:attachment":[{"href":"https:\/\/balibestmotorcycle.com\/fr\/wp-json\/wp\/v2\/media?parent=3417"}],"curies":[{"name":"wp","href":"https:\/\/api.w.org\/{rel}","templated":true}]}}