{"id":3366,"date":"2023-08-22T02:35:38","date_gmt":"2023-08-22T02:35:38","guid":{"rendered":"https:\/\/balibestmotorcycle.com\/?page_id=3366"},"modified":"2024-07-17T02:00:20","modified_gmt":"2024-07-17T02:00:20","slug":"voyage-au-paradis-balade-de-canggu-a-la-cascade-de-sekumpul-en-moto","status":"publish","type":"page","link":"https:\/\/balibestmotorcycle.com\/fr\/voyage-au-paradis-balade-de-canggu-a-la-cascade-de-sekumpul-en-moto","title":{"rendered":"Voyage au paradis\u00a0: balade de Canggu \u00e0 la cascade de Sekumpul en moto"},"content":{"rendered":"<p><\/p><p><strong>Introduction :<\/strong><br>Nich\u00e9e au c\u0153ur des paysages luxuriants de Bali, la cascade de Sekumpul constitue un t\u00e9moignage majestueux de la grandeur de la nature. Pour ceux qui recherchent une aventure alliant le frisson de la moto \u00e0 l&rsquo;enchantement de la d\u00e9couverte de joyaux naturels cach\u00e9s, le voyage de Canggu \u00e0 la cascade de Sekumpul promet une odyss\u00e9e inoubliable. Faites monter votre moteur, pr\u00e9parez-vous pour une exp\u00e9dition et embarquons pour une balade inoubliable.<\/p><p><strong>Pr\u00e9parer le terrain&nbsp;:<\/strong><br>Au d\u00e9part de Canggu, vous voyagerez \u00e0 l&rsquo;int\u00e9rieur de Bali, laissant derri\u00e8re vous les rues anim\u00e9es et l&rsquo;\u00e9nergie urbaine pour la tranquillit\u00e9 de la vie rurale. Alors que votre moto navigue \u00e0 travers des routes sinueuses, des rizi\u00e8res en terrasses et des villages pittoresques, vous ressentirez un sentiment d&rsquo;anticipation \u2013 une promesse de la beaut\u00e9 naturelle qui vous attend.<\/p><p><strong>Arriv\u00e9e au village de Sekumpul :<\/strong><br>Votre voyage vous emm\u00e8ne au village de Sekumpul, o\u00f9 votre voyage en moto croise un rythme de vie plus serein. Ici, vous laisserez votre moto et partirez \u00e0 pied \u00e0 la d\u00e9couverte de la magnifique cascade de Sekumpul et de ses homologues voisines. La promenade \u00e0 travers le village offre un aper\u00e7u de la vie traditionnelle balinaise, vous connectant \u00e0 la culture de l&rsquo;\u00eele tout en vous pr\u00e9parant \u00e0 rencontrer les merveilles de la nature.<\/p><p><strong>Trekking jusqu&rsquo;\u00e0 la cascade de Sekumpul&nbsp;:<\/strong><br>Alors que votre aventure en moto vous am\u00e8ne \u00e0 proximit\u00e9 de la cascade de Sekumpul, le dernier tron\u00e7on n\u00e9cessite une randonn\u00e9e mod\u00e9r\u00e9e \u00e0 travers une v\u00e9g\u00e9tation dense et des marches descendantes. L\u2019anticipation augmente \u00e0 mesure que le rugissement de l\u2019eau en cascade devient plus prononc\u00e9 \u00e0 chaque pas. Et puis, comme un tr\u00e9sor cach\u00e9 d\u00e9voil\u00e9, la cascade Sekumpul appara\u00eet \u2013 une magnifique cascade d\u2019eau encadr\u00e9e par une verdure luxuriante, une image qui reste grav\u00e9e dans votre m\u00e9moire.<\/p><p><strong>D\u00e9couvrez la beaut\u00e9 de la nature&nbsp;:<\/strong><br>apr\u00e8s cette randonn\u00e9e exaltante, r\u00e9compensez-vous en plongeant dans les eaux fra\u00eeches des piscines naturelles de Sekumpul. La cascade en cascade offre une toile de fond rafra\u00eechissante pendant que vous vous plongez dans l&rsquo;\u00e9treinte de la nature. Le bruit de l&rsquo;eau s&rsquo;\u00e9crasant contre les rochers, la brume dans l&rsquo;air et le sentiment d&rsquo;accomplissement cr\u00e9ent un moment serein qui ressemble \u00e0 une sc\u00e8ne d&rsquo;un paradis tropical.<\/p><p><strong>Rencontres culturelles&nbsp;:<\/strong><br>en revenant \u00e0 travers le village de Sekumpul sur votre moto, profitez de l&rsquo;occasion pour vous engager avec la communaut\u00e9 locale. Interagissez avec les villageois, d\u00e9couvrez leurs traditions et peut-\u00eatre m\u00eame savourez des sp\u00e9cialit\u00e9s locales. Cet \u00e9change culturel ajoute de la profondeur \u00e0 votre aventure et cr\u00e9e un sentiment de connexion avec les lieux que vous avez travers\u00e9s.<\/p><p><strong>Conclusion&nbsp;: un voyage inoubliable<\/strong><br>Voyager de Canggu \u00e0 la cascade de Sekumpul en moto n&rsquo;est pas seulement un voyage physique&nbsp;: c&rsquo;est une exploration des divers paysages de Bali, un lien avec sa culture et une immersion dans sa beaut\u00e9 naturelle. De l&rsquo;\u00e9nergie vibrante de Canggu \u00e0 l&rsquo;oasis tranquille de Sekumpul, chaque kilom\u00e8tre parcouru et chaque pas franchi ajoute \u00e0 la tapisserie des souvenirs. Alors, montez en selle, suivez la route la moins fr\u00e9quent\u00e9e et laissez la magie des deux roues vous conduire jusqu&rsquo;\u00e0 l&rsquo;\u00e9treinte majestueuse de la cascade de Sekumpul \u2013 un voyage qui promet de rester grav\u00e9 dans votre c\u0153ur pendant des ann\u00e9es.<\/p>","protected":false},"excerpt":{"rendered":"<p>Introduction :Nich\u00e9e au c\u0153ur des paysages luxuriants de Bali, la cascade de Sekumpul constitue un t\u00e9moignage majestueux de la grandeur de la nature. Pour ceux qui recherchent une aventure alliant le frisson de la moto \u00e0 l&rsquo;enchantement de la d\u00e9couverte de joyaux naturels cach\u00e9s, le voyage de Canggu \u00e0 la cascade de Sekumpul promet une&hellip;&nbsp;<a href=\"https:\/\/balibestmotorcycle.com\/fr\/voyage-au-paradis-balade-de-canggu-a-la-cascade-de-sekumpul-en-moto\" class=\"\" rel=\"bookmark\">Lire la suite &raquo;<span class=\"screen-reader-text\">Voyage au paradis\u00a0: balade de Canggu \u00e0 la cascade de Sekumpul en moto<\/span><\/a><\/p>\n","protected":false},"author":1,"featured_media":0,"parent":0,"menu_order":0,"comment_status":"closed","ping_status":"closed","template":"","meta":{"neve_meta_sidebar":"","neve_meta_container":"","neve_meta_enable_content_width":"","neve_meta_content_width":0,"neve_meta_title_alignment":"","neve_meta_author_avatar":"","neve_post_elements_order":"","neve_meta_disable_header":"","neve_meta_disable_footer":"","neve_meta_disable_title":"","_ti_tpc_template_sync":false,"_ti_tpc_template_id":"","footnotes":""},"class_list":["post-3366","page","type-page","status-publish","hentry"],"_links":{"self":[{"href":"https:\/\/balibestmotorcycle.com\/fr\/wp-json\/wp\/v2\/pages\/3366","targetHints":{"allow":["GET"]}}],"collection":[{"href":"https:\/\/balibestmotorcycle.com\/fr\/wp-json\/wp\/v2\/pages"}],"about":[{"href":"https:\/\/balibestmotorcycle.com\/fr\/wp-json\/wp\/v2\/types\/page"}],"author":[{"embeddable":true,"href":"https:\/\/balibestmotorcycle.com\/fr\/wp-json\/wp\/v2\/users\/1"}],"replies":[{"embeddable":true,"href":"https:\/\/balibestmotorcycle.com\/fr\/wp-json\/wp\/v2\/comments?post=3366"}],"version-history":[{"count":1,"href":"https:\/\/balibestmotorcycle.com\/fr\/wp-json\/wp\/v2\/pages\/3366\/revisions"}],"predecessor-version":[{"id":3367,"href":"https:\/\/balibestmotorcycle.com\/fr\/wp-json\/wp\/v2\/pages\/3366\/revisions\/3367"}],"wp:attachment":[{"href":"https:\/\/balibestmotorcycle.com\/fr\/wp-json\/wp\/v2\/media?parent=3366"}],"curies":[{"name":"wp","href":"https:\/\/api.w.org\/{rel}","templated":true}]}}