{"id":3358,"date":"2023-08-22T02:33:39","date_gmt":"2023-08-22T02:33:39","guid":{"rendered":"https:\/\/balibestmotorcycle.com\/?page_id=3358"},"modified":"2024-07-17T01:56:18","modified_gmt":"2024-07-17T01:56:18","slug":"island-odyssey-balade-de-bali-aux-iles-gili-en-moto","status":"publish","type":"page","link":"https:\/\/balibestmotorcycle.com\/fr\/island-odyssey-balade-de-bali-aux-iles-gili-en-moto","title":{"rendered":"Island Odyssey : balade de Bali aux \u00eeles Gili en moto"},"content":{"rendered":"<p><\/p><p><strong>Introduction :<\/strong><br>Vous r\u00eavez d&rsquo;une escapade tropicale qui vous emm\u00e8ne des c\u00f4tes de Bali aux \u00eeles paradisiaques de Gili ? Imaginez-vous embarquer pour un voyage alliant le frisson de la route \u00e0 l&rsquo;attrait des plages immacul\u00e9es et des eaux cristallines. Si vous \u00eates un aventurier \u00e0 la recherche d&rsquo;un moyen unique d&rsquo;atteindre les \u00eeles Gili, laissez le grondement du moteur d&rsquo;une moto \u00eatre la bande originale d&rsquo;une odyss\u00e9e insulaire inoubliable.<\/p><p><strong>La Route de la D\u00e9couverte :<\/strong><br>Au d\u00e9part de Bali, votre voyage vers les \u00eeles Gili commence par un trajet jusqu&rsquo;\u00e0 Padang Bai, point de d\u00e9part des ferries \u00e0 destination des \u00eeles Gili. Tandis que votre moto roule sur les routes c\u00f4ti\u00e8res, vous traverserez de charmants villages, des rizi\u00e8res anim\u00e9es et des vues c\u00f4ti\u00e8res \u00e0 couper le souffle. Le voyage lui-m\u00eame devient une aventure, offrant un aper\u00e7u des divers paysages de Bali.<\/p><p><strong>Travers\u00e9e en ferry depuis Padang Bai :<\/strong><br>En arrivant \u00e0 Padang Bai, vous monterez \u00e0 bord d&rsquo;un ferry qui vous transportera, vous et votre moto, vers les \u00eeles Gili. Tandis que le trajet en ferry vous permet de vous reposer et de pr\u00e9parer la prochaine \u00e9tape de votre voyage, l&rsquo;impatience d&rsquo;atteindre les \u00eeles idylliques de Gili est palpable dans l&rsquo;air.<\/p><p><strong>Explorer les \u00eeles Gili sur deux roues :<\/strong><br>D\u00e8s votre arriv\u00e9e aux \u00eeles Gili, votre moto redevient votre fid\u00e8le compagnon. En parcourant les sentiers sablonneux de ces \u00eeles interdites aux voitures, vous ressentirez un sentiment de libert\u00e9 pas comme les autres. La douce brise apporte le parfum de la mer et les eaux turquoise ne sont jamais loin de la vue. Que vous soyez \u00e0 Gili Trawangan, Gili Air ou Gili Meno, la joie de l&rsquo;exploration de l&rsquo;\u00eele prend une nouvelle dimension lorsque vous parcourez les charmants sentiers en moto.<\/p><p><strong>\u00c0 la poursuite des couchers de soleil et des aventures en plong\u00e9e en apn\u00e9e&nbsp;:<\/strong><br>les \u00eeles Gili sont c\u00e9l\u00e8bres pour leurs couchers de soleil impressionnants, et votre moto facilite la poursuite de ces moments \u00e0 couper le souffle. Roulez vers le c\u00f4t\u00e9 ouest des \u00eeles, garez votre v\u00e9lo et regardez le soleil se coucher sous l&rsquo;horizon, peignant le ciel dans une palette de teintes vibrantes. De plus, les \u00eeles Gili sont un paradis pour les plongeurs et votre moto vous permet d&rsquo;acc\u00e9der facilement \u00e0 divers sites de plong\u00e9e en apn\u00e9e le long de la c\u00f4te. Plongez dans les eaux cristallines et d\u00e9couvrez un monde de vie marine color\u00e9e sous la surface.<\/p><p><strong>D\u00e9lices locaux et rencontres culturelles&nbsp;:<\/strong><br>explorer les \u00eeles Gili en moto n&rsquo;est pas seulement une question de paysages, c&rsquo;est aussi s&rsquo;impliquer dans la culture locale. Arr\u00eatez-vous sur les march\u00e9s de l&rsquo;\u00eele, d\u00e9gustez une d\u00e9licieuse cuisine locale et interagissez avec les sympathiques habitants. Avec votre moto, vous n&rsquo;\u00eates pas seulement un visiteur : vous faites partie du rythme de l&rsquo;\u00eele, en vous connectant avec ses habitants et ses traditions.<\/p><p><strong>Conclusion : un voyage qui vaut chaque kilom\u00e8tre<\/strong><br>Voyager de Bali aux \u00eeles Gili en moto n&rsquo;est pas seulement un moyen de transport ; c&rsquo;est un voyage qui allie le plaisir de rouler \u00e0 cheval avec la tranquillit\u00e9 de la vie insulaire. Tandis que votre moto vous emm\u00e8nera de l&rsquo;\u00e9nergie tr\u00e9pidante de Bali \u00e0 la s\u00e9r\u00e9nit\u00e9 des \u00eeles Gili, vous d\u00e9couvrirez des tr\u00e9sors cach\u00e9s, d\u00e9couvrirez la beaut\u00e9 des paysages de Bali et vous plongerez dans le charme unique des \u00eeles Gili. Alors, faites monter votre moteur, empruntez les routes les moins fr\u00e9quent\u00e9es et laissez la magie des deux roues vous transporter dans une odyss\u00e9e insulaire qui occupera \u00e0 jamais une place sp\u00e9ciale dans votre c\u0153ur.<\/p>","protected":false},"excerpt":{"rendered":"<p>Introduction :Vous r\u00eavez d&rsquo;une escapade tropicale qui vous emm\u00e8ne des c\u00f4tes de Bali aux \u00eeles paradisiaques de Gili ? Imaginez-vous embarquer pour un voyage alliant le frisson de la route \u00e0 l&rsquo;attrait des plages immacul\u00e9es et des eaux cristallines. Si vous \u00eates un aventurier \u00e0 la recherche d&rsquo;un moyen unique d&rsquo;atteindre les \u00eeles Gili, laissez&hellip;&nbsp;<a href=\"https:\/\/balibestmotorcycle.com\/fr\/island-odyssey-balade-de-bali-aux-iles-gili-en-moto\" class=\"\" rel=\"bookmark\">Lire la suite &raquo;<span class=\"screen-reader-text\">Island Odyssey : balade de Bali aux \u00eeles Gili en moto<\/span><\/a><\/p>\n","protected":false},"author":1,"featured_media":0,"parent":0,"menu_order":0,"comment_status":"closed","ping_status":"closed","template":"","meta":{"neve_meta_sidebar":"","neve_meta_container":"","neve_meta_enable_content_width":"","neve_meta_content_width":0,"neve_meta_title_alignment":"","neve_meta_author_avatar":"","neve_post_elements_order":"","neve_meta_disable_header":"","neve_meta_disable_footer":"","neve_meta_disable_title":"","_ti_tpc_template_sync":false,"_ti_tpc_template_id":"","footnotes":""},"class_list":["post-3358","page","type-page","status-publish","hentry"],"_links":{"self":[{"href":"https:\/\/balibestmotorcycle.com\/fr\/wp-json\/wp\/v2\/pages\/3358","targetHints":{"allow":["GET"]}}],"collection":[{"href":"https:\/\/balibestmotorcycle.com\/fr\/wp-json\/wp\/v2\/pages"}],"about":[{"href":"https:\/\/balibestmotorcycle.com\/fr\/wp-json\/wp\/v2\/types\/page"}],"author":[{"embeddable":true,"href":"https:\/\/balibestmotorcycle.com\/fr\/wp-json\/wp\/v2\/users\/1"}],"replies":[{"embeddable":true,"href":"https:\/\/balibestmotorcycle.com\/fr\/wp-json\/wp\/v2\/comments?post=3358"}],"version-history":[{"count":1,"href":"https:\/\/balibestmotorcycle.com\/fr\/wp-json\/wp\/v2\/pages\/3358\/revisions"}],"predecessor-version":[{"id":3359,"href":"https:\/\/balibestmotorcycle.com\/fr\/wp-json\/wp\/v2\/pages\/3358\/revisions\/3359"}],"wp:attachment":[{"href":"https:\/\/balibestmotorcycle.com\/fr\/wp-json\/wp\/v2\/media?parent=3358"}],"curies":[{"name":"wp","href":"https:\/\/api.w.org\/{rel}","templated":true}]}}