{"id":3286,"date":"2023-06-18T06:04:58","date_gmt":"2023-06-18T06:04:58","guid":{"rendered":"https:\/\/balibestmotorcycle.com\/?page_id=3286"},"modified":"2024-07-16T18:40:11","modified_gmt":"2024-07-16T18:40:11","slug":"quelle-est-la-popularite-de-la-location-de-velo-a-bali","status":"publish","type":"page","link":"https:\/\/balibestmotorcycle.com\/fr\/quelle-est-la-popularite-de-la-location-de-velo-a-bali","title":{"rendered":"Quelle est la popularit\u00e9 de la location de v\u00e9lo \u00e0 Bali ?"},"content":{"rendered":"<p>Oui, il est tr\u00e8s populaire de louer une moto \u00e0 Bali. La location de motos est largement disponible dans toute l&rsquo;\u00eele, en particulier dans les zones touristiques populaires telles que Kuta, Seminyak, Ubud et Canggu. L&rsquo;industrie touristique bien \u00e9tablie de Bali, associ\u00e9e aux conditions de circulation de l&rsquo;\u00eele et \u00e0 la commodit\u00e9 des motos pour se d\u00e9placer, a fait de la location d&rsquo;une moto un choix populaire parmi les touristes et m\u00eame certains r\u00e9sidents de longue dur\u00e9e.<\/p><p>Il existe de nombreux magasins de location de motos, petits et grands, proposant une vari\u00e9t\u00e9 de mod\u00e8les de motos adapt\u00e9s \u00e0 diff\u00e9rentes pr\u00e9f\u00e9rences et budgets. De nombreux magasins de location proposent des options de location \u00e0 court ou \u00e0 long terme, permettant aux visiteurs de choisir la dur\u00e9e qui correspond le mieux \u00e0 leurs projets.<\/p><p>Louer une moto \u00e0 Bali offre plusieurs avantages. Il offre la libert\u00e9 et la flexibilit\u00e9 n\u00e9cessaires pour explorer l&rsquo;\u00eele \u00e0 votre rythme, acc\u00e9der aux zones recul\u00e9es et \u00e9viter les embouteillages. C\u2019est aussi g\u00e9n\u00e9ralement plus abordable que la location d\u2019une voiture ou l\u2019utilisation d\u2019autres modes de transport. De plus, la location d&rsquo;une moto vous donne la possibilit\u00e9 de d\u00e9couvrir Bali comme un local et de vous immerger dans l&rsquo;atmosph\u00e8re vibrante de l&rsquo;\u00eele.<\/p><p>Cependant, il est important de noter que conduire une moto \u00e0 Bali comporte ses propres consid\u00e9rations, notamment les conditions de circulation, la s\u00e9curit\u00e9 routi\u00e8re et une exp\u00e9rience de conduite ad\u00e9quate. Il est essentiel de donner la priorit\u00e9 \u00e0 votre s\u00e9curit\u00e9, de porter un casque, de respecter le code de la route et de faire preuve de prudence lorsque vous roulez sur les routes de Bali.<\/p>","protected":false},"excerpt":{"rendered":"<p>Oui, il est tr\u00e8s populaire de louer une moto \u00e0 Bali. La location de motos est largement disponible dans toute l&rsquo;\u00eele, en particulier dans les zones touristiques populaires telles que Kuta, Seminyak, Ubud et Canggu. L&rsquo;industrie touristique bien \u00e9tablie de Bali, associ\u00e9e aux conditions de circulation de l&rsquo;\u00eele et \u00e0 la commodit\u00e9 des motos pour&hellip;&nbsp;<a href=\"https:\/\/balibestmotorcycle.com\/fr\/quelle-est-la-popularite-de-la-location-de-velo-a-bali\" class=\"\" rel=\"bookmark\">Lire la suite &raquo;<span class=\"screen-reader-text\">Quelle est la popularit\u00e9 de la location de v\u00e9lo \u00e0 Bali ?<\/span><\/a><\/p>\n","protected":false},"author":1,"featured_media":0,"parent":0,"menu_order":0,"comment_status":"closed","ping_status":"closed","template":"","meta":{"neve_meta_sidebar":"","neve_meta_container":"","neve_meta_enable_content_width":"","neve_meta_content_width":0,"neve_meta_title_alignment":"","neve_meta_author_avatar":"","neve_post_elements_order":"","neve_meta_disable_header":"","neve_meta_disable_footer":"","neve_meta_disable_title":"","_ti_tpc_template_sync":false,"_ti_tpc_template_id":"","footnotes":""},"class_list":["post-3286","page","type-page","status-publish","hentry"],"_links":{"self":[{"href":"https:\/\/balibestmotorcycle.com\/fr\/wp-json\/wp\/v2\/pages\/3286","targetHints":{"allow":["GET"]}}],"collection":[{"href":"https:\/\/balibestmotorcycle.com\/fr\/wp-json\/wp\/v2\/pages"}],"about":[{"href":"https:\/\/balibestmotorcycle.com\/fr\/wp-json\/wp\/v2\/types\/page"}],"author":[{"embeddable":true,"href":"https:\/\/balibestmotorcycle.com\/fr\/wp-json\/wp\/v2\/users\/1"}],"replies":[{"embeddable":true,"href":"https:\/\/balibestmotorcycle.com\/fr\/wp-json\/wp\/v2\/comments?post=3286"}],"version-history":[{"count":1,"href":"https:\/\/balibestmotorcycle.com\/fr\/wp-json\/wp\/v2\/pages\/3286\/revisions"}],"predecessor-version":[{"id":3287,"href":"https:\/\/balibestmotorcycle.com\/fr\/wp-json\/wp\/v2\/pages\/3286\/revisions\/3287"}],"wp:attachment":[{"href":"https:\/\/balibestmotorcycle.com\/fr\/wp-json\/wp\/v2\/media?parent=3286"}],"curies":[{"name":"wp","href":"https:\/\/api.w.org\/{rel}","templated":true}]}}