{"id":3276,"date":"2023-06-18T06:33:29","date_gmt":"2023-06-18T06:33:29","guid":{"rendered":"https:\/\/balibestmotorcycle.com\/?page_id=3276"},"modified":"2024-07-16T16:46:03","modified_gmt":"2024-07-16T16:46:03","slug":"combien-coute-la-location-dun-scooter-a-bali","status":"publish","type":"page","link":"https:\/\/balibestmotorcycle.com\/fr\/combien-coute-la-location-dun-scooter-a-bali","title":{"rendered":"Combien co\u00fbte la location d\u2019un scooter \u00e0 Bali?"},"content":{"rendered":"<p>Le co\u00fbt de location d&rsquo;un scooter \u00e0 Bali peut varier en fonction de plusieurs facteurs tels que la dur\u00e9e de la location, le type de scooter et la soci\u00e9t\u00e9 de location que vous choisissez. Toutefois, pour vous donner une estimation approximative, la location de scooters \u00e0 Bali varie g\u00e9n\u00e9ralement entre 50 000 et 200 000 roupies indon\u00e9siennes (IDR) par jour.<\/p><p>Veuillez noter que les prix mentionn\u00e9s ici sont approximatifs et peuvent varier en fonction de l&#8217;emplacement, de la saison, des comp\u00e9tences en n\u00e9gociation et d&rsquo;autres facteurs. C&rsquo;est toujours une bonne id\u00e9e de comparer les prix des diff\u00e9rentes soci\u00e9t\u00e9s de location et de n\u00e9gocier la meilleure offre. De plus, certaines soci\u00e9t\u00e9s de location peuvent exiger une caution ou un permis de conduire valide avant de louer un scooter. Assurez-vous de v\u00e9rifier les conditions g\u00e9n\u00e9rales de la soci\u00e9t\u00e9 de location que vous choisissez.<\/p><p>Enfin, lors de la location d&rsquo;un scooter \u00e0 Bali, il est essentiel de donner la priorit\u00e9 \u00e0 votre s\u00e9curit\u00e9. Portez un casque \u00e0 tout moment, respectez le code de la route et familiarisez-vous avec les conditions de conduite locales.<\/p>","protected":false},"excerpt":{"rendered":"<p>Le co\u00fbt de location d&rsquo;un scooter \u00e0 Bali peut varier en fonction de plusieurs facteurs tels que la dur\u00e9e de la location, le type de scooter et la soci\u00e9t\u00e9 de location que vous choisissez. Toutefois, pour vous donner une estimation approximative, la location de scooters \u00e0 Bali varie g\u00e9n\u00e9ralement entre 50 000 et 200 000&hellip;&nbsp;<a href=\"https:\/\/balibestmotorcycle.com\/fr\/combien-coute-la-location-dun-scooter-a-bali\" class=\"\" rel=\"bookmark\">Lire la suite &raquo;<span class=\"screen-reader-text\">Combien co\u00fbte la location d\u2019un scooter \u00e0 Bali?<\/span><\/a><\/p>\n","protected":false},"author":1,"featured_media":0,"parent":0,"menu_order":0,"comment_status":"closed","ping_status":"closed","template":"","meta":{"neve_meta_sidebar":"","neve_meta_container":"","neve_meta_enable_content_width":"","neve_meta_content_width":0,"neve_meta_title_alignment":"","neve_meta_author_avatar":"","neve_post_elements_order":"","neve_meta_disable_header":"","neve_meta_disable_footer":"","neve_meta_disable_title":"","_ti_tpc_template_sync":false,"_ti_tpc_template_id":"","footnotes":""},"class_list":["post-3276","page","type-page","status-publish","hentry"],"_links":{"self":[{"href":"https:\/\/balibestmotorcycle.com\/fr\/wp-json\/wp\/v2\/pages\/3276","targetHints":{"allow":["GET"]}}],"collection":[{"href":"https:\/\/balibestmotorcycle.com\/fr\/wp-json\/wp\/v2\/pages"}],"about":[{"href":"https:\/\/balibestmotorcycle.com\/fr\/wp-json\/wp\/v2\/types\/page"}],"author":[{"embeddable":true,"href":"https:\/\/balibestmotorcycle.com\/fr\/wp-json\/wp\/v2\/users\/1"}],"replies":[{"embeddable":true,"href":"https:\/\/balibestmotorcycle.com\/fr\/wp-json\/wp\/v2\/comments?post=3276"}],"version-history":[{"count":1,"href":"https:\/\/balibestmotorcycle.com\/fr\/wp-json\/wp\/v2\/pages\/3276\/revisions"}],"predecessor-version":[{"id":3277,"href":"https:\/\/balibestmotorcycle.com\/fr\/wp-json\/wp\/v2\/pages\/3276\/revisions\/3277"}],"wp:attachment":[{"href":"https:\/\/balibestmotorcycle.com\/fr\/wp-json\/wp\/v2\/media?parent=3276"}],"curies":[{"name":"wp","href":"https:\/\/api.w.org\/{rel}","templated":true}]}}