{"id":3268,"date":"2023-08-22T02:23:11","date_gmt":"2023-08-22T02:23:11","guid":{"rendered":"https:\/\/balibestmotorcycle.com\/?page_id=3268"},"modified":"2024-07-16T16:41:58","modified_gmt":"2024-07-16T16:41:58","slug":"explorez-bali-avec-les-meilleurs-services-de-location-de-motos","status":"publish","type":"page","link":"https:\/\/balibestmotorcycle.com\/fr\/explorez-bali-avec-les-meilleurs-services-de-location-de-motos","title":{"rendered":"Explorez Bali avec les meilleurs services de location de motos"},"content":{"rendered":"<p><strong>D\u00e9couvrez les joyaux cach\u00e9s de Bali sur deux roues gr\u00e2ce \u00e0 nos services de location de motos haut de gamme. Profitez de la libert\u00e9 de la route tout en explorant les plages, les rizi\u00e8res en terrasses et bien plus encore. R\u00e9servez d\u00e8s maintenant pour une aventure inoubliable !<\/strong><\/p><p>\u00cates-vous pr\u00eat \u00e0 d\u00e9couvrir Bali comme jamais auparavant ? Imaginez-vous naviguer sur des routes c\u00f4ti\u00e8res pittoresques, serpenter \u00e0 travers des paysages verdoyants et explorer de charmants villages \u00e0 votre rythme. Avec nos services de location de motos haut de gamme \u00e0 Bali, vous pouvez transformer ce r\u00eave en r\u00e9alit\u00e9.<\/p><p><strong>Pourquoi choisir nos services de location de motos \u00e0 Bali ?<\/strong><\/p><p><strong>1. Large gamme de v\u00e9los de qualit\u00e9 :<\/strong>&nbsp;que vous soyez un cycliste chevronn\u00e9 \u00e0 la recherche d&rsquo;une mont\u00e9e d&rsquo;adr\u00e9naline ou un voyageur occasionnel \u00e0 la recherche d&rsquo;une exploration tranquille, nous avons le v\u00e9lo parfait pour vous. Notre flotte diversifi\u00e9e comprend des scooters pour les balades en ville, des v\u00e9los tout-terrain robustes pour les aventuriers, et tout le reste.<\/p><p><strong>2. Libert\u00e9 d&rsquo;explorer&nbsp;:<\/strong>&nbsp;lib\u00e9rez-vous des limitations des transports traditionnels et d\u00e9couvrez Bali selon vos conditions. Avec une moto de location, vous avez la possibilit\u00e9 de cr\u00e9er votre propre itin\u00e9raire, de d\u00e9couvrir des endroits cach\u00e9s et de vous immerger dans la culture locale.<\/p><p><strong>3. V\u00e9los entretenus par des experts :<\/strong>&nbsp;Votre s\u00e9curit\u00e9 est notre priorit\u00e9. Nos v\u00e9los font l&rsquo;objet d&rsquo;un entretien rigoureux pour garantir leur parfait \u00e9tat. Nous fournissons des casques bien entretenus et des consignes de s\u00e9curit\u00e9, vous offrant une tranquillit\u00e9 d&rsquo;esprit lorsque vous prenez la route.<\/p><p><strong>4. R\u00e9servation sans tracas&nbsp;:<\/strong>&nbsp;Notre plateforme de r\u00e9servation en ligne conviviale facilite la r\u00e9servation de votre moto. Choisissez simplement le v\u00e9lo de votre choix, le lieu de prise en charge et la dur\u00e9e de location. Notre tarification transparente signifie aucune surprise \u2013 vous saurez exactement \u00e0 quoi vous attendre.<\/p><p><strong>5. Informations locales&nbsp;:<\/strong>&nbsp;en tant que passionn\u00e9s de Bali, nous avons \u00e0 c\u0153ur de vous aider \u00e0 tirer le meilleur parti de votre voyage. Comptez sur nous pour obtenir des conseils locaux, des itin\u00e9raires recommand\u00e9s et des attractions incontournables qui ne figurent peut-\u00eatre pas dans votre guide.<\/p><p><strong>6. Souvenirs inoubliables&nbsp;:<\/strong>&nbsp;La beaut\u00e9 de Bali s&rsquo;\u00e9tend au-del\u00e0 des sites touristiques. Imaginez tomber sur des plages immacul\u00e9es, des cascades cach\u00e9es et des restaurants authentiques hors des sentiers battus. Nos locations de motos vous offrent la libert\u00e9 de cr\u00e9er des souvenirs qui dureront toute une vie.<\/p><p><strong>R\u00e9servez votre aventure en moto \u00e0 Bali d\u00e8s aujourd&rsquo;hui&nbsp;!<\/strong><\/p><p>Votre aventure \u00e0 Bali commence par un simple coup d&rsquo;acc\u00e9l\u00e9rateur. D\u00e9couvrez les merveilles naturelles de l&rsquo;\u00eele, sa riche culture et ses paysages \u00e0 couper le souffle d&rsquo;une mani\u00e8re que seule une moto peut offrir. Que vous soyez un voyageur seul, un couple en qu\u00eate d&rsquo;une escapade romantique ou un groupe d&rsquo;amis en qu\u00eate de sensations fortes, nos services de location de motos s&rsquo;adressent \u00e0 tous.<\/p><p>D\u00e9couvrez la v\u00e9ritable essence de Bali avec nos motos fiables et bien entretenues et l&rsquo;assistance d&rsquo;experts. Commencez votre voyage vers une exploration et une d\u00e9couverte sans pr\u00e9c\u00e9dent en r\u00e9servant votre moto d\u00e8s aujourd&rsquo;hui. Pr\u00e9parez-vous \u00e0 vous lancer dans une aventure inoubliable qui vous donnera envie de plus.<\/p>","protected":false},"excerpt":{"rendered":"<p>D\u00e9couvrez les joyaux cach\u00e9s de Bali sur deux roues gr\u00e2ce \u00e0 nos services de location de motos haut de gamme. Profitez de la libert\u00e9 de la route tout en explorant les plages, les rizi\u00e8res en terrasses et bien plus encore. R\u00e9servez d\u00e8s maintenant pour une aventure inoubliable ! \u00cates-vous pr\u00eat \u00e0 d\u00e9couvrir Bali comme jamais&hellip;&nbsp;<a href=\"https:\/\/balibestmotorcycle.com\/fr\/explorez-bali-avec-les-meilleurs-services-de-location-de-motos\" class=\"\" rel=\"bookmark\">Lire la suite &raquo;<span class=\"screen-reader-text\">Explorez Bali avec les meilleurs services de location de motos<\/span><\/a><\/p>\n","protected":false},"author":1,"featured_media":0,"parent":0,"menu_order":0,"comment_status":"closed","ping_status":"closed","template":"","meta":{"neve_meta_sidebar":"","neve_meta_container":"","neve_meta_enable_content_width":"","neve_meta_content_width":0,"neve_meta_title_alignment":"","neve_meta_author_avatar":"","neve_post_elements_order":"","neve_meta_disable_header":"","neve_meta_disable_footer":"","neve_meta_disable_title":"","_ti_tpc_template_sync":false,"_ti_tpc_template_id":"","footnotes":""},"class_list":["post-3268","page","type-page","status-publish","hentry"],"_links":{"self":[{"href":"https:\/\/balibestmotorcycle.com\/fr\/wp-json\/wp\/v2\/pages\/3268","targetHints":{"allow":["GET"]}}],"collection":[{"href":"https:\/\/balibestmotorcycle.com\/fr\/wp-json\/wp\/v2\/pages"}],"about":[{"href":"https:\/\/balibestmotorcycle.com\/fr\/wp-json\/wp\/v2\/types\/page"}],"author":[{"embeddable":true,"href":"https:\/\/balibestmotorcycle.com\/fr\/wp-json\/wp\/v2\/users\/1"}],"replies":[{"embeddable":true,"href":"https:\/\/balibestmotorcycle.com\/fr\/wp-json\/wp\/v2\/comments?post=3268"}],"version-history":[{"count":1,"href":"https:\/\/balibestmotorcycle.com\/fr\/wp-json\/wp\/v2\/pages\/3268\/revisions"}],"predecessor-version":[{"id":3269,"href":"https:\/\/balibestmotorcycle.com\/fr\/wp-json\/wp\/v2\/pages\/3268\/revisions\/3269"}],"wp:attachment":[{"href":"https:\/\/balibestmotorcycle.com\/fr\/wp-json\/wp\/v2\/media?parent=3268"}],"curies":[{"name":"wp","href":"https:\/\/api.w.org\/{rel}","templated":true}]}}