{"id":3264,"date":"2023-06-22T00:54:07","date_gmt":"2023-06-22T00:54:07","guid":{"rendered":"https:\/\/balibestmotorcycle.com\/?page_id=3264"},"modified":"2024-07-16T16:39:28","modified_gmt":"2024-07-16T16:39:28","slug":"explorez-bali-en-moto","status":"publish","type":"page","link":"https:\/\/balibestmotorcycle.com\/fr\/explorez-bali-en-moto","title":{"rendered":"Explorez Bali en moto"},"content":{"rendered":"<p>Bali est une destination populaire et fantastique pour un voyage en moto. Connue pour ses paysages \u00e9poustouflants, ses plages pittoresques, sa culture dynamique et son charme unique, Bali offre une exp\u00e9rience formidable aux passionn\u00e9s de moto. Voici quelques raisons pour lesquelles Bali est une bonne destination pour un voyage en moto :<\/p><ol class=\"wp-block-list\"><li>Routes panoramiques\u00a0: Bali poss\u00e8de de magnifiques paysages qu&rsquo;il est pr\u00e9f\u00e9rable d&rsquo;explorer en moto. Des rizi\u00e8res en terrasses luxuriantes d&rsquo;Ubud aux routes c\u00f4ti\u00e8res spectaculaires, vous aurez de nombreux itin\u00e9raires panoramiques \u00e0 parcourir. L&rsquo;\u00eele offre une gamme vari\u00e9e de paysages, notamment des montagnes volcaniques, des cascades et des villages traditionnels, offrant une vari\u00e9t\u00e9 de sites \u00e0 appr\u00e9cier pendant votre voyage.<\/li>\n\n<li>Libert\u00e9 et flexibilit\u00e9 : Voyager en moto vous offre la libert\u00e9 d&rsquo;explorer Bali \u00e0 votre rythme et de vous aventurer hors des sentiers battus. Vous pouvez facilement naviguer sur des routes \u00e9troites et atteindre des joyaux cach\u00e9s qui pourraient \u00eatre inaccessibles en voiture. Les motos offrent \u00e9galement une certaine flexibilit\u00e9 en termes d&rsquo;arr\u00eat \u00e0 diff\u00e9rentes attractions et de d\u00e9tours quand vous le souhaitez.<\/li>\n\n<li>Immersion culturelle : Bali est r\u00e9put\u00e9e pour sa riche culture et ses traditions. En conduisant une moto, vous pouvez vivre une exp\u00e9rience plus immersive et vous connecter au mode de vie local. Vous pouvez visiter des temples traditionnels, assister \u00e0 des c\u00e9r\u00e9monies color\u00e9es, interagir avec des habitants sympathiques et mieux comprendre la culture balinaise.<\/li>\n\n<li>Beach Hopping\u00a0:\u00a0Bali est c\u00e9l\u00e8bre pour ses superbes plages et une moto vous permet de les explorer plus facilement. Vous pouvez visiter des plages populaires comme Kuta, Seminyak et Uluwatu, ou d\u00e9couvrir des plages cach\u00e9es et moins fr\u00e9quent\u00e9es le long de la c\u00f4te. Rouler le long des routes c\u00f4ti\u00e8res pittoresques de Bali avec la brise oc\u00e9anique est une exp\u00e9rience exaltante.<\/li>\n\n<li>D\u00e9lices culinaires\u00a0: Bali offre un large \u00e9ventail de d\u00e9lices culinaires, de la cuisine de rue locale aux restaurants haut de gamme. Conduire une moto vous permet de vous arr\u00eater facilement dans divers stands de nourriture, warungs (restaurants locaux) et restaurants pour d\u00e9guster une cuisine traditionnelle balinaise ou essayer des plats internationaux. Explorer l&rsquo;\u00eele \u00e0 moto ajoute un sentiment d&rsquo;aventure \u00e0 votre voyage gastronomique.<\/li><\/ol><p>Il est important de donner la priorit\u00e9 \u00e0 la s\u00e9curit\u00e9 lorsque vous conduisez une moto \u00e0 Bali. Assurez-vous d&rsquo;avoir un permis de conduire valide, de porter un casque, de respecter le code de la route et de vous familiariser avec les conditions de conduite locales. De plus, tenez compte des conditions m\u00e9t\u00e9orologiques et routi\u00e8res lors de votre visite, car Bali conna\u00eet des saisons des pluies qui peuvent affecter certaines zones.<\/p><p>Dans l\u2019ensemble, Bali offre une superbe combinaison de beaut\u00e9 des paysages, d\u2019exp\u00e9riences culturelles et de sensations fortes en moto, ce qui en fait une destination merveilleuse pour un voyage en moto.<\/p>","protected":false},"excerpt":{"rendered":"<p>Bali est une destination populaire et fantastique pour un voyage en moto. Connue pour ses paysages \u00e9poustouflants, ses plages pittoresques, sa culture dynamique et son charme unique, Bali offre une exp\u00e9rience formidable aux passionn\u00e9s de moto. Voici quelques raisons pour lesquelles Bali est une bonne destination pour un voyage en moto : Il est important&hellip;&nbsp;<a href=\"https:\/\/balibestmotorcycle.com\/fr\/explorez-bali-en-moto\" class=\"\" rel=\"bookmark\">Lire la suite &raquo;<span class=\"screen-reader-text\">Explorez Bali en moto<\/span><\/a><\/p>\n","protected":false},"author":1,"featured_media":0,"parent":0,"menu_order":0,"comment_status":"closed","ping_status":"closed","template":"","meta":{"neve_meta_sidebar":"","neve_meta_container":"","neve_meta_enable_content_width":"","neve_meta_content_width":0,"neve_meta_title_alignment":"","neve_meta_author_avatar":"","neve_post_elements_order":"","neve_meta_disable_header":"","neve_meta_disable_footer":"","neve_meta_disable_title":"","_ti_tpc_template_sync":false,"_ti_tpc_template_id":"","footnotes":""},"class_list":["post-3264","page","type-page","status-publish","hentry"],"_links":{"self":[{"href":"https:\/\/balibestmotorcycle.com\/fr\/wp-json\/wp\/v2\/pages\/3264","targetHints":{"allow":["GET"]}}],"collection":[{"href":"https:\/\/balibestmotorcycle.com\/fr\/wp-json\/wp\/v2\/pages"}],"about":[{"href":"https:\/\/balibestmotorcycle.com\/fr\/wp-json\/wp\/v2\/types\/page"}],"author":[{"embeddable":true,"href":"https:\/\/balibestmotorcycle.com\/fr\/wp-json\/wp\/v2\/users\/1"}],"replies":[{"embeddable":true,"href":"https:\/\/balibestmotorcycle.com\/fr\/wp-json\/wp\/v2\/comments?post=3264"}],"version-history":[{"count":1,"href":"https:\/\/balibestmotorcycle.com\/fr\/wp-json\/wp\/v2\/pages\/3264\/revisions"}],"predecessor-version":[{"id":3265,"href":"https:\/\/balibestmotorcycle.com\/fr\/wp-json\/wp\/v2\/pages\/3264\/revisions\/3265"}],"wp:attachment":[{"href":"https:\/\/balibestmotorcycle.com\/fr\/wp-json\/wp\/v2\/media?parent=3264"}],"curies":[{"name":"wp","href":"https:\/\/api.w.org\/{rel}","templated":true}]}}