{"id":3246,"date":"2024-07-01T03:56:30","date_gmt":"2024-07-01T03:56:30","guid":{"rendered":"https:\/\/balibestmotorcycle.com\/?page_id=3246"},"modified":"2024-07-16T15:46:41","modified_gmt":"2024-07-16T15:46:41","slug":"decouvrez-bali-un-melange-de-culture-de-nature-et-dart","status":"publish","type":"page","link":"https:\/\/balibestmotorcycle.com\/fr\/decouvrez-bali-un-melange-de-culture-de-nature-et-dart","title":{"rendered":"D\u00e9couvrez Bali\u00a0: un m\u00e9lange de culture, de nature et d&rsquo;art"},"content":{"rendered":"<figure class=\"wp-block-image size-full\"><img fetchpriority=\"high\" decoding=\"async\" width=\"1024\" height=\"1024\" src=\"https:\/\/balibestmotorcycle.com\/wp-content\/uploads\/2024\/07\/877fb1be-9973-491e-a0bd-e12f491f83cb-1.jpeg\" alt=\"\" class=\"wp-image-2759\" title=\"\" srcset=\"https:\/\/balibestmotorcycle.com\/wp-content\/uploads\/2024\/07\/877fb1be-9973-491e-a0bd-e12f491f83cb-1.jpeg 1024w, https:\/\/balibestmotorcycle.com\/wp-content\/uploads\/2024\/07\/877fb1be-9973-491e-a0bd-e12f491f83cb-1-300x300.jpeg 300w, https:\/\/balibestmotorcycle.com\/wp-content\/uploads\/2024\/07\/877fb1be-9973-491e-a0bd-e12f491f83cb-1-100x100.jpeg 100w, https:\/\/balibestmotorcycle.com\/wp-content\/uploads\/2024\/07\/877fb1be-9973-491e-a0bd-e12f491f83cb-1-600x600.jpeg 600w, https:\/\/balibestmotorcycle.com\/wp-content\/uploads\/2024\/07\/877fb1be-9973-491e-a0bd-e12f491f83cb-1-150x150.jpeg 150w, https:\/\/balibestmotorcycle.com\/wp-content\/uploads\/2024\/07\/877fb1be-9973-491e-a0bd-e12f491f83cb-1-768x768.jpeg 768w\" sizes=\"(max-width: 1024px) 100vw, 1024px\" \/><\/figure><h1 class=\"wp-block-heading\"><\/h1><p>En ce qui concerne les choses \u00e0 faire \u00e0 Bali, vos vacances peuvent \u00eatre remplies de tr\u00e9sors culturels, de merveilles naturelles, d&rsquo;exp\u00e9riences artistiques et de moments spirituels. Voici quelques faits saillants&nbsp;:<\/p><ol class=\"wp-block-list\"><li><strong>Les plages de Bali<\/strong>\u00a0: Depuis les sables blancs bord\u00e9s de palmiers de Kuta, Nusa Dua et Sanur jusqu&rsquo;aux c\u00f4tes \u00ab cach\u00e9es \u00bb gard\u00e9es par les falaises d&rsquo;Uluwatu, Bali offre diverses exp\u00e9riences c\u00f4ti\u00e8res. Explorez des plages populaires et secr\u00e8tes.<\/li><\/ol><figure class=\"wp-block-image\"><img decoding=\"async\" src=\"https:\/\/www.bing.com\/th?id=OSK.HERO7jRdS_F1nE24BHsRnCoPHkXuHipZaBxLhvrFfmmTaHs&amp;pid=cdx&amp;w=200&amp;h=118&amp;c=7\" alt=\"Tanah Lot\" title=\"\"><\/figure><ol class=\"wp-block-list\" start=\"2\"><li><strong>Temple Tanah Lot<\/strong>\u00a0: Ce temple marin embl\u00e9matique se dresse au sommet d&rsquo;un rocher, entour\u00e9 de vagues d\u00e9ferlantes. Les couchers de soleil \u00e0 Tanah Lot cr\u00e9ent des images dignes d&rsquo;une carte postale.<\/li><\/ol><figure class=\"wp-block-image\"><img decoding=\"async\" src=\"https:\/\/www.bing.com\/th?id=OSK.HEROEyR8BP2dpiMCLmFXAkgYBUy_hg6GXuqwcUHxVMOkz_g&amp;pid=cdx&amp;w=200&amp;h=118&amp;c=7\" alt=\"Uluwatu Temple\" title=\"\"><\/figure><ol class=\"wp-block-list\" start=\"3\"><li><strong>Temple Uluwatu<\/strong>\u00a0: Perch\u00e9 au bord d&rsquo;une falaise, Uluwatu est l&rsquo;un des temples marins les plus importants de Bali. Profitez de vues \u00e0 couper le souffle et rep\u00e9rez des macaques \u00e0 longue queue.<\/li><\/ol><figure class=\"wp-block-image\"><img decoding=\"async\" src=\"https:\/\/www.bing.com\/th?id=OSK.HEROPKAWJ_oKwU9RZ8FTlFxPwWOQqQf4RxICNT19C9r5fxw&amp;pid=cdx&amp;w=200&amp;h=118&amp;c=7\" alt=\"Ubud\" title=\"\"><\/figure><ol class=\"wp-block-list\" start=\"4\"><li><strong>Rizi\u00e8res en terrasses d&rsquo;Ubud<\/strong>\u00a0: dirigez-vous vers l&rsquo;int\u00e9rieur des terres jusqu&rsquo;\u00e0 Ubud, o\u00f9 des rizi\u00e8res pittoresques offrent des possibilit\u00e9s de photos panoramiques.<\/li><\/ol><p>N&rsquo;oubliez pas que Bali allie aventure, d\u00e9tente et immersion culturelle \u2013 un paradis \u00e0 explorer !<img decoding=\"async\" src=\"https:\/\/s.w.org\/images\/core\/emoji\/15.0.3\/svg\/1f334.svg\" alt=\"\ud83c\udf34\" style=\"width: 20px;\" title=\"\"><img decoding=\"async\" src=\"https:\/\/s.w.org\/images\/core\/emoji\/15.0.3\/svg\/1f305.svg\" alt=\"\ud83c\udf05\" style=\"width: 20px;\" title=\"\"><\/p><p><\/p>","protected":false},"excerpt":{"rendered":"<p>En ce qui concerne les choses \u00e0 faire \u00e0 Bali, vos vacances peuvent \u00eatre remplies de tr\u00e9sors culturels, de merveilles naturelles, d&rsquo;exp\u00e9riences artistiques et de moments spirituels. Voici quelques faits saillants&nbsp;: N&rsquo;oubliez pas que Bali allie aventure, d\u00e9tente et immersion culturelle \u2013 un paradis \u00e0 explorer !<\/p>\n","protected":false},"author":1,"featured_media":0,"parent":0,"menu_order":0,"comment_status":"closed","ping_status":"closed","template":"","meta":{"neve_meta_sidebar":"","neve_meta_container":"","neve_meta_enable_content_width":"","neve_meta_content_width":0,"neve_meta_title_alignment":"","neve_meta_author_avatar":"","neve_post_elements_order":"","neve_meta_disable_header":"","neve_meta_disable_footer":"","neve_meta_disable_title":"","_ti_tpc_template_sync":false,"_ti_tpc_template_id":"","footnotes":""},"class_list":["post-3246","page","type-page","status-publish","hentry"],"_links":{"self":[{"href":"https:\/\/balibestmotorcycle.com\/fr\/wp-json\/wp\/v2\/pages\/3246","targetHints":{"allow":["GET"]}}],"collection":[{"href":"https:\/\/balibestmotorcycle.com\/fr\/wp-json\/wp\/v2\/pages"}],"about":[{"href":"https:\/\/balibestmotorcycle.com\/fr\/wp-json\/wp\/v2\/types\/page"}],"author":[{"embeddable":true,"href":"https:\/\/balibestmotorcycle.com\/fr\/wp-json\/wp\/v2\/users\/1"}],"replies":[{"embeddable":true,"href":"https:\/\/balibestmotorcycle.com\/fr\/wp-json\/wp\/v2\/comments?post=3246"}],"version-history":[{"count":1,"href":"https:\/\/balibestmotorcycle.com\/fr\/wp-json\/wp\/v2\/pages\/3246\/revisions"}],"predecessor-version":[{"id":3247,"href":"https:\/\/balibestmotorcycle.com\/fr\/wp-json\/wp\/v2\/pages\/3246\/revisions\/3247"}],"wp:attachment":[{"href":"https:\/\/balibestmotorcycle.com\/fr\/wp-json\/wp\/v2\/media?parent=3246"}],"curies":[{"name":"wp","href":"https:\/\/api.w.org\/{rel}","templated":true}]}}