{"id":3187,"date":"2023-06-18T06:01:42","date_gmt":"2023-06-18T06:01:42","guid":{"rendered":"https:\/\/balibestmotorcycle.com\/?page_id=3187"},"modified":"2024-07-16T14:12:51","modified_gmt":"2024-07-16T14:12:51","slug":"voiture-contre-moto-a-bali","status":"publish","type":"page","link":"https:\/\/balibestmotorcycle.com\/fr\/voiture-contre-moto-a-bali","title":{"rendered":"Voiture contre moto \u00e0 Bali"},"content":{"rendered":"<h3 class=\"wp-block-heading\">Voiture contre moto \u00e0 Bali<\/h3><p><strong>Motos :<\/strong><\/p><ol class=\"wp-block-list\"><li><strong>Pr\u00e9valence :<\/strong>\u00a0Les motos sont bien plus r\u00e9pandues que les voitures \u00e0 Bali. L&rsquo;infrastructure de l&rsquo;\u00eele, caract\u00e9ris\u00e9e par des routes \u00e9troites et des embouteillages \u00e9lev\u00e9s, fait de la moto le choix incontournable pour beaucoup.<\/li>\n\n<li><strong>Praticit\u00e9 :<\/strong>\u00a0Les motos constituent un moyen de transport pratique et efficace. Ils permettent aux usagers de naviguer plus facilement dans un trafic dense et d\u2019acc\u00e9der \u00e0 des zones plus petites et plus \u00e9loign\u00e9es qui peuvent \u00eatre difficiles \u00e0 atteindre pour les voitures.<\/li>\n\n<li><strong>Parking\u00a0:<\/strong>\u00a0les options de stationnement limit\u00e9es am\u00e9liorent encore le c\u00f4t\u00e9 pratique des motos. Il est g\u00e9n\u00e9ralement plus facile de trouver des places de stationnement pour les motos que pour les voitures.<\/li>\n\n<li><strong>Co\u00fbt :<\/strong>\u00a0Les motos sont plus abordables en termes de prix d\u2019achat et de consommation de carburant, ce qui en fait une option rentable pour les locaux et les touristes.<\/li>\n\n<li><strong>Commodit\u00e9\u00a0:<\/strong>\u00a0Pour les distances plus courtes et les d\u00e9placements quotidiens, les motos offrent un moyen pratique et rapide de se d\u00e9placer sur l&rsquo;\u00eele.<\/li><\/ol><p><strong>Voitures:<\/strong><\/p><ol class=\"wp-block-list\"><li><strong>Propri\u00e9t\u00e9\u00a0:<\/strong>\u00a0\u00c0 Bali, la possession d&rsquo;une voiture est relativement moins \u00e9lev\u00e9e que celle des motos, principalement en raison des co\u00fbts plus \u00e9lev\u00e9s, des places de stationnement limit\u00e9es et de la commodit\u00e9 des motos pour les courts trajets.<\/li>\n\n<li><strong>D\u00e9veloppement des infrastructures\u00a0:<\/strong>\u00a0malgr\u00e9 les d\u00e9fis, le nombre de voitures sur les routes a augment\u00e9 \u00e0 mesure que les infrastructures et l&rsquo;industrie touristique de Bali continuent de se d\u00e9velopper.<\/li>\n\n<li><strong>Confort\u00a0:<\/strong>\u00a0Les voitures constituent un mode de transport plus confortable et plus s\u00fbr, en particulier pour les longues distances, pour transporter plus de passagers ou pour voyager avec des bagages.<\/li>\n\n<li><strong>Protection contre les intemp\u00e9ries\u00a0:<\/strong>\u00a0Les voitures offrent une meilleure protection contre le climat tropical de Bali, qui peut \u00eatre impr\u00e9visible, allant du soleil intense aux averses de pluie soudaines.<\/li>\n\n<li><strong>Impact touristique\u00a0:<\/strong>\u00a0\u00e0 mesure que Bali devient une destination touristique de plus en plus populaire, la demande de voitures de location a augment\u00e9, s&rsquo;adressant aux touristes qui pr\u00e9f\u00e8rent le confort et la commodit\u00e9 des voitures aux motos.<\/li><\/ol><h3 class=\"wp-block-heading\">Conclusion<\/h3><p>Dans l&rsquo;ensemble, les motos restent le mode de transport pr\u00e9f\u00e9r\u00e9 de la plupart des Balinais en raison de leur caract\u00e8re pratique, abordable et adapt\u00e9 aux conditions routi\u00e8res uniques de l&rsquo;\u00eele. Les voitures, bien que moins courantes, offrent des avantages tels que le confort, la s\u00e9curit\u00e9 et une meilleure protection contre les intemp\u00e9ries, ce qui en fait une option viable pour certaines situations et pr\u00e9f\u00e9rences.<\/p>","protected":false},"excerpt":{"rendered":"<p>Voiture contre moto \u00e0 Bali Motos : Voitures: Conclusion Dans l&rsquo;ensemble, les motos restent le mode de transport pr\u00e9f\u00e9r\u00e9 de la plupart des Balinais en raison de leur caract\u00e8re pratique, abordable et adapt\u00e9 aux conditions routi\u00e8res uniques de l&rsquo;\u00eele. Les voitures, bien que moins courantes, offrent des avantages tels que le confort, la s\u00e9curit\u00e9 et&hellip;&nbsp;<a href=\"https:\/\/balibestmotorcycle.com\/fr\/voiture-contre-moto-a-bali\" class=\"\" rel=\"bookmark\">Lire la suite &raquo;<span class=\"screen-reader-text\">Voiture contre moto \u00e0 Bali<\/span><\/a><\/p>\n","protected":false},"author":1,"featured_media":0,"parent":0,"menu_order":0,"comment_status":"closed","ping_status":"closed","template":"","meta":{"neve_meta_sidebar":"","neve_meta_container":"","neve_meta_enable_content_width":"","neve_meta_content_width":0,"neve_meta_title_alignment":"","neve_meta_author_avatar":"","neve_post_elements_order":"","neve_meta_disable_header":"","neve_meta_disable_footer":"","neve_meta_disable_title":"","_ti_tpc_template_sync":false,"_ti_tpc_template_id":"","footnotes":""},"class_list":["post-3187","page","type-page","status-publish","hentry"],"_links":{"self":[{"href":"https:\/\/balibestmotorcycle.com\/fr\/wp-json\/wp\/v2\/pages\/3187","targetHints":{"allow":["GET"]}}],"collection":[{"href":"https:\/\/balibestmotorcycle.com\/fr\/wp-json\/wp\/v2\/pages"}],"about":[{"href":"https:\/\/balibestmotorcycle.com\/fr\/wp-json\/wp\/v2\/types\/page"}],"author":[{"embeddable":true,"href":"https:\/\/balibestmotorcycle.com\/fr\/wp-json\/wp\/v2\/users\/1"}],"replies":[{"embeddable":true,"href":"https:\/\/balibestmotorcycle.com\/fr\/wp-json\/wp\/v2\/comments?post=3187"}],"version-history":[{"count":1,"href":"https:\/\/balibestmotorcycle.com\/fr\/wp-json\/wp\/v2\/pages\/3187\/revisions"}],"predecessor-version":[{"id":3188,"href":"https:\/\/balibestmotorcycle.com\/fr\/wp-json\/wp\/v2\/pages\/3187\/revisions\/3188"}],"wp:attachment":[{"href":"https:\/\/balibestmotorcycle.com\/fr\/wp-json\/wp\/v2\/media?parent=3187"}],"curies":[{"name":"wp","href":"https:\/\/api.w.org\/{rel}","templated":true}]}}