{"id":3163,"date":"2023-06-21T01:01:18","date_gmt":"2023-06-21T01:01:18","guid":{"rendered":"https:\/\/balibestmotorcycle.com\/?page_id=3163"},"modified":"2024-07-16T13:12:44","modified_gmt":"2024-07-16T13:12:44","slug":"meilleurs-restaurants-vegetaliens-a-bali","status":"publish","type":"page","link":"https:\/\/balibestmotorcycle.com\/fr\/meilleurs-restaurants-vegetaliens-a-bali","title":{"rendered":"Meilleurs restaurants v\u00e9g\u00e9taliens \u00e0 Bali"},"content":{"rendered":"<p>Bali est connue pour sa sc\u00e8ne culinaire dynamique et il existe plusieurs excellents restaurants v\u00e9g\u00e9taliens r\u00e9pondant \u00e0 la demande croissante de cuisine \u00e0 base de plantes. Voici quelques-uns des meilleurs restaurants v\u00e9g\u00e9taliens de Bali&nbsp;:<\/p><ol class=\"wp-block-list\"><li>Alchemy (Ubud) : Alchemy est un caf\u00e9 v\u00e9g\u00e9talien cru populaire \u00e0 Ubud. Ils proposent une large gamme de plats d\u00e9licieux et sains, notamment des smoothies bowls, des salades, des desserts crus et des jus de fruits frais. Ils ont \u00e9galement un magasin d&rsquo;aliments naturels attenant au caf\u00e9.<\/li>\n\n<li>The Shady Shack (Canggu) : Situ\u00e9 \u00e0 Canggu, The Shady Shack est un charmant restaurant en plein air connu pour ses plats v\u00e9g\u00e9taliens et v\u00e9g\u00e9tariens. Ils servent une vari\u00e9t\u00e9 d&rsquo;options, notamment des hamburgers \u00e0 base de plantes, des salades color\u00e9es et des bols nourrissants. Ne manquez pas leurs desserts v\u00e9g\u00e9taliens !<\/li>\n\n<li>Sage (Ubud et Seminyak)\u00a0: Sage poss\u00e8de deux sites \u00e0 Ubud et Seminyak, proposant un menu vari\u00e9 de plats v\u00e9g\u00e9taliens et v\u00e9g\u00e9tariens. Leur menu propose des salades cr\u00e9atives, des bols sains, des plats crus et des desserts savoureux. Ils proposent \u00e9galement des options sans gluten.<\/li>\n\n<li>Clear Cafe (Ubud) : Clear Cafe \u00e0 Ubud est un favori parmi les voyageurs soucieux de leur sant\u00e9. Ils proposent une gamme d&rsquo;options v\u00e9g\u00e9taliennes et v\u00e9g\u00e9tariennes, notamment des soupes copieuses, des bols Bouddha, des wraps et des smoothies. Le caf\u00e9 a une atmosph\u00e8re d\u00e9tendue avec un magnifique jardin.<\/li>\n\n<li>Zest (Seminyak) : Zest est un restaurant v\u00e9g\u00e9talien populaire \u00e0 Seminyak, servant une vari\u00e9t\u00e9 de plats \u00e0 base de plantes mettant l&rsquo;accent sur les saveurs asiatiques. Des rouleaux de sushi v\u00e9g\u00e9taliens color\u00e9s aux bols nourrissants et aux jus rafra\u00eechissants, Zest offre une exp\u00e9rience culinaire d\u00e9licieuse.<\/li>\n\n<li>Moksa (Ubud) : Moksa est un restaurant v\u00e9g\u00e9talien de la ferme \u00e0 la table \u00e0 Ubud qui met l&rsquo;accent sur les ingr\u00e9dients biologiques et locaux. Leur menu propose des plats inventifs \u00e0 base de plantes, tels que des tacos au jacquier, des lasagnes crues et des desserts cr\u00e9atifs. Ils proposent \u00e9galement des ateliers et des cours de cuisine.<\/li><\/ol><p>Ce ne sont l\u00e0 que quelques exemples, et Bali compte de nombreux autres restaurants et caf\u00e9s v\u00e9g\u00e9taliens. Que vous soyez \u00e0 Ubud, Seminyak ou dans d&rsquo;autres r\u00e9gions de Bali, vous trouverez de nombreuses options pour satisfaire vos envies v\u00e9g\u00e9taliennes.<\/p>","protected":false},"excerpt":{"rendered":"<p>Bali est connue pour sa sc\u00e8ne culinaire dynamique et il existe plusieurs excellents restaurants v\u00e9g\u00e9taliens r\u00e9pondant \u00e0 la demande croissante de cuisine \u00e0 base de plantes. Voici quelques-uns des meilleurs restaurants v\u00e9g\u00e9taliens de Bali&nbsp;: Ce ne sont l\u00e0 que quelques exemples, et Bali compte de nombreux autres restaurants et caf\u00e9s v\u00e9g\u00e9taliens. Que vous soyez \u00e0&hellip;&nbsp;<a href=\"https:\/\/balibestmotorcycle.com\/fr\/meilleurs-restaurants-vegetaliens-a-bali\" class=\"\" rel=\"bookmark\">Lire la suite &raquo;<span class=\"screen-reader-text\">Meilleurs restaurants v\u00e9g\u00e9taliens \u00e0 Bali<\/span><\/a><\/p>\n","protected":false},"author":1,"featured_media":0,"parent":0,"menu_order":0,"comment_status":"closed","ping_status":"closed","template":"","meta":{"neve_meta_sidebar":"","neve_meta_container":"","neve_meta_enable_content_width":"","neve_meta_content_width":0,"neve_meta_title_alignment":"","neve_meta_author_avatar":"","neve_post_elements_order":"","neve_meta_disable_header":"","neve_meta_disable_footer":"","neve_meta_disable_title":"","_ti_tpc_template_sync":false,"_ti_tpc_template_id":"","footnotes":""},"class_list":["post-3163","page","type-page","status-publish","hentry"],"_links":{"self":[{"href":"https:\/\/balibestmotorcycle.com\/fr\/wp-json\/wp\/v2\/pages\/3163","targetHints":{"allow":["GET"]}}],"collection":[{"href":"https:\/\/balibestmotorcycle.com\/fr\/wp-json\/wp\/v2\/pages"}],"about":[{"href":"https:\/\/balibestmotorcycle.com\/fr\/wp-json\/wp\/v2\/types\/page"}],"author":[{"embeddable":true,"href":"https:\/\/balibestmotorcycle.com\/fr\/wp-json\/wp\/v2\/users\/1"}],"replies":[{"embeddable":true,"href":"https:\/\/balibestmotorcycle.com\/fr\/wp-json\/wp\/v2\/comments?post=3163"}],"version-history":[{"count":1,"href":"https:\/\/balibestmotorcycle.com\/fr\/wp-json\/wp\/v2\/pages\/3163\/revisions"}],"predecessor-version":[{"id":3164,"href":"https:\/\/balibestmotorcycle.com\/fr\/wp-json\/wp\/v2\/pages\/3163\/revisions\/3164"}],"wp:attachment":[{"href":"https:\/\/balibestmotorcycle.com\/fr\/wp-json\/wp\/v2\/media?parent=3163"}],"curies":[{"name":"wp","href":"https:\/\/api.w.org\/{rel}","templated":true}]}}