{"id":3155,"date":"2023-06-18T05:39:33","date_gmt":"2023-06-18T05:39:33","guid":{"rendered":"https:\/\/balibestmotorcycle.com\/?page_id=3155"},"modified":"2024-07-16T13:08:31","modified_gmt":"2024-07-16T13:08:31","slug":"meilleur-moment-pour-louer-une-moto-a-bali","status":"publish","type":"page","link":"https:\/\/balibestmotorcycle.com\/fr\/meilleur-moment-pour-louer-une-moto-a-bali","title":{"rendered":"Meilleur moment pour louer une moto \u00e0 Bali"},"content":{"rendered":"<p>Le meilleur moment pour louer une moto \u00e0 Bali d\u00e9pend de vos pr\u00e9f\u00e9rences personnelles et des conditions m\u00e9t\u00e9orologiques de l&rsquo;\u00eele. Voici quelques facteurs \u00e0 prendre en compte lors du choix du moment de la location d\u2019une moto \u00e0 Bali :<\/p><ol class=\"wp-block-list\"><li>Saison s\u00e8che : La saison s\u00e8che \u00e0 Bali s&rsquo;\u00e9tend g\u00e9n\u00e9ralement d&rsquo;avril \u00e0 septembre, juillet et ao\u00fbt \u00e9tant les mois de pointe. Pendant cette p\u00e9riode, le temps est g\u00e9n\u00e9ralement ensoleill\u00e9 et les pr\u00e9cipitations sont minimes, ce qui en fait une p\u00e9riode id\u00e9ale pour l&rsquo;exploration en moto. Les routes sont moins susceptibles d&rsquo;\u00eatre glissantes et vous pouvez profiter d&rsquo;un ciel d\u00e9gag\u00e9 et d&rsquo;une meilleure visibilit\u00e9.<\/li>\n\n<li>Basse saison touristique : envisagez de louer une moto pendant la basse saison touristique, qui se produit g\u00e9n\u00e9ralement en dehors des mois de pointe. Pendant cette p\u00e9riode, les tarifs de location pourraient \u00eatre plus abordables et il y aura probablement moins de monde sur les routes et devant les attractions touristiques.<\/li>\n\n<li>\u00c9viter les zones \u00e0 fort trafic\u00a0: Bali est une destination touristique populaire et certaines zones peuvent devenir bond\u00e9es pendant la haute saison ou le week-end. Si vous pr\u00e9f\u00e9rez une exp\u00e9rience plus d\u00e9tendue et moins encombr\u00e9e, pensez \u00e0 louer une moto en semaine ou choisissez d&rsquo;explorer des destinations moins connues ou hors des sentiers battus.<\/li>\n\n<li>\u00c9v\u00e9nements sp\u00e9ciaux et festivals\u00a0: Bali accueille divers \u00e9v\u00e9nements culturels et festivals tout au long de l&rsquo;ann\u00e9e. Si vous souhaitez vous immerger dans la culture locale, vous souhaiterez peut-\u00eatre faire co\u00efncider votre location de moto avec des festivals comme Galungan, Nyepi ou le festival des \u00e9crivains et lecteurs d&rsquo;Ubud. Notez cependant que ces \u00e9v\u00e9nements peuvent attirer des foules plus importantes et n\u00e9cessitent une navigation prudente sur les routes.<\/li>\n\n<li>Confort personnel\u00a0: Tenez compte de votre niveau de confort personnel lorsque vous conduisez une moto dans diff\u00e9rentes conditions m\u00e9t\u00e9orologiques. Certaines personnes peuvent pr\u00e9f\u00e9rer les temp\u00e9ratures plus fra\u00eeches et les pr\u00e9cipitations l\u00e9g\u00e8rement plus faibles pendant les saisons interm\u00e9diaires (avril-mai et septembre-octobre) lorsqu&rsquo;elles louent une moto.<\/li>\n\n<li>Consid\u00e9rations de pr\u00e9-r\u00e9servation : Si vous avez des dates sp\u00e9cifiques en t\u00eate pour votre voyage \u00e0 Bali, il est conseill\u00e9 de pr\u00e9-r\u00e9server votre location de moto pour garantir la disponibilit\u00e9 et potentiellement b\u00e9n\u00e9ficier de r\u00e9ductions de r\u00e9servation anticip\u00e9e.<\/li><\/ol><p>N&rsquo;oubliez pas de v\u00e9rifier les pr\u00e9visions m\u00e9t\u00e9orologiques avant de louer une moto et planifiez en cons\u00e9quence. Gardez \u00e0 l\u2019esprit que les conditions m\u00e9t\u00e9orologiques peuvent \u00eatre impr\u00e9visibles, alors faites toujours preuve de prudence et donnez la priorit\u00e9 \u00e0 la s\u00e9curit\u00e9 lorsque vous roulez, quelle que soit la p\u00e9riode de l\u2019ann\u00e9e.<\/p>","protected":false},"excerpt":{"rendered":"<p>Le meilleur moment pour louer une moto \u00e0 Bali d\u00e9pend de vos pr\u00e9f\u00e9rences personnelles et des conditions m\u00e9t\u00e9orologiques de l&rsquo;\u00eele. Voici quelques facteurs \u00e0 prendre en compte lors du choix du moment de la location d\u2019une moto \u00e0 Bali : N&rsquo;oubliez pas de v\u00e9rifier les pr\u00e9visions m\u00e9t\u00e9orologiques avant de louer une moto et planifiez en&hellip;&nbsp;<a href=\"https:\/\/balibestmotorcycle.com\/fr\/meilleur-moment-pour-louer-une-moto-a-bali\" class=\"\" rel=\"bookmark\">Lire la suite &raquo;<span class=\"screen-reader-text\">Meilleur moment pour louer une moto \u00e0 Bali<\/span><\/a><\/p>\n","protected":false},"author":1,"featured_media":0,"parent":0,"menu_order":0,"comment_status":"closed","ping_status":"closed","template":"","meta":{"neve_meta_sidebar":"","neve_meta_container":"","neve_meta_enable_content_width":"","neve_meta_content_width":0,"neve_meta_title_alignment":"","neve_meta_author_avatar":"","neve_post_elements_order":"","neve_meta_disable_header":"","neve_meta_disable_footer":"","neve_meta_disable_title":"","_ti_tpc_template_sync":false,"_ti_tpc_template_id":"","footnotes":""},"class_list":["post-3155","page","type-page","status-publish","hentry"],"_links":{"self":[{"href":"https:\/\/balibestmotorcycle.com\/fr\/wp-json\/wp\/v2\/pages\/3155","targetHints":{"allow":["GET"]}}],"collection":[{"href":"https:\/\/balibestmotorcycle.com\/fr\/wp-json\/wp\/v2\/pages"}],"about":[{"href":"https:\/\/balibestmotorcycle.com\/fr\/wp-json\/wp\/v2\/types\/page"}],"author":[{"embeddable":true,"href":"https:\/\/balibestmotorcycle.com\/fr\/wp-json\/wp\/v2\/users\/1"}],"replies":[{"embeddable":true,"href":"https:\/\/balibestmotorcycle.com\/fr\/wp-json\/wp\/v2\/comments?post=3155"}],"version-history":[{"count":1,"href":"https:\/\/balibestmotorcycle.com\/fr\/wp-json\/wp\/v2\/pages\/3155\/revisions"}],"predecessor-version":[{"id":3156,"href":"https:\/\/balibestmotorcycle.com\/fr\/wp-json\/wp\/v2\/pages\/3155\/revisions\/3156"}],"wp:attachment":[{"href":"https:\/\/balibestmotorcycle.com\/fr\/wp-json\/wp\/v2\/media?parent=3155"}],"curies":[{"name":"wp","href":"https:\/\/api.w.org\/{rel}","templated":true}]}}