{"id":3131,"date":"2023-06-21T00:57:44","date_gmt":"2023-06-21T00:57:44","guid":{"rendered":"https:\/\/balibestmotorcycle.com\/?page_id=3131"},"modified":"2024-07-16T12:53:15","modified_gmt":"2024-07-16T12:53:15","slug":"les-meilleurs-endroits-pour-les-voyageuses-seules-a-bali","status":"publish","type":"page","link":"https:\/\/balibestmotorcycle.com\/fr\/les-meilleurs-endroits-pour-les-voyageuses-seules-a-bali","title":{"rendered":"Les meilleurs endroits pour les voyageuses seules \u00e0 Bali"},"content":{"rendered":"<p>Bali est g\u00e9n\u00e9ralement consid\u00e9r\u00e9e comme une destination s\u00fbre pour les voyageuses seules, et plusieurs zones offrent un environnement accueillant et s\u00e9curis\u00e9. Voici quelques-uns des meilleurs endroits pour les voyageuses seules \u00e0 Bali :<\/p><ol class=\"wp-block-list\"><li>Seminyak : Seminyak est un quartier populaire qui offre un m\u00e9lange d&rsquo;ambiance de plage, de shopping et de vie nocturne anim\u00e9e. Il y r\u00e8gne une atmosph\u00e8re relativement haut de gamme et vous y trouverez de nombreux caf\u00e9s, boutiques et spas branch\u00e9s. La zone est g\u00e9n\u00e9ralement s\u00fbre, en particulier dans les zones bien peupl\u00e9es.<\/li>\n\n<li>Ubud : Ubud est une destination paisible et sereine connue pour ses retraites artistiques, culturelles et de yoga. Il compte une forte communaut\u00e9 de voyageuses seules et propose diverses activit\u00e9s de bien-\u00eatre, telles que des cours de yoga et des soins de spa. La ville d\u00e9gage une atmosph\u00e8re d\u00e9contract\u00e9e et conviviale et vous pourrez facilement explorer les rizi\u00e8res et les temples environnants.<\/li>\n\n<li>Nusa Dua : Nusa Dua est une station baln\u00e9aire ferm\u00e9e du sud de Bali, connue pour ses h\u00f4tels de luxe, ses plages de sable blanc et ses eaux cristallines. La zone est bien entretenue et g\u00e9n\u00e9ralement s\u00fbre, ce qui en fait un excellent choix pour les voyageuses seules en qu\u00eate de d\u00e9tente et d&rsquo;\u00e9quipements haut de gamme.<\/li>\n\n<li>Sanur : Sanur est une ville c\u00f4ti\u00e8re paisible avec une atmosph\u00e8re plus d\u00e9tendue que les lieux de f\u00eate populaires comme Kuta. Elle offre une longue \u00e9tendue de plage de sable, des eaux calmes et une gamme d&rsquo;h\u00e9bergements. La r\u00e9gion est populaire aupr\u00e8s des familles et des voyageurs plus \u00e2g\u00e9s, cr\u00e9ant un environnement s\u00fbr et convivial.<\/li>\n\n<li>Canggu : Canggu est un quartier branch\u00e9 et branch\u00e9 qui attire une client\u00e8le plus jeune, dont de nombreuses voyageuses seules. Il offre un m\u00e9lange de culture du surf, d&rsquo;options alimentaires saines et d&rsquo;une vie nocturne anim\u00e9e. Le quartier d\u00e9gage un fort sentiment de communaut\u00e9 et vous trouverez de nombreuses activit\u00e9s sociales, cours de yoga et espaces de travail partag\u00e9s.<\/li><\/ol><p>Bien que ces zones soient g\u00e9n\u00e9ralement consid\u00e9r\u00e9es comme s\u00fbres, il est toujours important de faire preuve de bon sens et de prendre des pr\u00e9cautions lorsque vous voyagez seul. Il est conseill\u00e9 d&rsquo;informer quelqu&rsquo;un de votre localisation, d&rsquo;\u00eatre conscient de votre environnement et d&rsquo;utiliser un moyen de transport fiable. De plus, recherchez les coutumes locales et habillez-vous avec respect pour vous fondre dans la culture locale.<\/p>","protected":false},"excerpt":{"rendered":"<p>Bali est g\u00e9n\u00e9ralement consid\u00e9r\u00e9e comme une destination s\u00fbre pour les voyageuses seules, et plusieurs zones offrent un environnement accueillant et s\u00e9curis\u00e9. Voici quelques-uns des meilleurs endroits pour les voyageuses seules \u00e0 Bali : Bien que ces zones soient g\u00e9n\u00e9ralement consid\u00e9r\u00e9es comme s\u00fbres, il est toujours important de faire preuve de bon sens et de prendre&hellip;&nbsp;<a href=\"https:\/\/balibestmotorcycle.com\/fr\/les-meilleurs-endroits-pour-les-voyageuses-seules-a-bali\" class=\"\" rel=\"bookmark\">Lire la suite &raquo;<span class=\"screen-reader-text\">Les meilleurs endroits pour les voyageuses seules \u00e0 Bali<\/span><\/a><\/p>\n","protected":false},"author":1,"featured_media":0,"parent":0,"menu_order":0,"comment_status":"closed","ping_status":"closed","template":"","meta":{"neve_meta_sidebar":"","neve_meta_container":"","neve_meta_enable_content_width":"","neve_meta_content_width":0,"neve_meta_title_alignment":"","neve_meta_author_avatar":"","neve_post_elements_order":"","neve_meta_disable_header":"","neve_meta_disable_footer":"","neve_meta_disable_title":"","_ti_tpc_template_sync":false,"_ti_tpc_template_id":"","footnotes":""},"class_list":["post-3131","page","type-page","status-publish","hentry"],"_links":{"self":[{"href":"https:\/\/balibestmotorcycle.com\/fr\/wp-json\/wp\/v2\/pages\/3131","targetHints":{"allow":["GET"]}}],"collection":[{"href":"https:\/\/balibestmotorcycle.com\/fr\/wp-json\/wp\/v2\/pages"}],"about":[{"href":"https:\/\/balibestmotorcycle.com\/fr\/wp-json\/wp\/v2\/types\/page"}],"author":[{"embeddable":true,"href":"https:\/\/balibestmotorcycle.com\/fr\/wp-json\/wp\/v2\/users\/1"}],"replies":[{"embeddable":true,"href":"https:\/\/balibestmotorcycle.com\/fr\/wp-json\/wp\/v2\/comments?post=3131"}],"version-history":[{"count":1,"href":"https:\/\/balibestmotorcycle.com\/fr\/wp-json\/wp\/v2\/pages\/3131\/revisions"}],"predecessor-version":[{"id":3132,"href":"https:\/\/balibestmotorcycle.com\/fr\/wp-json\/wp\/v2\/pages\/3131\/revisions\/3132"}],"wp:attachment":[{"href":"https:\/\/balibestmotorcycle.com\/fr\/wp-json\/wp\/v2\/media?parent=3131"}],"curies":[{"name":"wp","href":"https:\/\/api.w.org\/{rel}","templated":true}]}}