{"id":3115,"date":"2023-06-21T00:55:01","date_gmt":"2023-06-21T00:55:01","guid":{"rendered":"https:\/\/balibestmotorcycle.com\/?page_id=3115"},"modified":"2024-07-16T12:44:10","modified_gmt":"2024-07-16T12:44:10","slug":"les-meilleurs-endroits-pour-les-routards-a-bali","status":"publish","type":"page","link":"https:\/\/balibestmotorcycle.com\/fr\/les-meilleurs-endroits-pour-les-routards-a-bali","title":{"rendered":"Les meilleurs endroits pour les routards \u00e0 Bali"},"content":{"rendered":"<p>Bali, en Indon\u00e9sie, est une destination populaire aupr\u00e8s des routards en raison de ses superbes plages, de sa culture dynamique, de ses paysages luxuriants et de ses prix abordables. Voici quelques-uns des meilleurs endroits de Bali adapt\u00e9s aux routards&nbsp;:<\/p><ol class=\"wp-block-list\"><li>Kuta\u00a0: Connue pour sa vie nocturne anim\u00e9e, Kuta est un endroit populaire pour les voyageurs \u00e0 petit budget. Il offre un large \u00e9ventail d&rsquo;options d&rsquo;h\u00e9bergement, notamment des auberges et des maisons d&rsquo;h\u00f4tes, ainsi que de nombreux restaurants, bars et magasins.<\/li>\n\n<li>Ubud : C\u00e9l\u00e8bre pour ses arts et sa culture, Ubud est un endroit id\u00e9al pour les routards \u00e0 la recherche d&rsquo;une exp\u00e9rience plus sereine et ax\u00e9e sur la nature. Vous pouvez explorer les rizi\u00e8res en terrasses, visiter des temples, assister \u00e0 des cours de yoga et savourer des plats sains.<\/li>\n\n<li>Seminyak : Situ\u00e9 \u00e0 proximit\u00e9 de Kuta, Seminyak est un quartier branch\u00e9 avec des h\u00f4tels-boutiques \u00e9l\u00e9gants, des clubs de plage et des restaurants haut de gamme. M\u00eame si cela peut \u00eatre l\u00e9g\u00e8rement plus cher que dans d&rsquo;autres r\u00e9gions, vous pouvez toujours trouver des options d&rsquo;h\u00e9bergement \u00e9conomiques et profiter des belles plages.<\/li>\n\n<li>Canggu : Ce village c\u00f4tier est un favori des surfeurs et des nomades num\u00e9riques. Il offre une atmosph\u00e8re d\u00e9contract\u00e9e, des maisons d&rsquo;h\u00f4tes abordables et une culture des caf\u00e9s florissante. Les plages de Canggu sont parfaites pour le surf, et des studios de yoga et des espaces de coworking sont \u00e9galement disponibles.<\/li>\n\n<li>Nusa Lembongan : Petite \u00eele situ\u00e9e au sud-est de Bali, Nusa Lembongan est un joyau cach\u00e9 pour les routards. Vous pouvez trouver des h\u00e9bergements \u00e9conomiques et profiter d\u2019activit\u00e9s comme la plong\u00e9e en apn\u00e9e, la plong\u00e9e sous-marine et l\u2019exploration de belles plages. L&rsquo;\u00eele d\u00e9gage une ambiance d\u00e9tendue et est id\u00e9ale pour ceux qui recherchent une escapade paisible.<\/li>\n\n<li>\u00celes Gili\u00a0: Bien qu&rsquo;elles ne fassent pas techniquement partie de Bali, les \u00eeles Gili (Gili Trawangan, Gili Meno et Gili Air) sont facilement accessibles depuis Bali et sont populaires parmi les routards. Ces \u00eeles idylliques offrent des eaux cristallines, de superbes plages et une gamme d&rsquo;h\u00e9bergements \u00e9conomiques.<\/li><\/ol><p>N&rsquo;oubliez pas de rechercher les options d&rsquo;h\u00e9bergement, de comparer les prix et de lire les commentaires avant de r\u00e9server. C&rsquo;est \u00e9galement une bonne id\u00e9e de pr\u00eater attention aux coutumes et traditions locales, car Bali est une \u00eele \u00e0 pr\u00e9dominance hindoue.<\/p>","protected":false},"excerpt":{"rendered":"<p>Bali, en Indon\u00e9sie, est une destination populaire aupr\u00e8s des routards en raison de ses superbes plages, de sa culture dynamique, de ses paysages luxuriants et de ses prix abordables. Voici quelques-uns des meilleurs endroits de Bali adapt\u00e9s aux routards&nbsp;: N&rsquo;oubliez pas de rechercher les options d&rsquo;h\u00e9bergement, de comparer les prix et de lire les commentaires&hellip;&nbsp;<a href=\"https:\/\/balibestmotorcycle.com\/fr\/les-meilleurs-endroits-pour-les-routards-a-bali\" class=\"\" rel=\"bookmark\">Lire la suite &raquo;<span class=\"screen-reader-text\">Les meilleurs endroits pour les routards \u00e0 Bali<\/span><\/a><\/p>\n","protected":false},"author":1,"featured_media":0,"parent":0,"menu_order":0,"comment_status":"closed","ping_status":"closed","template":"","meta":{"neve_meta_sidebar":"","neve_meta_container":"","neve_meta_enable_content_width":"","neve_meta_content_width":0,"neve_meta_title_alignment":"","neve_meta_author_avatar":"","neve_post_elements_order":"","neve_meta_disable_header":"","neve_meta_disable_footer":"","neve_meta_disable_title":"","_ti_tpc_template_sync":false,"_ti_tpc_template_id":"","footnotes":""},"class_list":["post-3115","page","type-page","status-publish","hentry"],"_links":{"self":[{"href":"https:\/\/balibestmotorcycle.com\/fr\/wp-json\/wp\/v2\/pages\/3115","targetHints":{"allow":["GET"]}}],"collection":[{"href":"https:\/\/balibestmotorcycle.com\/fr\/wp-json\/wp\/v2\/pages"}],"about":[{"href":"https:\/\/balibestmotorcycle.com\/fr\/wp-json\/wp\/v2\/types\/page"}],"author":[{"embeddable":true,"href":"https:\/\/balibestmotorcycle.com\/fr\/wp-json\/wp\/v2\/users\/1"}],"replies":[{"embeddable":true,"href":"https:\/\/balibestmotorcycle.com\/fr\/wp-json\/wp\/v2\/comments?post=3115"}],"version-history":[{"count":1,"href":"https:\/\/balibestmotorcycle.com\/fr\/wp-json\/wp\/v2\/pages\/3115\/revisions"}],"predecessor-version":[{"id":3116,"href":"https:\/\/balibestmotorcycle.com\/fr\/wp-json\/wp\/v2\/pages\/3115\/revisions\/3116"}],"wp:attachment":[{"href":"https:\/\/balibestmotorcycle.com\/fr\/wp-json\/wp\/v2\/media?parent=3115"}],"curies":[{"name":"wp","href":"https:\/\/api.w.org\/{rel}","templated":true}]}}