{"id":3080,"date":"2023-06-18T06:03:35","date_gmt":"2023-06-18T06:03:35","guid":{"rendered":"https:\/\/balibestmotorcycle.com\/?page_id=3080"},"modified":"2024-07-16T11:24:13","modified_gmt":"2024-07-16T11:24:13","slug":"bali-paradis-de-la-moto","status":"publish","type":"page","link":"https:\/\/balibestmotorcycle.com\/fr\/bali-paradis-de-la-moto","title":{"rendered":"Bali, paradis de la moto"},"content":{"rendered":"<div class=\"wp-block-image\"><figure class=\"aligncenter size-large\"><img fetchpriority=\"high\" decoding=\"async\" width=\"1024\" height=\"1024\" src=\"https:\/\/balibestmotorcycle.com\/wp-content\/uploads\/2024\/05\/Paradise-for-Motorbike-in-Bali-1-1024x1024.png\" alt=\"\" class=\"wp-image-967\" title=\"\" srcset=\"https:\/\/balibestmotorcycle.com\/wp-content\/uploads\/2024\/05\/Paradise-for-Motorbike-in-Bali-1-1024x1024.png 1024w, https:\/\/balibestmotorcycle.com\/wp-content\/uploads\/2024\/05\/Paradise-for-Motorbike-in-Bali-1-300x300.png 300w, https:\/\/balibestmotorcycle.com\/wp-content\/uploads\/2024\/05\/Paradise-for-Motorbike-in-Bali-1-100x100.png 100w, https:\/\/balibestmotorcycle.com\/wp-content\/uploads\/2024\/05\/Paradise-for-Motorbike-in-Bali-1-600x600.png 600w, https:\/\/balibestmotorcycle.com\/wp-content\/uploads\/2024\/05\/Paradise-for-Motorbike-in-Bali-1-150x150.png 150w, https:\/\/balibestmotorcycle.com\/wp-content\/uploads\/2024\/05\/Paradise-for-Motorbike-in-Bali-1-768x768.png 768w, https:\/\/balibestmotorcycle.com\/wp-content\/uploads\/2024\/05\/Paradise-for-Motorbike-in-Bali-1-12x12.png 12w, https:\/\/balibestmotorcycle.com\/wp-content\/uploads\/2024\/05\/Paradise-for-Motorbike-in-Bali-1.png 1080w\" sizes=\"(max-width: 1024px) 100vw, 1024px\" \/><\/figure><\/div><h1 class=\"wp-block-heading\"><\/h1><p>Bali est en effet l\u2019une des \u00eeles d\u2019Indon\u00e9sie les plus populaires \u00e0 explorer en moto, et de nombreux visiteurs la trouvent comme une destination fantastique pour les aventures en moto. Voici pourquoi Bali est souvent consid\u00e9r\u00e9e comme une \u00eele id\u00e9ale \u00e0 explorer en moto&nbsp;:<\/p><ol class=\"wp-block-list\"><li>Taille et accessibilit\u00e9\u00a0: Bali est relativement petite par rapport aux autres \u00eeles indon\u00e9siennes, ce qui facilite la navigation et l&rsquo;exploration en moto. Vous pouvez parcourir beaucoup de terrain en un temps relativement court, ce qui vous permet de visiter plusieurs attractions et destinations en une journ\u00e9e.<\/li>\n\n<li>Paysages diversifi\u00e9s\u00a0: Malgr\u00e9 sa taille, Bali offre des paysages diversifi\u00e9s qui rendent l&rsquo;exploration en moto passionnante. Des c\u00f4tes \u00e9poustouflantes aux plages de sable fin, en passant par les rizi\u00e8res en terrasses luxuriantes, les montagnes volcaniques et les for\u00eats denses, le terrain vari\u00e9 de Bali offre une toile de fond pittoresque pour vos aventures en moto.<\/li>\n\n<li>Attractions culturelles : Bali est connue pour sa riche culture et son patrimoine, avec de nombreux temples, villages traditionnels et sites historiques diss\u00e9min\u00e9s \u00e0 travers l&rsquo;\u00eele. Conduire une moto vous permet d&rsquo;explorer facilement ces attractions culturelles, de vous immerger dans les traditions locales et d&rsquo;assister aux c\u00e9r\u00e9monies et festivals religieux uniques de l&rsquo;\u00eele.<\/li>\n\n<li>Villes et villages de charme : Bali est parsem\u00e9e de villes et villages de charme qui mettent en valeur le c\u00f4t\u00e9 authentique de l&rsquo;\u00eele. Conduire une moto vous permet de vous promener dans les rues \u00e9troites, de d\u00e9couvrir des ruelles cach\u00e9es et de tomber sur des march\u00e9s locaux, des galeries d&rsquo;art et des boutiques d&rsquo;artisanat traditionnel qui ne sont peut-\u00eatre pas aussi facilement accessibles en voiture.<\/li>\n\n<li>Routes panoramiques et routes c\u00f4ti\u00e8res\u00a0: Bali offre des routes panoramiques et des routes c\u00f4ti\u00e8res pittoresques qui sont un plaisir \u00e0 parcourir. De la route c\u00f4ti\u00e8re embl\u00e9matique de Kuta \u00e0 Uluwatu offrant une vue imprenable sur l&rsquo;oc\u00e9an aux routes sinueuses traversant l&rsquo;int\u00e9rieur de Bali, vous aurez de nombreuses occasions de profiter de paysages \u00e9poustouflants et de capturer des moments m\u00e9morables.<\/li>\n\n<li>Exploration hors des sentiers battus\u00a0: Bali poss\u00e8de un m\u00e9lange de sites touristiques populaires et de lieux hors des sentiers battus. Conduire une moto vous donne la libert\u00e9 de vous aventurer au-del\u00e0 des zones touristiques tr\u00e8s fr\u00e9quent\u00e9es et de d\u00e9couvrir des joyaux cach\u00e9s, des plages isol\u00e9es, des cascades sereines et de charmants paysages ruraux qui ne sont peut-\u00eatre pas aussi facilement accessibles par d&rsquo;autres moyens de transport.<\/li>\n\n<li>Exp\u00e9riences et interactions culturelles : Explorer Bali \u00e0 moto vous permet d&rsquo;interagir avec les habitants, de d\u00e9couvrir leur chaleureuse hospitalit\u00e9 et d&rsquo;avoir un aper\u00e7u de leur vie quotidienne. Qu&rsquo;il s&rsquo;agisse de rencontrer des Balinais amicaux dans des villages ruraux ou d&rsquo;observer des c\u00e9r\u00e9monies et des rituels traditionnels, vous pouvez vivre des exp\u00e9riences culturelles immersives lors de votre voyage en moto.<\/li><\/ol><p>Si Bali offre une incroyable exp\u00e9rience d&rsquo;exploration \u00e0 moto, il est important de noter que d&rsquo;autres \u00eeles indon\u00e9siennes comme Lombok, Java ou Sumatra offrent \u00e9galement des paysages uniques et captivants \u00e0 explorer sur deux roues. Chaque \u00eele a ses propres charmes et attractions, cela d\u00e9pend donc en fin de compte de vos pr\u00e9f\u00e9rences personnelles et du type d&rsquo;exp\u00e9rience que vous recherchez.<\/p><figure class=\"wp-block-image size-large\"><img decoding=\"async\" src=\"https:\/\/balibestmotorcycle.com\/wp-content\/uploads\/2023\/04\/Biannual.png\" alt=\"\" title=\"\"><\/figure>","protected":false},"excerpt":{"rendered":"<p>Bali est en effet l\u2019une des \u00eeles d\u2019Indon\u00e9sie les plus populaires \u00e0 explorer en moto, et de nombreux visiteurs la trouvent comme une destination fantastique pour les aventures en moto. Voici pourquoi Bali est souvent consid\u00e9r\u00e9e comme une \u00eele id\u00e9ale \u00e0 explorer en moto&nbsp;: Si Bali offre une incroyable exp\u00e9rience d&rsquo;exploration \u00e0 moto, il est&hellip;&nbsp;<a href=\"https:\/\/balibestmotorcycle.com\/fr\/bali-paradis-de-la-moto\" class=\"\" rel=\"bookmark\">Lire la suite &raquo;<span class=\"screen-reader-text\">Bali, paradis de la moto<\/span><\/a><\/p>\n","protected":false},"author":1,"featured_media":0,"parent":0,"menu_order":0,"comment_status":"closed","ping_status":"closed","template":"","meta":{"neve_meta_sidebar":"","neve_meta_container":"","neve_meta_enable_content_width":"","neve_meta_content_width":0,"neve_meta_title_alignment":"","neve_meta_author_avatar":"","neve_post_elements_order":"","neve_meta_disable_header":"","neve_meta_disable_footer":"","neve_meta_disable_title":"","_ti_tpc_template_sync":false,"_ti_tpc_template_id":"","footnotes":""},"class_list":["post-3080","page","type-page","status-publish","hentry"],"_links":{"self":[{"href":"https:\/\/balibestmotorcycle.com\/fr\/wp-json\/wp\/v2\/pages\/3080","targetHints":{"allow":["GET"]}}],"collection":[{"href":"https:\/\/balibestmotorcycle.com\/fr\/wp-json\/wp\/v2\/pages"}],"about":[{"href":"https:\/\/balibestmotorcycle.com\/fr\/wp-json\/wp\/v2\/types\/page"}],"author":[{"embeddable":true,"href":"https:\/\/balibestmotorcycle.com\/fr\/wp-json\/wp\/v2\/users\/1"}],"replies":[{"embeddable":true,"href":"https:\/\/balibestmotorcycle.com\/fr\/wp-json\/wp\/v2\/comments?post=3080"}],"version-history":[{"count":1,"href":"https:\/\/balibestmotorcycle.com\/fr\/wp-json\/wp\/v2\/pages\/3080\/revisions"}],"predecessor-version":[{"id":3081,"href":"https:\/\/balibestmotorcycle.com\/fr\/wp-json\/wp\/v2\/pages\/3080\/revisions\/3081"}],"wp:attachment":[{"href":"https:\/\/balibestmotorcycle.com\/fr\/wp-json\/wp\/v2\/media?parent=3080"}],"curies":[{"name":"wp","href":"https:\/\/api.w.org\/{rel}","templated":true}]}}