{"id":3070,"date":"2023-06-19T00:50:11","date_gmt":"2023-06-19T00:50:11","guid":{"rendered":"https:\/\/balibestmotorcycle.com\/?page_id=3070"},"modified":"2024-07-16T11:12:22","modified_gmt":"2024-07-16T11:12:22","slug":"road-trip-en-moto-a-bali","status":"publish","type":"page","link":"https:\/\/balibestmotorcycle.com\/fr\/road-trip-en-moto-a-bali","title":{"rendered":"Road-trip en moto \u00e0 Bali"},"content":{"rendered":"<p>Bali est une destination magnifique avec des paysages \u00e9poustouflants, et explorer l&rsquo;\u00eele en moto est un moyen populaire de d\u00e9couvrir ses routes pittoresques. Bien qu&rsquo;il existe de nombreuses routes pittoresques \u00e0 Bali, l&rsquo;une des meilleures routes panoramiques pour faire de la moto est la route d&rsquo;Ubud \u00e0 Kintamani. Voici un itin\u00e9raire sugg\u00e9r\u00e9&nbsp;:<\/p><ol class=\"wp-block-list\"><li>Commencez \u00e0 Ubud\u00a0: Ubud est un centre culturel connu pour sa verdure luxuriante, ses villages traditionnels et sa sc\u00e8ne artistique. Commencez votre voyage \u00e0 partir d&rsquo;ici.<\/li>\n\n<li>Rizi\u00e8res en terrasses de Tegallalang\u00a0: dirigez-vous vers le nord depuis Ubud jusqu&rsquo;aux rizi\u00e8res en terrasses de Tegallalang, o\u00f9 vous rencontrerez de superbes rizi\u00e8res \u00e0 plusieurs niveaux creus\u00e9es dans la colline. Les paysages verdoyants offrent un spectacle m\u00e9morable.<\/li>\n\n<li>Mont Batur : Continuez votre voyage jusqu&rsquo;\u00e0 Kintamani, o\u00f9 vous trouverez le mont Batur. Ce volcan actif offre des vues imprenables sur sa caldeira et le lac environnant. Parcourez les routes sinueuses qui m\u00e8nent au point de vue et admirez la beaut\u00e9 des paysages.<\/li>\n\n<li>Sources chaudes naturelles de Batur\u00a0: Apr\u00e8s avoir profit\u00e9 de la vue sur le mont Batur, d\u00e9tendez-vous aux sources chaudes naturelles de Batur. Nich\u00e9es dans un jardin tropical luxuriant, ces sources chaudes offrent des bains thermaux revigorants avec une vue imprenable sur les montagnes environnantes.<\/li>\n\n<li>Lac Batur : Depuis les sources chaudes, dirigez-vous vers le lac Batur. Ce grand lac volcanique est entour\u00e9 de paysages pittoresques et vous pouvez vous arr\u00eater \u00e0 diff\u00e9rents points de vue pour capturer la beaut\u00e9 du lac et des montagnes.<\/li>\n\n<li>Retour \u00e0 Ubud : Apr\u00e8s avoir explor\u00e9 les sites pittoresques autour de Kintamani, retournez \u00e0 Ubud. Vous pouvez soit revenir sur votre itin\u00e9raire, soit choisir une route alternative pour d\u00e9couvrir davantage la campagne pittoresque de Bali.<\/li><\/ol><p>N&rsquo;oubliez pas de donner la priorit\u00e9 \u00e0 la s\u00e9curit\u00e9 lorsque vous faites de la moto \u00e0 Bali. Portez un casque, respectez le code de la route et soyez prudent sur les routes. De plus, v\u00e9rifiez les conditions routi\u00e8res et la m\u00e9t\u00e9o avant votre voyage pour garantir un voyage fluide et agr\u00e9able.<\/p><figure class=\"wp-block-image\"><img fetchpriority=\"high\" decoding=\"async\" width=\"1280\" height=\"1875\" src=\"http:\/\/balibestmotorcycle.com\/wp-content\/uploads\/2023\/04\/Biannual.png\" alt=\"\" class=\"wp-image-335\" title=\"\" srcset=\"https:\/\/balibestmotorcycle.com\/wp-content\/uploads\/2023\/04\/Biannual.png 1280w, https:\/\/balibestmotorcycle.com\/wp-content\/uploads\/2023\/04\/Biannual-600x879.png 600w, https:\/\/balibestmotorcycle.com\/wp-content\/uploads\/2023\/04\/Biannual-205x300.png 205w, https:\/\/balibestmotorcycle.com\/wp-content\/uploads\/2023\/04\/Biannual-699x1024.png 699w, https:\/\/balibestmotorcycle.com\/wp-content\/uploads\/2023\/04\/Biannual-768x1125.png 768w, https:\/\/balibestmotorcycle.com\/wp-content\/uploads\/2023\/04\/Biannual-1049x1536.png 1049w\" sizes=\"(max-width: 1280px) 100vw, 1280px\" \/><\/figure>","protected":false},"excerpt":{"rendered":"<p>Bali est une destination magnifique avec des paysages \u00e9poustouflants, et explorer l&rsquo;\u00eele en moto est un moyen populaire de d\u00e9couvrir ses routes pittoresques. Bien qu&rsquo;il existe de nombreuses routes pittoresques \u00e0 Bali, l&rsquo;une des meilleures routes panoramiques pour faire de la moto est la route d&rsquo;Ubud \u00e0 Kintamani. Voici un itin\u00e9raire sugg\u00e9r\u00e9&nbsp;: N&rsquo;oubliez pas de&hellip;&nbsp;<a href=\"https:\/\/balibestmotorcycle.com\/fr\/road-trip-en-moto-a-bali\" class=\"\" rel=\"bookmark\">Lire la suite &raquo;<span class=\"screen-reader-text\">Road-trip en moto \u00e0 Bali<\/span><\/a><\/p>\n","protected":false},"author":1,"featured_media":0,"parent":0,"menu_order":0,"comment_status":"closed","ping_status":"closed","template":"","meta":{"neve_meta_sidebar":"","neve_meta_container":"","neve_meta_enable_content_width":"","neve_meta_content_width":0,"neve_meta_title_alignment":"","neve_meta_author_avatar":"","neve_post_elements_order":"","neve_meta_disable_header":"","neve_meta_disable_footer":"","neve_meta_disable_title":"","_ti_tpc_template_sync":false,"_ti_tpc_template_id":"","footnotes":""},"class_list":["post-3070","page","type-page","status-publish","hentry"],"_links":{"self":[{"href":"https:\/\/balibestmotorcycle.com\/fr\/wp-json\/wp\/v2\/pages\/3070","targetHints":{"allow":["GET"]}}],"collection":[{"href":"https:\/\/balibestmotorcycle.com\/fr\/wp-json\/wp\/v2\/pages"}],"about":[{"href":"https:\/\/balibestmotorcycle.com\/fr\/wp-json\/wp\/v2\/types\/page"}],"author":[{"embeddable":true,"href":"https:\/\/balibestmotorcycle.com\/fr\/wp-json\/wp\/v2\/users\/1"}],"replies":[{"embeddable":true,"href":"https:\/\/balibestmotorcycle.com\/fr\/wp-json\/wp\/v2\/comments?post=3070"}],"version-history":[{"count":1,"href":"https:\/\/balibestmotorcycle.com\/fr\/wp-json\/wp\/v2\/pages\/3070\/revisions"}],"predecessor-version":[{"id":3071,"href":"https:\/\/balibestmotorcycle.com\/fr\/wp-json\/wp\/v2\/pages\/3070\/revisions\/3071"}],"wp:attachment":[{"href":"https:\/\/balibestmotorcycle.com\/fr\/wp-json\/wp\/v2\/media?parent=3070"}],"curies":[{"name":"wp","href":"https:\/\/api.w.org\/{rel}","templated":true}]}}