{"id":3068,"date":"2023-09-14T01:34:21","date_gmt":"2023-09-14T01:34:21","guid":{"rendered":"https:\/\/balibestmotorcycle.com\/?page_id=3068"},"modified":"2024-07-16T11:10:17","modified_gmt":"2024-07-16T11:10:17","slug":"location-de-motos-a-bali","status":"publish","type":"page","link":"https:\/\/balibestmotorcycle.com\/fr\/location-de-motos-a-bali","title":{"rendered":"Location de motos \u00e0 Bali"},"content":{"rendered":"<p>\u00cates-vous pr\u00eat \u00e0 d\u00e9couvrir Bali comme jamais auparavant ? Chez Bali Best Motorcycle, nous vous offrons les cl\u00e9s pour lib\u00e9rer tout le potentiel de cette belle \u00eele. Que vous soyez un pilote chevronn\u00e9 ou novice, notre service de location de motos de qualit\u00e9 sup\u00e9rieure est votre porte d&rsquo;entr\u00e9e vers les magnifiques paysages, la culture et les tr\u00e9sors cach\u00e9s de Bali.<\/p><p><strong>Pourquoi nous choisir?<\/strong><\/p><p><img decoding=\"async\" src=\"https:\/\/s.w.org\/images\/core\/emoji\/15.0.3\/svg\/1f3cd.svg\" alt=\"\ud83c\udfcd\ufe0f\" style=\"width: 20px;\" title=\"\">\u00a0<strong>Flotte diversifi\u00e9e<\/strong>\u00a0: Faites votre choix parmi notre vaste s\u00e9lection de motos m\u00e9ticuleusement entretenues. Des scooters agiles aux puissants croiseurs, nous avons le v\u00e9hicule parfait pour chaque type de voyageur.<\/p><p><img decoding=\"async\" src=\"https:\/\/s.w.org\/images\/core\/emoji\/15.0.3\/svg\/1f4b0.svg\" alt=\"\ud83d\udcb0\" style=\"width: 20px;\" title=\"\">\u00a0<strong>Abordabilit\u00e9<\/strong>\u00a0: Nous pensons que l&rsquo;aventure doit \u00eatre accessible \u00e0 tous. Nos tarifs comp\u00e9titifs vous garantissent de tirer le meilleur parti de votre exp\u00e9rience \u00e0 Bali.<\/p><p><img decoding=\"async\" src=\"https:\/\/s.w.org\/images\/core\/emoji\/15.0.3\/svg\/1f6e1.svg\" alt=\"\ud83d\udee1\ufe0f\" style=\"width: 20px;\" title=\"\">\u00a0<strong>La s\u00e9curit\u00e9 avant tout<\/strong>\u00a0: Votre s\u00e9curit\u00e9 est notre priorit\u00e9. Nos v\u00e9los font l\u2019objet d\u2019un entretien r\u00e9gulier, garantissant fiabilit\u00e9 et tranquillit\u00e9 d\u2019esprit tout au long de votre trajet.<\/p><p><img decoding=\"async\" src=\"https:\/\/s.w.org\/images\/core\/emoji\/15.0.3\/svg\/1f4cd.svg\" alt=\"\ud83d\udccd\" style=\"width: 20px;\" title=\"\">\u00a0<strong>Commodit\u00e9<\/strong>\u00a0: Avec plusieurs points de prise en charge et de d\u00e9p\u00f4t strat\u00e9giquement situ\u00e9s \u00e0 travers Bali, louer avec nous est incroyablement pratique. Nous sommes l\u00e0 o\u00f9 vous avez besoin de nous.<\/p><p><img decoding=\"async\" src=\"https:\/\/s.w.org\/images\/core\/emoji\/15.0.3\/svg\/1f30d.svg\" alt=\"\ud83c\udf0d\" style=\"width: 20px;\" title=\"\">\u00a0<strong>Connaissances locales<\/strong>\u00a0: notre \u00e9quipe d&rsquo;experts locaux sympathiques est l\u00e0 pour partager ses conseils d&rsquo;initi\u00e9s, vous aidant \u00e0 d\u00e9couvrir les joyaux cach\u00e9s de Bali et \u00e0 tirer le meilleur parti de votre visite.<\/p><p><img decoding=\"async\" src=\"https:\/\/s.w.org\/images\/core\/emoji\/15.0.3\/svg\/1f512.svg\" alt=\"\ud83d\udd12\" style=\"width: 20px;\" title=\"\">\u00a0<strong>Extras en option<\/strong>\u00a0: am\u00e9liorez votre balade avec notre gamme d&rsquo;extras en option, notamment des casques, un GPS et bien plus encore, pour adapter votre aventure \u00e0 vos pr\u00e9f\u00e9rences.<\/p><p><img decoding=\"async\" src=\"https:\/\/s.w.org\/images\/core\/emoji\/15.0.3\/svg\/1f4f1.svg\" alt=\"\ud83d\udcf1\" style=\"width: 20px;\" title=\"\">\u00a0<strong>R\u00e9servation en ligne<\/strong>\u00a0: rationalisez votre exp\u00e9rience de location en r\u00e9servant en ligne \u00e0 l&rsquo;avance, ce qui vous fait gagner du temps et vous assure que votre v\u00e9lo pr\u00e9f\u00e9r\u00e9 est pr\u00eat et vous attend.<\/p><p>Commencez votre aventure \u00e0 Bali avec nous d\u00e8s aujourd&rsquo;hui&nbsp;!<\/p><p>Profitez de la libert\u00e9 de la route et explorez Bali \u00e0 votre fa\u00e7on avec Bali Motorcycle Rentals. D\u00e9couvrez la magie de cette \u00eele paradisiaque, une balade \u00e0 la fois.<img decoding=\"async\" src=\"https:\/\/s.w.org\/images\/core\/emoji\/15.0.3\/svg\/1f31e.svg\" alt=\"\ud83c\udf1e\" style=\"width: 20px;\" title=\"\"><img decoding=\"async\" src=\"https:\/\/s.w.org\/images\/core\/emoji\/15.0.3\/svg\/1f3cd.svg\" alt=\"\ud83c\udfcd\ufe0f\" style=\"width: 20px;\" title=\"\"><\/p><h3 class=\"wp-block-heading\">BaliMotorbikeRentals #ExploreBali #RideInParadise #BaliAdventures #IslandExploration<\/h3><figure class=\"wp-block-image size-large\"><img decoding=\"async\" src=\"https:\/\/balibestmotorcycle.com\/wp-content\/uploads\/2023\/07\/Biannual-1.png\" alt=\"\" title=\"\"><\/figure>","protected":false},"excerpt":{"rendered":"<p>\u00cates-vous pr\u00eat \u00e0 d\u00e9couvrir Bali comme jamais auparavant ? Chez Bali Best Motorcycle, nous vous offrons les cl\u00e9s pour lib\u00e9rer tout le potentiel de cette belle \u00eele. Que vous soyez un pilote chevronn\u00e9 ou novice, notre service de location de motos de qualit\u00e9 sup\u00e9rieure est votre porte d&rsquo;entr\u00e9e vers les magnifiques paysages, la culture et&hellip;&nbsp;<a href=\"https:\/\/balibestmotorcycle.com\/fr\/location-de-motos-a-bali\" class=\"\" rel=\"bookmark\">Lire la suite &raquo;<span class=\"screen-reader-text\">Location de motos \u00e0 Bali<\/span><\/a><\/p>\n","protected":false},"author":1,"featured_media":0,"parent":0,"menu_order":0,"comment_status":"closed","ping_status":"closed","template":"","meta":{"neve_meta_sidebar":"","neve_meta_container":"","neve_meta_enable_content_width":"","neve_meta_content_width":0,"neve_meta_title_alignment":"","neve_meta_author_avatar":"","neve_post_elements_order":"","neve_meta_disable_header":"","neve_meta_disable_footer":"","neve_meta_disable_title":"","_ti_tpc_template_sync":false,"_ti_tpc_template_id":"","footnotes":""},"class_list":["post-3068","page","type-page","status-publish","hentry"],"_links":{"self":[{"href":"https:\/\/balibestmotorcycle.com\/fr\/wp-json\/wp\/v2\/pages\/3068","targetHints":{"allow":["GET"]}}],"collection":[{"href":"https:\/\/balibestmotorcycle.com\/fr\/wp-json\/wp\/v2\/pages"}],"about":[{"href":"https:\/\/balibestmotorcycle.com\/fr\/wp-json\/wp\/v2\/types\/page"}],"author":[{"embeddable":true,"href":"https:\/\/balibestmotorcycle.com\/fr\/wp-json\/wp\/v2\/users\/1"}],"replies":[{"embeddable":true,"href":"https:\/\/balibestmotorcycle.com\/fr\/wp-json\/wp\/v2\/comments?post=3068"}],"version-history":[{"count":1,"href":"https:\/\/balibestmotorcycle.com\/fr\/wp-json\/wp\/v2\/pages\/3068\/revisions"}],"predecessor-version":[{"id":3069,"href":"https:\/\/balibestmotorcycle.com\/fr\/wp-json\/wp\/v2\/pages\/3068\/revisions\/3069"}],"wp:attachment":[{"href":"https:\/\/balibestmotorcycle.com\/fr\/wp-json\/wp\/v2\/media?parent=3068"}],"curies":[{"name":"wp","href":"https:\/\/api.w.org\/{rel}","templated":true}]}}