{"id":3065,"date":"2023-09-08T01:54:55","date_gmt":"2023-09-08T01:54:55","guid":{"rendered":"https:\/\/balibestmotorcycle.com\/?page_id=3065"},"modified":"2024-07-16T11:09:59","modified_gmt":"2024-07-16T11:09:59","slug":"location-moto-bali","status":"publish","type":"page","link":"https:\/\/balibestmotorcycle.com\/fr\/location-moto-bali","title":{"rendered":"LOCATION MOTO BALI"},"content":{"rendered":"<p>Envisagez-vous une aventure exaltante \u00e0 Bali et recherchez les meilleures options de location de motos ? Cherchez pas plus loin! Bali est une destination de r\u00eave pour les passionn\u00e9s de moto, et nous vous proposons les meilleurs services de location de motos sur cette magnifique \u00eele. Que vous soyez un motard exp\u00e9riment\u00e9 ou un novice souhaitant explorer Bali sur deux roues, nos options de location de motos s&rsquo;adressent aux motards de tous niveaux.<\/p><ol class=\"wp-block-list\"><li><strong>Location de moto \u00e0 Bali\u00a0:<\/strong>\u00a0commencez votre aventure \u00e0 Bali en louant chez nous une moto fiable et bien entretenue.<\/li>\n\n<li><strong>Location de scooters \u00e0 Bali :<\/strong>\u00a0les scooters sont un choix populaire pour explorer les routes \u00e9troites et sinueuses de Bali.<\/li>\n\n<li><strong>Location de motos Bali\u00a0:<\/strong>\u00a0choisissez parmi notre vaste gamme de motos disponibles \u00e0 la location.<\/li>\n\n<li><strong>Location de motos abordables\u00a0:<\/strong>\u00a0Nous proposons des tarifs comp\u00e9titifs adapt\u00e9s \u00e0 votre budget.<\/li>\n\n<li><strong>Location de v\u00e9los \u00e0 Bali\u00a0:<\/strong>\u00a0d\u00e9couvrez la libert\u00e9 d&rsquo;explorer les joyaux cach\u00e9s de Bali sur deux roues.<\/li>\n\n<li><strong>Location de scooters \u00e0 Bali :<\/strong>\u00a0les scooters sont une option pratique et \u00e9conome en carburant pour se d\u00e9placer sur l&rsquo;\u00eele.<\/li>\n\n<li><strong>Louez une moto \u00e0 Bali\u00a0:<\/strong>\u00a0profitez du frisson de conduire une moto \u00e0 travers les paysages pittoresques de Bali.<\/li>\n\n<li><strong>Prix \u200b\u200bde location de scooter \u00e0 Bali\u00a0:<\/strong>\u00a0consultez nos tarifs de location de scooter abordables pour planifier votre budget.<\/li>\n\n<li><strong>Location de moto balinaise :<\/strong>\u00a0D\u00e9couvrez Bali comme un local en louant une moto chez nous.<\/li>\n\n<li><strong>Tours en moto \u00e0 Bali\u00a0:<\/strong>\u00a0rejoignez nos visites guid\u00e9es en moto pour explorer les principales attractions de Bali.<\/li>\n\n<li><strong>Meilleurs endroits pour rouler \u00e0 Bali\u00a0:<\/strong>\u00a0Explorez les plages, les rizi\u00e8res en terrasses, les cascades et les temples de Bali sur votre moto de location.<\/li>\n\n<li><strong>\u00c9quipement de s\u00e9curit\u00e9 inclus\u00a0:<\/strong>\u00a0Nous accordons la priorit\u00e9 \u00e0 votre s\u00e9curit\u00e9 et toutes les locations sont livr\u00e9es avec des casques et des \u00e9quipements de s\u00e9curit\u00e9.<\/li>\n\n<li><strong>Livraison de location de moto \u00e0 Bali\u00a0:<\/strong>\u00a0options de livraison pratiques \u00e0 votre h\u00e9bergement.<\/li>\n\n<li><strong>Assurance moto Bali\u00a0:<\/strong>\u00a0restez sans souci avec une couverture d&rsquo;assurance facultative.<\/li>\n\n<li><strong>Avis sur la location de v\u00e9los \u00e0 Bali\u00a0:<\/strong>\u00a0lisez nos avis et t\u00e9moignages \u00e9logieux de clients.<\/li>\n\n<li><strong>R\u00e9servation de motos \u00e0 Bali\u00a0:<\/strong>\u00a0r\u00e9servez facilement votre location de moto en ligne ou via notre application mobile.<\/li>\n\n<li><strong>Service client 24h\/24 et 7j\/7\u00a0:<\/strong>\u00a0nous sommes l\u00e0 pour vous aider 24 heures sur 24 pour une exp\u00e9rience sans tracas.<\/li>\n\n<li><strong>Location de motos en aller simple\u00a0:<\/strong>\u00a0options de d\u00e9pose flexibles adapt\u00e9es \u00e0 votre itin\u00e9raire de voyage.<\/li>\n\n<li><strong>Location de moto longue dur\u00e9e \u00e0 Bali\u00a0:<\/strong>\u00a0vivez de longues aventures avec nos options de location longue dur\u00e9e.<\/li>\n\n<li><strong>Amateurs d&rsquo;aventure \u00e0 Bali\u00a0:<\/strong>\u00a0vivez le frisson de parcourir les paysages diversifi\u00e9s de Bali.<\/li>\n\n<li><strong>Explorez Bali hors des sentiers battus\u00a0:<\/strong>\u00a0d\u00e9couvrez des joyaux cach\u00e9s et des endroits secrets sur votre moto.<\/li>\n\n<li><strong>Road Trip \u00e0 Bali\u00a0:<\/strong>\u00a0planifiez un road trip \u00e9pique autour de l&rsquo;\u00eele avec nos locations de motos.<\/li>\n\n<li><strong>Conseils de voyage \u00e0 Bali\u00a0:<\/strong>\u00a0consultez notre blog pour obtenir de pr\u00e9cieux conseils pour explorer Bali en moto.<\/li>\n\n<li><strong>R\u00e9ductions sur la location de motos\u00a0:<\/strong>\u00a0gardez un \u0153il sur les offres sp\u00e9ciales et les r\u00e9ductions.<\/li>\n\n<li><strong>FAQ sur la location de v\u00e9los \u00e0 Bali\u00a0:<\/strong>\u00a0obtenez des r\u00e9ponses aux questions courantes sur la location d&rsquo;une moto \u00e0 Bali.<\/li><\/ol><p>Alors ne manquez pas les exp\u00e9riences incroyables que Bali a \u00e0 offrir. Louez une moto avec nous et embarquez pour une aventure inoubliable autour de ce paradis tropical. Que vous recherchiez la tranquillit\u00e9 en bord de mer, l&rsquo;exploration d&rsquo;une jungle luxuriante ou une immersion culturelle, une location de moto \u00e0 Bali est le moyen id\u00e9al pour profiter au maximum de votre voyage. R\u00e9servez votre moto d\u00e8s aujourd&rsquo;hui et pr\u00e9parez-vous pour un voyage extraordinaire sur les routes de Bali !<\/p><figure class=\"wp-block-video\"><video controls src=\"https:\/\/balibestmotorcycle.com\/wp-content\/uploads\/2023\/02\/IMG_0063.mov\"><\/video><\/figure>","protected":false},"excerpt":{"rendered":"<p>Envisagez-vous une aventure exaltante \u00e0 Bali et recherchez les meilleures options de location de motos ? Cherchez pas plus loin! Bali est une destination de r\u00eave pour les passionn\u00e9s de moto, et nous vous proposons les meilleurs services de location de motos sur cette magnifique \u00eele. Que vous soyez un motard exp\u00e9riment\u00e9 ou un novice&hellip;&nbsp;<a href=\"https:\/\/balibestmotorcycle.com\/fr\/location-moto-bali\" class=\"\" rel=\"bookmark\">Lire la suite &raquo;<span class=\"screen-reader-text\">LOCATION MOTO BALI<\/span><\/a><\/p>\n","protected":false},"author":1,"featured_media":0,"parent":0,"menu_order":0,"comment_status":"closed","ping_status":"closed","template":"","meta":{"neve_meta_sidebar":"","neve_meta_container":"","neve_meta_enable_content_width":"","neve_meta_content_width":0,"neve_meta_title_alignment":"","neve_meta_author_avatar":"","neve_post_elements_order":"","neve_meta_disable_header":"","neve_meta_disable_footer":"","neve_meta_disable_title":"","_ti_tpc_template_sync":false,"_ti_tpc_template_id":"","footnotes":""},"class_list":["post-3065","page","type-page","status-publish","hentry"],"_links":{"self":[{"href":"https:\/\/balibestmotorcycle.com\/fr\/wp-json\/wp\/v2\/pages\/3065","targetHints":{"allow":["GET"]}}],"collection":[{"href":"https:\/\/balibestmotorcycle.com\/fr\/wp-json\/wp\/v2\/pages"}],"about":[{"href":"https:\/\/balibestmotorcycle.com\/fr\/wp-json\/wp\/v2\/types\/page"}],"author":[{"embeddable":true,"href":"https:\/\/balibestmotorcycle.com\/fr\/wp-json\/wp\/v2\/users\/1"}],"replies":[{"embeddable":true,"href":"https:\/\/balibestmotorcycle.com\/fr\/wp-json\/wp\/v2\/comments?post=3065"}],"version-history":[{"count":2,"href":"https:\/\/balibestmotorcycle.com\/fr\/wp-json\/wp\/v2\/pages\/3065\/revisions"}],"predecessor-version":[{"id":3067,"href":"https:\/\/balibestmotorcycle.com\/fr\/wp-json\/wp\/v2\/pages\/3065\/revisions\/3067"}],"wp:attachment":[{"href":"https:\/\/balibestmotorcycle.com\/fr\/wp-json\/wp\/v2\/media?parent=3065"}],"curies":[{"name":"wp","href":"https:\/\/api.w.org\/{rel}","templated":true}]}}