{"id":3063,"date":"2023-06-18T06:06:36","date_gmt":"2023-06-17T22:06:36","guid":{"rendered":"https:\/\/balibestmotorcycle.com\/?page_id=3063"},"modified":"2024-07-16T11:00:51","modified_gmt":"2024-07-16T11:00:51","slug":"bali-location-de-moto-longue-duree","status":"publish","type":"page","link":"https:\/\/balibestmotorcycle.com\/fr\/bali-location-de-moto-longue-duree","title":{"rendered":"Bali Location de moto longue dur\u00e9e"},"content":{"rendered":"<p>Oui, il est possible de louer une moto longue dur\u00e9e \u00e0 Bali. De nombreux magasins de location de motos proposent des dur\u00e9es de location flexibles, notamment des options de location \u00e0 la semaine, au mois ou m\u00eame \u00e0 plus long terme. Que vous s\u00e9journiez \u00e0 Bali pour une p\u00e9riode prolong\u00e9e ou que vous envisagiez de vivre sur l&rsquo;\u00eele, la location de motos \u00e0 long terme peut \u00eatre une option pratique et rentable.<\/p><p>Les locations de motos \u00e0 long terme offrent souvent de meilleurs tarifs que les locations \u00e0 court terme, ce qui les rend plus abordables pour ceux qui pr\u00e9voient un s\u00e9jour prolong\u00e9. Les conditions, prix et conditions de location sp\u00e9cifiques peuvent varier selon les magasins de location, il est donc conseill\u00e9 de se renseigner aupr\u00e8s de plusieurs fournisseurs de location pour comparer les options et trouver la meilleure offre.<\/p><p>Lors de la location d&rsquo;une moto \u00e0 long terme, il est important de prendre en compte des facteurs tels que la couverture d&rsquo;assurance, l&rsquo;entretien et les frais ou exigences suppl\u00e9mentaires impos\u00e9s par la soci\u00e9t\u00e9 de location. Assurez-vous de lire et de comprendre attentivement le contrat de location, y compris les termes et conditions, pour garantir une exp\u00e9rience de location fluide et sans tracas.<\/p><p>Certains magasins de location de motos \u00e0 Bali peuvent \u00e9galement proposer des services suppl\u00e9mentaires tels que l&rsquo;entretien des v\u00e9los, l&rsquo;entretien p\u00e9riodique et l&rsquo;assistance routi\u00e8re, ce qui peut \u00eatre avantageux pour les locataires de longue dur\u00e9e.<\/p><p>Avant de s&rsquo;engager dans une location de moto \u00e0 long terme, il est recommand\u00e9 d&rsquo;inspecter l&rsquo;\u00e9tat de la moto, de prendre des photos de tout dommage existant et de discuter de toute pr\u00e9occupation ou exigence avec le loueur. Cela vous permettra de garantir que vous disposez d\u2019une moto fiable et bien entretenue pendant toute la dur\u00e9e de votre s\u00e9jour \u00e0 Bali.<\/p><p>Comme les r\u00e9glementations et les politiques de location peuvent changer au fil du temps, c&rsquo;est toujours une bonne id\u00e9e de v\u00e9rifier aupr\u00e8s de soci\u00e9t\u00e9s de location de motos r\u00e9put\u00e9es \u00e0 Bali pour obtenir les informations les plus r\u00e9centes concernant les locations \u00e0 long terme.<\/p><figure class=\"wp-block-image\"><img fetchpriority=\"high\" decoding=\"async\" width=\"1280\" height=\"1875\" src=\"http:\/\/balibestmotorcycle.com\/wp-content\/uploads\/2023\/04\/Biannual.png\" alt=\"\" class=\"wp-image-335\" title=\"\" srcset=\"https:\/\/balibestmotorcycle.com\/wp-content\/uploads\/2023\/04\/Biannual.png 1280w, https:\/\/balibestmotorcycle.com\/wp-content\/uploads\/2023\/04\/Biannual-600x879.png 600w, https:\/\/balibestmotorcycle.com\/wp-content\/uploads\/2023\/04\/Biannual-205x300.png 205w, https:\/\/balibestmotorcycle.com\/wp-content\/uploads\/2023\/04\/Biannual-699x1024.png 699w, https:\/\/balibestmotorcycle.com\/wp-content\/uploads\/2023\/04\/Biannual-768x1125.png 768w, https:\/\/balibestmotorcycle.com\/wp-content\/uploads\/2023\/04\/Biannual-1049x1536.png 1049w\" sizes=\"(max-width: 1280px) 100vw, 1280px\" \/><\/figure>","protected":false},"excerpt":{"rendered":"<p>Oui, il est possible de louer une moto longue dur\u00e9e \u00e0 Bali. De nombreux magasins de location de motos proposent des dur\u00e9es de location flexibles, notamment des options de location \u00e0 la semaine, au mois ou m\u00eame \u00e0 plus long terme. Que vous s\u00e9journiez \u00e0 Bali pour une p\u00e9riode prolong\u00e9e ou que vous envisagiez de&hellip;&nbsp;<a href=\"https:\/\/balibestmotorcycle.com\/fr\/bali-location-de-moto-longue-duree\" class=\"\" rel=\"bookmark\">Lire la suite &raquo;<span class=\"screen-reader-text\">Bali Location de moto longue dur\u00e9e<\/span><\/a><\/p>\n","protected":false},"author":1,"featured_media":0,"parent":0,"menu_order":0,"comment_status":"closed","ping_status":"closed","template":"","meta":{"neve_meta_sidebar":"","neve_meta_container":"","neve_meta_enable_content_width":"","neve_meta_content_width":0,"neve_meta_title_alignment":"","neve_meta_author_avatar":"","neve_post_elements_order":"","neve_meta_disable_header":"","neve_meta_disable_footer":"","neve_meta_disable_title":"","_ti_tpc_template_sync":false,"_ti_tpc_template_id":"","footnotes":""},"class_list":["post-3063","page","type-page","status-publish","hentry"],"_links":{"self":[{"href":"https:\/\/balibestmotorcycle.com\/fr\/wp-json\/wp\/v2\/pages\/3063","targetHints":{"allow":["GET"]}}],"collection":[{"href":"https:\/\/balibestmotorcycle.com\/fr\/wp-json\/wp\/v2\/pages"}],"about":[{"href":"https:\/\/balibestmotorcycle.com\/fr\/wp-json\/wp\/v2\/types\/page"}],"author":[{"embeddable":true,"href":"https:\/\/balibestmotorcycle.com\/fr\/wp-json\/wp\/v2\/users\/1"}],"replies":[{"embeddable":true,"href":"https:\/\/balibestmotorcycle.com\/fr\/wp-json\/wp\/v2\/comments?post=3063"}],"version-history":[{"count":1,"href":"https:\/\/balibestmotorcycle.com\/fr\/wp-json\/wp\/v2\/pages\/3063\/revisions"}],"predecessor-version":[{"id":3064,"href":"https:\/\/balibestmotorcycle.com\/fr\/wp-json\/wp\/v2\/pages\/3063\/revisions\/3064"}],"wp:attachment":[{"href":"https:\/\/balibestmotorcycle.com\/fr\/wp-json\/wp\/v2\/media?parent=3063"}],"curies":[{"name":"wp","href":"https:\/\/api.w.org\/{rel}","templated":true}]}}