{"id":3061,"date":"2023-06-21T01:18:41","date_gmt":"2023-06-21T01:18:41","guid":{"rendered":"https:\/\/balibestmotorcycle.com\/?page_id=3061"},"modified":"2024-07-16T10:59:12","modified_gmt":"2024-07-16T10:59:12","slug":"visa-electronique-de-bali-a-larrivee-evoa","status":"publish","type":"page","link":"https:\/\/balibestmotorcycle.com\/fr\/visa-electronique-de-bali-a-larrivee-evoa","title":{"rendered":"Visa \u00e9lectronique de Bali \u00e0 l&rsquo;arriv\u00e9e (EVOA)"},"content":{"rendered":"<p>Bali, faisant partie de l&rsquo;Indon\u00e9sie, propose diff\u00e9rents types de visas aux voyageurs en fonction du but et de la dur\u00e9e de leur s\u00e9jour. Voici quelques-uns des types courants de visas pour Bali&nbsp;:<\/p><ol class=\"wp-block-list\"><li>Visa \u00e0 l&rsquo;arriv\u00e9e (VoA)\u00a0: ce visa est disponible pour les citoyens de nombreux pays \u00e0 leur arriv\u00e9e dans les a\u00e9roports indon\u00e9siens, y compris l&rsquo;a\u00e9roport international Ngurah Rai de Bali. Le visa \u00e0 l&rsquo;arriv\u00e9e permet un s\u00e9jour allant jusqu&rsquo;\u00e0 30 jours et peut \u00eatre prolong\u00e9 de 30 jours suppl\u00e9mentaires en Indon\u00e9sie.<\/li>\n\n<li>Visa touristique (Visa Kunjungan Wisata) : Ce visa est disponible pour les touristes des pays \u00e9ligibles et peut \u00eatre obtenu avant de voyager en Indon\u00e9sie. Le visa touristique permet un s\u00e9jour allant jusqu&rsquo;\u00e0 60 jours et peut \u00eatre prolong\u00e9 de 30 jours suppl\u00e9mentaires dans un bureau d&rsquo;immigration \u00e0 Bali.<\/li>\n\n<li>Visa culturel social (Visa Budaya) : Le visa social culturel convient aux personnes qui souhaitent s&rsquo;engager dans des activit\u00e9s sociales ou culturelles en Indon\u00e9sie, comme faire du b\u00e9n\u00e9volat, suivre des cours ou mener des recherches. Il permet initialement un s\u00e9jour allant jusqu&rsquo;\u00e0 60 jours et peut \u00eatre prolong\u00e9 de 30 jours suppl\u00e9mentaires jusqu&rsquo;\u00e0 quatre fois, pour un s\u00e9jour maximum de 180 jours.<\/li>\n\n<li>Visa d&rsquo;affaires \u00e0 entr\u00e9es multiples (Visa Kunjungan Bisnis) : Ce visa est destin\u00e9 aux personnes qui envisagent de s&rsquo;engager dans des activit\u00e9s li\u00e9es aux affaires en Indon\u00e9sie, telles que des r\u00e9unions, des conf\u00e9rences ou l&rsquo;exploration d&rsquo;opportunit\u00e9s commerciales potentielles. Le visa d&rsquo;affaires \u00e0 entr\u00e9es multiples permet plusieurs entr\u00e9es au cours d&rsquo;une p\u00e9riode sp\u00e9cifi\u00e9e, g\u00e9n\u00e9ralement jusqu&rsquo;\u00e0 un an, chaque entr\u00e9e permettant un s\u00e9jour allant jusqu&rsquo;\u00e0 60 jours.<\/li>\n\n<li>Visa de travail (KITAS\/KITAP) : Pour les personnes ayant l&rsquo;intention de travailler ou de rester \u00e0 long terme \u00e0 Bali, un visa de travail (KITAS \u2013 Kartu Izin Tinggal Terbatas) ou un permis de s\u00e9jour permanent (KITAP \u2013 Kartu Izin Tinggal Tetap) est requis. Ces visas sont g\u00e9n\u00e9ralement obtenus gr\u00e2ce au parrainage d&rsquo;une entreprise ou d&rsquo;un employeur indon\u00e9sien et impliquent un processus de demande plus complexe.<\/li><\/ol><p>Il est important de noter que la r\u00e9glementation en mati\u00e8re de visa peut changer et il est conseill\u00e9 de v\u00e9rifier les derni\u00e8res informations provenant de sources officielles telles que les autorit\u00e9s indon\u00e9siennes de l&rsquo;immigration ou de consulter un avocat sp\u00e9cialis\u00e9 en droit de l&rsquo;immigration pour obtenir les informations les plus pr\u00e9cises et les plus r\u00e9centes concernant les visas pour Bali.<\/p><figure class=\"wp-block-image\"><img fetchpriority=\"high\" decoding=\"async\" width=\"1280\" height=\"1875\" src=\"http:\/\/balibestmotorcycle.com\/wp-content\/uploads\/2023\/04\/Biannual.png\" alt=\"\" class=\"wp-image-335\" title=\"\" srcset=\"https:\/\/balibestmotorcycle.com\/wp-content\/uploads\/2023\/04\/Biannual.png 1280w, https:\/\/balibestmotorcycle.com\/wp-content\/uploads\/2023\/04\/Biannual-600x879.png 600w, https:\/\/balibestmotorcycle.com\/wp-content\/uploads\/2023\/04\/Biannual-205x300.png 205w, https:\/\/balibestmotorcycle.com\/wp-content\/uploads\/2023\/04\/Biannual-699x1024.png 699w, https:\/\/balibestmotorcycle.com\/wp-content\/uploads\/2023\/04\/Biannual-768x1125.png 768w, https:\/\/balibestmotorcycle.com\/wp-content\/uploads\/2023\/04\/Biannual-1049x1536.png 1049w\" sizes=\"(max-width: 1280px) 100vw, 1280px\" \/><\/figure>","protected":false},"excerpt":{"rendered":"<p>Bali, faisant partie de l&rsquo;Indon\u00e9sie, propose diff\u00e9rents types de visas aux voyageurs en fonction du but et de la dur\u00e9e de leur s\u00e9jour. Voici quelques-uns des types courants de visas pour Bali&nbsp;: Il est important de noter que la r\u00e9glementation en mati\u00e8re de visa peut changer et il est conseill\u00e9 de v\u00e9rifier les derni\u00e8res informations&hellip;&nbsp;<a href=\"https:\/\/balibestmotorcycle.com\/fr\/visa-electronique-de-bali-a-larrivee-evoa\" class=\"\" rel=\"bookmark\">Lire la suite &raquo;<span class=\"screen-reader-text\">Visa \u00e9lectronique de Bali \u00e0 l&rsquo;arriv\u00e9e (EVOA)<\/span><\/a><\/p>\n","protected":false},"author":1,"featured_media":0,"parent":0,"menu_order":0,"comment_status":"closed","ping_status":"closed","template":"","meta":{"neve_meta_sidebar":"","neve_meta_container":"","neve_meta_enable_content_width":"","neve_meta_content_width":0,"neve_meta_title_alignment":"","neve_meta_author_avatar":"","neve_post_elements_order":"","neve_meta_disable_header":"","neve_meta_disable_footer":"","neve_meta_disable_title":"","_ti_tpc_template_sync":false,"_ti_tpc_template_id":"","footnotes":""},"class_list":["post-3061","page","type-page","status-publish","hentry"],"_links":{"self":[{"href":"https:\/\/balibestmotorcycle.com\/fr\/wp-json\/wp\/v2\/pages\/3061","targetHints":{"allow":["GET"]}}],"collection":[{"href":"https:\/\/balibestmotorcycle.com\/fr\/wp-json\/wp\/v2\/pages"}],"about":[{"href":"https:\/\/balibestmotorcycle.com\/fr\/wp-json\/wp\/v2\/types\/page"}],"author":[{"embeddable":true,"href":"https:\/\/balibestmotorcycle.com\/fr\/wp-json\/wp\/v2\/users\/1"}],"replies":[{"embeddable":true,"href":"https:\/\/balibestmotorcycle.com\/fr\/wp-json\/wp\/v2\/comments?post=3061"}],"version-history":[{"count":1,"href":"https:\/\/balibestmotorcycle.com\/fr\/wp-json\/wp\/v2\/pages\/3061\/revisions"}],"predecessor-version":[{"id":3062,"href":"https:\/\/balibestmotorcycle.com\/fr\/wp-json\/wp\/v2\/pages\/3061\/revisions\/3062"}],"wp:attachment":[{"href":"https:\/\/balibestmotorcycle.com\/fr\/wp-json\/wp\/v2\/media?parent=3061"}],"curies":[{"name":"wp","href":"https:\/\/api.w.org\/{rel}","templated":true}]}}