{"id":3059,"date":"2024-05-27T13:11:59","date_gmt":"2024-05-27T13:11:59","guid":{"rendered":"https:\/\/balibestmotorcycle.com\/?page_id=3059"},"modified":"2024-07-16T08:11:05","modified_gmt":"2024-07-16T08:11:05","slug":"road-trip-de-8-jours-a-bali","status":"publish","type":"page","link":"https:\/\/balibestmotorcycle.com\/fr\/road-trip-de-8-jours-a-bali","title":{"rendered":"Road Trip de 8 jours \u00e0 Bali"},"content":{"rendered":"<p>Bali est une \u00eele impressionnante qui offre des paysages spectaculaires, une culture riche et des aventures inoubliables. Un road trip \u00e0 Bali vous permettra d\u2019explorer ses plus beaux coins \u00e0 votre rythme. Voici une suggestion de guide pour un road trip \u00e0 Bali :<\/p><h3 class=\"wp-block-heading\">Jour 1 : Arriv\u00e9e et Ubud<\/h3><p><strong>Arriv\u00e9e \u00e0 Bali :<\/strong>&nbsp;Arrivez \u00e0 l&rsquo;a\u00e9roport international Ngurah Rai de Denpasar et r\u00e9cup\u00e9rez votre v\u00e9hicule de location.<\/p><p><strong>Ubud :<\/strong>&nbsp;Route vers Ubud, le c\u0153ur culturel de Bali. Explorez les rizi\u00e8res en terrasses de Tegallalang, la for\u00eat des singes d&rsquo;Ubud et visitez le palais d&rsquo;Ubud. Passez la nuit dans un h\u00e9bergement de charme \u00e0 Ubud.<\/p><h3 class=\"wp-block-heading\">Jour 2 : Ubud \u00e0 Kintamani<\/h3><p><strong>Rizi\u00e8res en terrasses de Tegallalang&nbsp;:<\/strong>&nbsp;profitez de la vue imprenable sur les rizi\u00e8res en terrasses.<\/p><p><strong>Kintamani :<\/strong>&nbsp;Conduisez jusqu&rsquo;\u00e0 Kintamani pour voir le majestueux mont Batur et le lac Batur. D\u00e9tendez-vous aux sources chaudes naturelles de Batur. Passez la nuit \u00e0 Kintamani.<\/p><h3 class=\"wp-block-heading\">Jour 3 : Kintamani \u00e0 Lovina<\/h3><p><strong>Lac Batur :<\/strong>&nbsp;Profitez d&rsquo;une derni\u00e8re vue sur le lac avant de partir.<\/p><p><strong>Lovina&nbsp;:<\/strong>&nbsp;route vers Lovina, connue pour ses plages de sable noir et ses observations de dauphins. Passez l&rsquo;apr\u00e8s-midi \u00e0 la plage et d\u00e9tendez-vous. H\u00e9bergement \u00e0 Lovina.<\/p><h3 class=\"wp-block-heading\">Jour 4 : Lovina \u00e0 Munduk<\/h3><p><strong>Dauphins \u00e0 Lovina&nbsp;:<\/strong>&nbsp;levez-vous t\u00f4t pour une visite d&rsquo;observation des dauphins.<\/p><p><strong>Cascades de Munduk&nbsp;:<\/strong>&nbsp;conduisez jusqu&rsquo;\u00e0 Munduk et visitez les impressionnantes cascades. Profitez du climat frais et de la v\u00e9g\u00e9tation luxuriante. Passez la nuit \u00e0 Munduk.<\/p><h3 class=\"wp-block-heading\">Jour 5 : Munduk \u00e0 Bedugul<\/h3><p><strong>Lac Bratan :<\/strong>&nbsp;Conduisez jusqu&rsquo;\u00e0 Bedugul et visitez le temple Ulun Danu Bratan sur le lac Bratan.<\/p><p><strong>Jardin botanique de Bali&nbsp;:<\/strong>&nbsp;explorez le jardin botanique de Bali \u00e0 Bedugul. Passez la nuit \u00e0 Bedugul.<\/p><h3 class=\"wp-block-heading\">Jour 6 : Bedugul \u00e0 Seminyak<\/h3><p><strong>Jatiluwih&nbsp;:<\/strong>&nbsp;visitez les impressionnantes rizi\u00e8res en terrasses de Jatiluwih, un site class\u00e9 au patrimoine mondial de l&rsquo;UNESCO.<\/p><p><strong>Seminyak&nbsp;:<\/strong>&nbsp;dirigez-vous vers Seminyak, connue pour ses restaurants \u00e9l\u00e9gants, ses boutiques et sa vie nocturne. Profitez d&rsquo;un d\u00eener sur la plage. Passez la nuit \u00e0 Seminyak.<\/p><h3 class=\"wp-block-heading\">Jour 7 : Seminyak et Canggu<\/h3><p><strong>Seminyak :<\/strong>&nbsp;D\u00e9tendez-vous sur la plage et explorez les boutiques locales.<\/p><p><strong>Canggu :<\/strong>&nbsp;Rendez-vous \u00e0 Canggu pour profiter de ses caf\u00e9s anim\u00e9s et de ses plages de surf. Passez la nuit \u00e0 Canggu.<\/p><h3 class=\"wp-block-heading\">Jour 8 : Tanah Lot et retour<\/h3><p><strong>Temple Tanah Lot&nbsp;:<\/strong>&nbsp;Visitez l&#8217;embl\u00e9matique temple Tanah Lot, particuli\u00e8rement beau au coucher du soleil.<\/p><p><strong>Retour \u00e0 Denpasar :<\/strong>&nbsp;Retournez \u00e0 Denpasar et pr\u00e9parez votre vol de d\u00e9part ou continuez \u00e0 explorer Bali.<\/p><h3 class=\"wp-block-heading\">Conseils pour votre road trip \u00e0 Bali<\/h3><ol class=\"wp-block-list\"><li><strong>S\u00e9curit\u00e9\u00a0:<\/strong>\u00a0portez toujours un casque et respectez le code de la route. Conduisez prudemment car les routes peuvent \u00eatre \u00e9troites et sinueuses.<\/li>\n\n<li><strong>Location de v\u00e9hicule :<\/strong>\u00a0Assurez-vous de louer un v\u00e9hicule en bon \u00e9tat et v\u00e9rifiez s&rsquo;il comprend une assurance.<\/li>\n\n<li><strong>GPS et cartes\u00a0:<\/strong>\u00a0utilisez un GPS ou des cartes hors ligne pour naviguer sur l&rsquo;\u00eele.<\/li>\n\n<li><strong>Hydratation et collations\u00a0:<\/strong>\u00a0emportez de l&rsquo;eau et des collations, en particulier pour les longs trajets.<\/li>\n\n<li><strong>Planification\u00a0:<\/strong>\u00a0R\u00e9servez votre h\u00e9bergement \u00e0 l&rsquo;avance, en particulier dans les zones touristiques populaires.<\/li><\/ol><p>Un road trip \u00e0 Bali vous permettra de d\u00e9couvrir la vraie beaut\u00e9 de l\u2019\u00eele et de cr\u00e9er des souvenirs inoubliables. Bonne aventure \u00e0 Bali&nbsp;!<\/p>","protected":false},"excerpt":{"rendered":"<p>Bali est une \u00eele impressionnante qui offre des paysages spectaculaires, une culture riche et des aventures inoubliables. Un road trip \u00e0 Bali vous permettra d\u2019explorer ses plus beaux coins \u00e0 votre rythme. Voici une suggestion de guide pour un road trip \u00e0 Bali : Jour 1 : Arriv\u00e9e et Ubud Arriv\u00e9e \u00e0 Bali :&nbsp;Arrivez \u00e0&hellip;&nbsp;<a href=\"https:\/\/balibestmotorcycle.com\/fr\/road-trip-de-8-jours-a-bali\" class=\"\" rel=\"bookmark\">Lire la suite &raquo;<span class=\"screen-reader-text\">Road Trip de 8 jours \u00e0 Bali<\/span><\/a><\/p>\n","protected":false},"author":1,"featured_media":0,"parent":0,"menu_order":0,"comment_status":"closed","ping_status":"closed","template":"","meta":{"neve_meta_sidebar":"","neve_meta_container":"","neve_meta_enable_content_width":"","neve_meta_content_width":0,"neve_meta_title_alignment":"","neve_meta_author_avatar":"","neve_post_elements_order":"","neve_meta_disable_header":"","neve_meta_disable_footer":"","neve_meta_disable_title":"","_ti_tpc_template_sync":false,"_ti_tpc_template_id":"","footnotes":""},"class_list":["post-3059","page","type-page","status-publish","hentry"],"_links":{"self":[{"href":"https:\/\/balibestmotorcycle.com\/fr\/wp-json\/wp\/v2\/pages\/3059","targetHints":{"allow":["GET"]}}],"collection":[{"href":"https:\/\/balibestmotorcycle.com\/fr\/wp-json\/wp\/v2\/pages"}],"about":[{"href":"https:\/\/balibestmotorcycle.com\/fr\/wp-json\/wp\/v2\/types\/page"}],"author":[{"embeddable":true,"href":"https:\/\/balibestmotorcycle.com\/fr\/wp-json\/wp\/v2\/users\/1"}],"replies":[{"embeddable":true,"href":"https:\/\/balibestmotorcycle.com\/fr\/wp-json\/wp\/v2\/comments?post=3059"}],"version-history":[{"count":1,"href":"https:\/\/balibestmotorcycle.com\/fr\/wp-json\/wp\/v2\/pages\/3059\/revisions"}],"predecessor-version":[{"id":3060,"href":"https:\/\/balibestmotorcycle.com\/fr\/wp-json\/wp\/v2\/pages\/3059\/revisions\/3060"}],"wp:attachment":[{"href":"https:\/\/balibestmotorcycle.com\/fr\/wp-json\/wp\/v2\/media?parent=3059"}],"curies":[{"name":"wp","href":"https:\/\/api.w.org\/{rel}","templated":true}]}}