{"id":5171,"date":"2024-07-27T04:29:33","date_gmt":"2024-07-27T04:29:33","guid":{"rendered":"https:\/\/balibestmotorcycle.com\/?page_id=5171"},"modified":"2024-08-04T03:48:04","modified_gmt":"2024-08-04T03:48:04","slug":"los-mejores-lugares-para-personalizar-una-motocicleta-en-bali","status":"publish","type":"page","link":"https:\/\/balibestmotorcycle.com\/es\/los-mejores-lugares-para-personalizar-una-motocicleta-en-bali","title":{"rendered":"Los mejores lugares para personalizar una motocicleta en Bali"},"content":{"rendered":"<p><\/p><h2 class=\"wp-block-heading\"><strong>1. Las mejores motocicletas de Bali<\/strong><\/h2><p><strong>Ubicaci\u00f3n:<\/strong>&nbsp;&nbsp;Gg. Toti, Padangsambian Klod, Kec. Bar Denpasar, Bali, 80361<\/p><p>Bali Best Motorcycles es la joya de la corona de las tiendas de bicicletas personalizadas de la isla. Sus h\u00e1biles artesanos combinan el encanto antiguo con la sofisticaci\u00f3n moderna, creando atracciones \u00fanicas que llaman la atenci\u00f3n. Ya sea que est\u00e9s buscando una caf\u00e9 racer, una bobber o una chopper, lo tienen cubierto. Aqu\u00ed convergen el encanto del dise\u00f1o atemporal y la emoci\u00f3n de la carretera abierta.<\/p><h2 class=\"wp-block-heading\"><strong>2. Motos MalaMadre<\/strong><\/h2><p><strong>Ubicaci\u00f3n:<\/strong>&nbsp;&nbsp;Jalan Pantai Berawa, Canggu, Bali&nbsp;&nbsp;<strong>Direcci\u00f3n:<\/strong>&nbsp;&nbsp;Echo Beach, Canggu, Badung Regency, Bali, Indonesia<\/p><p>MalaMadre Motos es m\u00e1s que un taller; es un santuario para los entusiastas. Establecidos en 2015, han personalizado casi 150 motocicletas en todo el mundo. Desde Nueva York hasta Sydney, sus bicicletas cautivan a los ciclistas con estilo y rendimiento. Cada construcci\u00f3n cuenta una historia, meticulosamente elaborada por artesanos apasionados. Alquile una de sus obras maestras originales y explore Bali de una manera completamente nueva.<\/p><h2 class=\"wp-block-heading\"><strong>3. Garaje personalizado Alpha<\/strong><\/h2><p><strong>Ubicaci\u00f3n:<\/strong>&nbsp;&nbsp;Con base en Bali (Reserva en l\u00ednea)&nbsp;&nbsp;<strong>Entrega:<\/strong>&nbsp;&nbsp;Directamente a su hotel<\/p><p>Alpha Custom Garage ofrece una experiencia en l\u00ednea perfecta. Elija entre sus mejores bicicletas personalizadas para alquilar en Bali. Ya sea que est\u00e9s paseando por terrazas de arroz o explorando playas escondidas, estas bicicletas ofrecen estilo y funcionalidad. Reserve en l\u00ednea y le entregar\u00e1n el viaje de sus sue\u00f1os directamente a la puerta de su hotel.<\/p><p>Recuerde, estas tiendas no se tratan s\u00f3lo de motocicletas; se trata de abrazar el esp\u00edritu de aventura. As\u00ed que prep\u00e1rate, sal a la carretera y deja que la belleza esc\u00e9nica de Bali sea tu tel\u00f3n de fondo.<img decoding=\"async\" src=\"https:\/\/s.w.org\/images\/core\/emoji\/15.0.3\/svg\/1f334.svg\" alt=\"\ud83c\udf34\" style=\"width: 20px;\" title=\"\"><img decoding=\"async\" src=\"https:\/\/s.w.org\/images\/core\/emoji\/15.0.3\/svg\/1f6f5.svg\" alt=\"\ud83d\udef5\" style=\"width: 20px;\" title=\"\"><\/p>","protected":false},"excerpt":{"rendered":"<p>1. Las mejores motocicletas de Bali Ubicaci\u00f3n:&nbsp;&nbsp;Gg. Toti, Padangsambian Klod, Kec. Bar Denpasar, Bali, 80361 Bali Best Motorcycles es la joya de la corona de las tiendas de bicicletas personalizadas de la isla. Sus h\u00e1biles artesanos combinan el encanto antiguo con la sofisticaci\u00f3n moderna, creando atracciones \u00fanicas que llaman la atenci\u00f3n. Ya sea que est\u00e9s&hellip;&nbsp;<a href=\"https:\/\/balibestmotorcycle.com\/es\/los-mejores-lugares-para-personalizar-una-motocicleta-en-bali\" class=\"\" rel=\"bookmark\">Leer m\u00e1s &raquo;<span class=\"screen-reader-text\">Los mejores lugares para personalizar una motocicleta en Bali<\/span><\/a><\/p>\n","protected":false},"author":1,"featured_media":0,"parent":0,"menu_order":0,"comment_status":"closed","ping_status":"closed","template":"","meta":{"neve_meta_sidebar":"","neve_meta_container":"","neve_meta_enable_content_width":"","neve_meta_content_width":0,"neve_meta_title_alignment":"","neve_meta_author_avatar":"","neve_post_elements_order":"","neve_meta_disable_header":"","neve_meta_disable_footer":"","neve_meta_disable_title":"","_ti_tpc_template_sync":false,"_ti_tpc_template_id":"","footnotes":""},"class_list":["post-5171","page","type-page","status-publish","hentry"],"_links":{"self":[{"href":"https:\/\/balibestmotorcycle.com\/es\/wp-json\/wp\/v2\/pages\/5171","targetHints":{"allow":["GET"]}}],"collection":[{"href":"https:\/\/balibestmotorcycle.com\/es\/wp-json\/wp\/v2\/pages"}],"about":[{"href":"https:\/\/balibestmotorcycle.com\/es\/wp-json\/wp\/v2\/types\/page"}],"author":[{"embeddable":true,"href":"https:\/\/balibestmotorcycle.com\/es\/wp-json\/wp\/v2\/users\/1"}],"replies":[{"embeddable":true,"href":"https:\/\/balibestmotorcycle.com\/es\/wp-json\/wp\/v2\/comments?post=5171"}],"version-history":[{"count":1,"href":"https:\/\/balibestmotorcycle.com\/es\/wp-json\/wp\/v2\/pages\/5171\/revisions"}],"predecessor-version":[{"id":5172,"href":"https:\/\/balibestmotorcycle.com\/es\/wp-json\/wp\/v2\/pages\/5171\/revisions\/5172"}],"wp:attachment":[{"href":"https:\/\/balibestmotorcycle.com\/es\/wp-json\/wp\/v2\/media?parent=5171"}],"curies":[{"name":"wp","href":"https:\/\/api.w.org\/{rel}","templated":true}]}}