{"id":5141,"date":"2024-07-27T03:16:43","date_gmt":"2024-07-27T03:16:43","guid":{"rendered":"https:\/\/balibestmotorcycle.com\/?page_id=5141"},"modified":"2024-08-02T13:35:10","modified_gmt":"2024-08-02T13:35:10","slug":"alquilar-volkswagen-combi-campervan-en-bali","status":"publish","type":"page","link":"https:\/\/balibestmotorcycle.com\/es\/alquilar-volkswagen-combi-campervan-en-bali","title":{"rendered":"Alquilar Volkswagen Combi Campervan en Bali"},"content":{"rendered":"<p><\/p><h2 class=\"wp-block-heading\">Breve historia<\/h2><p>El ic\u00f3nico Volkswagen Tipo 2, conocido cari\u00f1osamente como \u201cCombi\u201d o \u201cKombi\u201d, tiene una rica historia. Introducido en 1950, se convirti\u00f3 en un s\u00edmbolo de libertad, aventura y contracultura. He aqu\u00ed un vistazo a su pasado:<\/p><ul class=\"wp-block-list\"><li><strong>Or\u00edgenes<\/strong>\u00a0: El importador holand\u00e9s de Volkswagen, Ben Pon, conceptualiz\u00f3 el dise\u00f1o del T2, moviendo al conductor al frente y creando un espacio de almacenamiento alargado en la parte trasera.<\/li>\n\n<li><strong>Evoluci\u00f3n<\/strong>\u00a0: Desde las furgonetas con parabrisas dividido de los a\u00f1os 50 hasta los queridos modelos con ventana salediza de los a\u00f1os 60, la Combi evolucion\u00f3. Su encanto cuadrado pas\u00f3 a la forma del cuerpo m\u00e1s redondo que reconocemos hoy.<\/li>\n\n<li><strong>Era Hippie<\/strong>\u00a0: Durante la d\u00e9cada de 1960, la Combi se convirti\u00f3 en sin\u00f3nimo del movimiento hippie, adornada con pinturas vibrantes y llevando esp\u00edritus libres por todo el mundo.<\/li><\/ul><h2 class=\"wp-block-heading\"><strong>Especificaciones de la furgoneta Volkswagen Combi Camper<\/strong><\/h2><ul class=\"wp-block-list\"><li><strong>Motor<\/strong>\u00a0: La Combi suele contar con un motor b\u00f3xer refrigerado por aire, con variaciones a lo largo de los a\u00f1os.<\/li>\n\n<li><strong>Dimensiones<\/strong>\u00a0:<ul class=\"wp-block-list\"><li>Distancia entre ejes: var\u00eda seg\u00fan el modelo (p. ej., 2.461 mm para algunas versiones).<\/li>\n\n<li>Longitud: Alrededor de 4.569 mm.<\/li>\n\n<li>Ancho: Aproximadamente 1.844 mm.<\/li>\n\n<li>Alto: Va desde 1.735 mm hasta 2.085 mm.<\/li><\/ul><\/li>\n\n<li><strong>Capacidad<\/strong>\u00a0: Tiene capacidad para cinco adultos c\u00f3modamente.<\/li>\n\n<li><strong>Caracter\u00edsticas<\/strong>\u00a0: Equipado con WiFi, aire acondicionado, excelentes sistemas de sonido e incluso un minibar con control remoto.<\/li><\/ul><h2 class=\"wp-block-heading\"><strong>Aplicaci\u00f3n y uso en Bali<\/strong><\/h2><ol class=\"wp-block-list\"><li><strong>Safaris en VW Kombi por Bali<\/strong>\u00a0:<ul class=\"wp-block-list\"><li>Experimente las playas, bares y templos de Bali con estilo. Sube a bordo de una VW Kombi Limo 1980 personalizada con WiFi, aire acondicionado y un potente sistema de sonido. Explora gemas ocultas y sitios culturales mientras canalizas el hippie que llevas dentro.<img decoding=\"async\" src=\"https:\/\/s.w.org\/images\/core\/emoji\/15.0.3\/svg\/1f31f.svg\" alt=\"\ud83c\udf1f\" style=\"width: 20px;\" title=\"\"><\/li>\n\n<li><strong>Safari de c\u00f3cteles<\/strong>\u00a0: disfrute de c\u00f3cteles en cuatro excelentes bares, visite cuatro playas pintorescas y explore un templo \u00fanico, \u00a1todo en un d\u00eda inolvidable!<\/li><\/ul><\/li><\/ol>","protected":false},"excerpt":{"rendered":"<p>Breve historia El ic\u00f3nico Volkswagen Tipo 2, conocido cari\u00f1osamente como \u201cCombi\u201d o \u201cKombi\u201d, tiene una rica historia. Introducido en 1950, se convirti\u00f3 en un s\u00edmbolo de libertad, aventura y contracultura. He aqu\u00ed un vistazo a su pasado: Especificaciones de la furgoneta Volkswagen Combi Camper Aplicaci\u00f3n y uso en Bali<\/p>\n","protected":false},"author":1,"featured_media":0,"parent":0,"menu_order":0,"comment_status":"closed","ping_status":"closed","template":"","meta":{"neve_meta_sidebar":"","neve_meta_container":"","neve_meta_enable_content_width":"","neve_meta_content_width":0,"neve_meta_title_alignment":"","neve_meta_author_avatar":"","neve_post_elements_order":"","neve_meta_disable_header":"","neve_meta_disable_footer":"","neve_meta_disable_title":"","_ti_tpc_template_sync":false,"_ti_tpc_template_id":"","footnotes":""},"class_list":["post-5141","page","type-page","status-publish","hentry"],"_links":{"self":[{"href":"https:\/\/balibestmotorcycle.com\/es\/wp-json\/wp\/v2\/pages\/5141","targetHints":{"allow":["GET"]}}],"collection":[{"href":"https:\/\/balibestmotorcycle.com\/es\/wp-json\/wp\/v2\/pages"}],"about":[{"href":"https:\/\/balibestmotorcycle.com\/es\/wp-json\/wp\/v2\/types\/page"}],"author":[{"embeddable":true,"href":"https:\/\/balibestmotorcycle.com\/es\/wp-json\/wp\/v2\/users\/1"}],"replies":[{"embeddable":true,"href":"https:\/\/balibestmotorcycle.com\/es\/wp-json\/wp\/v2\/comments?post=5141"}],"version-history":[{"count":1,"href":"https:\/\/balibestmotorcycle.com\/es\/wp-json\/wp\/v2\/pages\/5141\/revisions"}],"predecessor-version":[{"id":5142,"href":"https:\/\/balibestmotorcycle.com\/es\/wp-json\/wp\/v2\/pages\/5141\/revisions\/5142"}],"wp:attachment":[{"href":"https:\/\/balibestmotorcycle.com\/es\/wp-json\/wp\/v2\/media?parent=5141"}],"curies":[{"name":"wp","href":"https:\/\/api.w.org\/{rel}","templated":true}]}}