{"id":5131,"date":"2024-07-26T15:32:10","date_gmt":"2024-07-26T07:32:10","guid":{"rendered":"https:\/\/balibestmotorcycle.com\/?page_id=5131"},"modified":"2024-08-02T10:22:19","modified_gmt":"2024-08-02T10:22:19","slug":"alquilar-vespa-en-bali-un-icono-atemporal","status":"publish","type":"page","link":"https:\/\/balibestmotorcycle.com\/es\/alquilar-vespa-en-bali-un-icono-atemporal","title":{"rendered":"Alquilar Vespa en Bali: un icono atemporal"},"content":{"rendered":"<p><\/p><h3 class=\"wp-block-heading\">Historia<\/h3><p>Hace setenta y cinco a\u00f1os, la primera Vespa surgi\u00f3 de los escombros de la Italia posterior a la Segunda Guerra Mundial. Dise\u00f1ada por Corradino D&#8217;Ascanio, un ingeniero al que no le gustaban las motocicletas, la Vespa fue producida por Piaggio, una compa\u00f1\u00eda de aviones a la que se le hab\u00eda prohibido fabricar aviones debido a la destrucci\u00f3n de la guerra. El prototipo, conocido como MP5, inicialmente gener\u00f3 escepticismo, pero pronto se convirti\u00f3 en una sensaci\u00f3n mundial. Su dise\u00f1o paso a paso de \u00abcintura apretada\u00bb le vali\u00f3 el sobrenombre de \u00abPaperino\u00bb (Pato Donald en italiano), y Enrico Piaggio no sab\u00eda que transformar\u00eda el mundo.<\/p><h3 class=\"wp-block-heading\">Especificaciones<\/h3><p>Los modelos de Vespa han ido evolucionando con el tiempo, desde la original de 98 cc hasta las versiones modernas. Aqu\u00ed hay algunas especificaciones clave:<\/p><ul class=\"wp-block-list\"><li><strong>Vespa S125 Amarilla<\/strong>\u00a0: Una scooter de 125 cc con un dise\u00f1o atemporal y una conducci\u00f3n suave.<\/li>\n\n<li><strong>Vespa Primavera Tosca<\/strong>\u00a0: Una scooter de 150 cc de 2023, perfecta para explorar Bali.<\/li>\n\n<li><strong>Vespa Sprint S-125<\/strong>\u00a0: Otra opci\u00f3n de 125 cc, disponible tanto en amarillo como en azul.<\/li>\n\n<li><strong>Vespa Primavera 150 Green Relax<\/strong>\u00a0: Una belleza verde menta, ideal para recorrer la isla.<\/li><\/ul><h3 class=\"wp-block-heading\">Aplicaci\u00f3n en Bali<\/h3><p>Las scooters Vespa son m\u00e1s que simples veh\u00edculos; son un estilo de vida. En Bali, ofrecen una manera encantadora de explorar la belleza de la isla. Imag\u00ednese recorriendo terrazas de arroz, carreteras costeras y mercados vibrantes, todo mientras disfruta de la c\u00e1lida brisa. El alquiler de Vespa es conveniente y cuenta con servicios de entrega y recogida disponibles. Ya seas turista o local, Vespa es sin\u00f3nimo de libertad y estilo en Bali.<\/p>","protected":false},"excerpt":{"rendered":"<p>Historia Hace setenta y cinco a\u00f1os, la primera Vespa surgi\u00f3 de los escombros de la Italia posterior a la Segunda Guerra Mundial. Dise\u00f1ada por Corradino D&#8217;Ascanio, un ingeniero al que no le gustaban las motocicletas, la Vespa fue producida por Piaggio, una compa\u00f1\u00eda de aviones a la que se le hab\u00eda prohibido fabricar aviones debido&hellip;&nbsp;<a href=\"https:\/\/balibestmotorcycle.com\/es\/alquilar-vespa-en-bali-un-icono-atemporal\" class=\"\" rel=\"bookmark\">Leer m\u00e1s &raquo;<span class=\"screen-reader-text\">Alquilar Vespa en Bali: un icono atemporal<\/span><\/a><\/p>\n","protected":false},"author":1,"featured_media":0,"parent":0,"menu_order":0,"comment_status":"closed","ping_status":"closed","template":"","meta":{"neve_meta_sidebar":"","neve_meta_container":"","neve_meta_enable_content_width":"","neve_meta_content_width":0,"neve_meta_title_alignment":"","neve_meta_author_avatar":"","neve_post_elements_order":"","neve_meta_disable_header":"","neve_meta_disable_footer":"","neve_meta_disable_title":"","_ti_tpc_template_sync":false,"_ti_tpc_template_id":"","footnotes":""},"class_list":["post-5131","page","type-page","status-publish","hentry"],"_links":{"self":[{"href":"https:\/\/balibestmotorcycle.com\/es\/wp-json\/wp\/v2\/pages\/5131","targetHints":{"allow":["GET"]}}],"collection":[{"href":"https:\/\/balibestmotorcycle.com\/es\/wp-json\/wp\/v2\/pages"}],"about":[{"href":"https:\/\/balibestmotorcycle.com\/es\/wp-json\/wp\/v2\/types\/page"}],"author":[{"embeddable":true,"href":"https:\/\/balibestmotorcycle.com\/es\/wp-json\/wp\/v2\/users\/1"}],"replies":[{"embeddable":true,"href":"https:\/\/balibestmotorcycle.com\/es\/wp-json\/wp\/v2\/comments?post=5131"}],"version-history":[{"count":1,"href":"https:\/\/balibestmotorcycle.com\/es\/wp-json\/wp\/v2\/pages\/5131\/revisions"}],"predecessor-version":[{"id":5132,"href":"https:\/\/balibestmotorcycle.com\/es\/wp-json\/wp\/v2\/pages\/5131\/revisions\/5132"}],"wp:attachment":[{"href":"https:\/\/balibestmotorcycle.com\/es\/wp-json\/wp\/v2\/media?parent=5131"}],"curies":[{"name":"wp","href":"https:\/\/api.w.org\/{rel}","templated":true}]}}