{"id":5103,"date":"2024-07-27T03:26:47","date_gmt":"2024-07-27T03:26:47","guid":{"rendered":"https:\/\/balibestmotorcycle.com\/?page_id=5103"},"modified":"2024-08-02T10:01:11","modified_gmt":"2024-08-02T10:01:11","slug":"alquilar-bicicleta-polygon-en-bali","status":"publish","type":"page","link":"https:\/\/balibestmotorcycle.com\/es\/alquilar-bicicleta-polygon-en-bali","title":{"rendered":"Alquilar bicicleta Polygon en Bali"},"content":{"rendered":"<p><\/p><h3 class=\"wp-block-heading\"><strong>1. Historia e introducci\u00f3n de la bicicleta<\/strong><\/h3><p>Las bicicletas Polygon tienen una rica historia y combinan tecnolog\u00eda de vanguardia con la pasi\u00f3n por el ciclismo. Fundada en Indonesia, Polygon se ha convertido en una marca mundial conocida por sus bicicletas de alta calidad. El compromiso de la empresa con la innovaci\u00f3n y el rendimiento la ha convertido en una de las favoritas entre los ciclistas de todo el mundo.<\/p><h3 class=\"wp-block-heading\"><strong>2. Especificaciones<\/strong><\/h3><p>Polygon ofrece una amplia gama de bicicletas, que se adaptan a diferentes estilos de conducci\u00f3n y terrenos. Aqu\u00ed hay algunas especificaciones clave:<\/p><ul class=\"wp-block-list\"><li><strong>Materiales del marco<\/strong>\u00a0: Los marcos Polygon est\u00e1n fabricados con materiales livianos como aluminio y fibra de carbono. Esto garantiza durabilidad sin comprometer la agilidad.<\/li>\n\n<li><strong>Suspensi\u00f3n<\/strong>\u00a0: Polygon ofrece modelos r\u00edgidos y de suspensi\u00f3n total. La serie Siskiu, incluidas Siskiu D, T y N, son opciones populares para los entusiastas del ciclismo de monta\u00f1a. Estas bicicletas cuentan con tijas telesc\u00f3picas para realizar ajustes perfectos durante los paseos.<\/li>\n\n<li><strong>Opciones de tama\u00f1o<\/strong>\u00a0: las bicicletas Polygon vienen en varios tama\u00f1os (S, M, L y XL), lo que permite a los ciclistas encontrar el ajuste perfecto.<\/li><\/ul><h3 class=\"wp-block-heading\"><strong>3. Aplicaci\u00f3n y uso en Bali<\/strong><\/h3><p>El diverso paisaje de Bali ofrece un terreno de juego ideal para las bicicletas Polygon:<\/p><ul class=\"wp-block-list\"><li><strong>Crucero por la playa<\/strong>\u00a0: explore las impresionantes playas de Bali en una bicicleta de crucero. Pedalea por el paseo mar\u00edtimo de la playa de Sanur, disfrutando de la brisa del mar y de las vistas panor\u00e1micas\u00a0<a href=\"https:\/\/finnsbeachclub.com\/guides\/cycling-bicycle-bali\/\" target=\"_blank\" rel=\"noreferrer noopener\"><sup>1<\/sup><\/a>\u00a0.<\/li>\n\n<li><strong>Campos de arroz y carreteras secundarias<\/strong>\u00a0: las bicicletas el\u00e9ctricas r\u00edgidas de Polygon son perfectas para recorrer los campos de arroz de Bali y los senderos XC intermedios. Siente la emoci\u00f3n de las aventuras todoterreno mientras disfrutas de la belleza natural de la isla.<\/li>\n\n<li><strong>Visitas autoguiadas<\/strong>\u00a0: alquila una bicicleta Polygon y realiza visitas autoguiadas. Descubra gemas escondidas, visite templos y sum\u00e9rjase en la cultura de Bali.<\/li><\/ul><p>Recuerde, alquilar una bicicleta Polygon en Bali no se trata solo de transporte: es una aventura esperando a desarrollarse. \u00a1S\u00fabete, pedalea y deja que la isla te revele sus secretos!<img decoding=\"async\" src=\"https:\/\/s.w.org\/images\/core\/emoji\/15.0.3\/svg\/1f31f.svg\" alt=\"\ud83c\udf1f\" style=\"width: 20px;\" title=\"\"><img decoding=\"async\" src=\"https:\/\/s.w.org\/images\/core\/emoji\/15.0.3\/svg\/1f334.svg\" alt=\"\ud83c\udf34\" style=\"width: 20px;\" title=\"\"><\/p>","protected":false},"excerpt":{"rendered":"<p>1. Historia e introducci\u00f3n de la bicicleta Las bicicletas Polygon tienen una rica historia y combinan tecnolog\u00eda de vanguardia con la pasi\u00f3n por el ciclismo. Fundada en Indonesia, Polygon se ha convertido en una marca mundial conocida por sus bicicletas de alta calidad. El compromiso de la empresa con la innovaci\u00f3n y el rendimiento la&hellip;&nbsp;<a href=\"https:\/\/balibestmotorcycle.com\/es\/alquilar-bicicleta-polygon-en-bali\" class=\"\" rel=\"bookmark\">Leer m\u00e1s &raquo;<span class=\"screen-reader-text\">Alquilar bicicleta Polygon en Bali<\/span><\/a><\/p>\n","protected":false},"author":1,"featured_media":0,"parent":0,"menu_order":0,"comment_status":"closed","ping_status":"closed","template":"","meta":{"neve_meta_sidebar":"","neve_meta_container":"","neve_meta_enable_content_width":"","neve_meta_content_width":0,"neve_meta_title_alignment":"","neve_meta_author_avatar":"","neve_post_elements_order":"","neve_meta_disable_header":"","neve_meta_disable_footer":"","neve_meta_disable_title":"","_ti_tpc_template_sync":false,"_ti_tpc_template_id":"","footnotes":""},"class_list":["post-5103","page","type-page","status-publish","hentry"],"_links":{"self":[{"href":"https:\/\/balibestmotorcycle.com\/es\/wp-json\/wp\/v2\/pages\/5103","targetHints":{"allow":["GET"]}}],"collection":[{"href":"https:\/\/balibestmotorcycle.com\/es\/wp-json\/wp\/v2\/pages"}],"about":[{"href":"https:\/\/balibestmotorcycle.com\/es\/wp-json\/wp\/v2\/types\/page"}],"author":[{"embeddable":true,"href":"https:\/\/balibestmotorcycle.com\/es\/wp-json\/wp\/v2\/users\/1"}],"replies":[{"embeddable":true,"href":"https:\/\/balibestmotorcycle.com\/es\/wp-json\/wp\/v2\/comments?post=5103"}],"version-history":[{"count":1,"href":"https:\/\/balibestmotorcycle.com\/es\/wp-json\/wp\/v2\/pages\/5103\/revisions"}],"predecessor-version":[{"id":5104,"href":"https:\/\/balibestmotorcycle.com\/es\/wp-json\/wp\/v2\/pages\/5103\/revisions\/5104"}],"wp:attachment":[{"href":"https:\/\/balibestmotorcycle.com\/es\/wp-json\/wp\/v2\/media?parent=5103"}],"curies":[{"name":"wp","href":"https:\/\/api.w.org\/{rel}","templated":true}]}}