{"id":5101,"date":"2024-07-27T03:21:38","date_gmt":"2024-07-27T03:21:38","guid":{"rendered":"https:\/\/balibestmotorcycle.com\/?page_id=5101"},"modified":"2024-08-02T09:58:58","modified_gmt":"2024-08-02T09:58:58","slug":"alquile-una-autocaravana-daihatsu-gran-max-en-bali-el-companero-perfecto-de-la-isla","status":"publish","type":"page","link":"https:\/\/balibestmotorcycle.com\/es\/alquile-una-autocaravana-daihatsu-gran-max-en-bali-el-companero-perfecto-de-la-isla","title":{"rendered":"Alquile una autocaravana Daihatsu Gran Max en Bali: el compa\u00f1ero perfecto de la isla"},"content":{"rendered":"<p><\/p><h3 class=\"wp-block-heading\"><strong>Historial y descripci\u00f3n general del autom\u00f3vil<\/strong><\/h3><p>El&nbsp;&nbsp;<strong>Daihatsu Gran Max<\/strong>&nbsp;&nbsp;es un veh\u00edculo comercial ligero vers\u00e1til producido por el fabricante de autom\u00f3viles japon\u00e9s Daihatsu desde finales de 2007. Tambi\u00e9n ha sido rebautizado como&nbsp;&nbsp;<strong>Toyota LiteAce<\/strong>&nbsp;&nbsp;y&nbsp;&nbsp;<strong>Toyota TownAce<\/strong>&nbsp;&nbsp;desde 2008, y como&nbsp;&nbsp;<strong>Mazda Bongo<\/strong>&nbsp;&nbsp;en Jap\u00f3n desde 2020. Desarrollado bajo la direcci\u00f3n del ingeniero jefe. Masaharu Tezeni, el Gran Max reemplaz\u00f3 al envejecido Zebra Espass en Indonesia y al Perodua Rusa en Malasia.<\/p><h3 class=\"wp-block-heading\"><strong>Especificaciones<\/strong><\/h3><ul class=\"wp-block-list\"><li><strong>Motor<\/strong>\u00a0: El Gran Max est\u00e1 propulsado por un motor DOHC de 1,5 litros, 3SZ-VE, 4 cilindros y 16 v\u00e1lvulas con tecnolog\u00eda DVVT, que proporciona altas revoluciones y una entrega de potencia eficiente.<\/li>\n\n<li><strong>Transmisi\u00f3n<\/strong>\u00a0: Disponible con transmisi\u00f3n manual y autom\u00e1tica.<\/li>\n\n<li><strong>Dimensiones<\/strong>\u00a0:<ul class=\"wp-block-list\"><li>Longitud: 4.045\u20134.065 mm (carga\/furgoneta) | 4.195\u20134.295 mm (camioneta\/camioneta)<\/li>\n\n<li>Ancho: 1.665 mm (Carga\/Furgoneta) | 1.665\u20131.675 mm (camioneta\/camioneta)<\/li>\n\n<li>Altura: 1.900\u20131.930 mm (carga\/furgoneta) | 1.850\u20132.070 mm (camioneta\/camioneta)<\/li>\n\n<li>Distancia al suelo: 165 mm (carga\/furgoneta) | 175 mm (camioneta\/camioneta)<\/li><\/ul><\/li><\/ul><h3 class=\"wp-block-heading\"><strong>Aplicaci\u00f3n en Bali<\/strong><\/h3><p>El Gran Max es una opci\u00f3n ideal para el terreno diverso y el vibrante estilo de vida de Bali:<\/p><ul class=\"wp-block-list\"><li><strong>Turismo<\/strong>\u00a0: Explore las joyas ocultas de Bali, desde playas v\u00edrgenes hasta exuberantes arrozales, con el Gran Max como su fiel compa\u00f1ero.<\/li>\n\n<li><strong>Aventuras de surf<\/strong>\u00a0: carga tus tablas y golpea las olas: la espaciosa cabina trasera tiene capacidad para tu equipo.<\/li>\n\n<li><strong>De isla en isla<\/strong>\u00a0: descubra bosques encantadores, playas m\u00e1gicas y conozca a la bella gente de Bali.<\/li>\n\n<li><strong>Turismo Regenerativo<\/strong>\u00a0: Daihatsu contribuye al desarrollo local, promoviendo la sostenibilidad y apoyando a las comunidades locales.<\/li><\/ul>","protected":false},"excerpt":{"rendered":"<p>Historial y descripci\u00f3n general del autom\u00f3vil El&nbsp;&nbsp;Daihatsu Gran Max&nbsp;&nbsp;es un veh\u00edculo comercial ligero vers\u00e1til producido por el fabricante de autom\u00f3viles japon\u00e9s Daihatsu desde finales de 2007. Tambi\u00e9n ha sido rebautizado como&nbsp;&nbsp;Toyota LiteAce&nbsp;&nbsp;y&nbsp;&nbsp;Toyota TownAce&nbsp;&nbsp;desde 2008, y como&nbsp;&nbsp;Mazda Bongo&nbsp;&nbsp;en Jap\u00f3n desde 2020. Desarrollado bajo la direcci\u00f3n del ingeniero jefe. Masaharu Tezeni, el Gran Max reemplaz\u00f3 al envejecido&hellip;&nbsp;<a href=\"https:\/\/balibestmotorcycle.com\/es\/alquile-una-autocaravana-daihatsu-gran-max-en-bali-el-companero-perfecto-de-la-isla\" class=\"\" rel=\"bookmark\">Leer m\u00e1s &raquo;<span class=\"screen-reader-text\">Alquile una autocaravana Daihatsu Gran Max en Bali: el compa\u00f1ero perfecto de la isla<\/span><\/a><\/p>\n","protected":false},"author":1,"featured_media":0,"parent":0,"menu_order":0,"comment_status":"closed","ping_status":"closed","template":"","meta":{"neve_meta_sidebar":"","neve_meta_container":"","neve_meta_enable_content_width":"","neve_meta_content_width":0,"neve_meta_title_alignment":"","neve_meta_author_avatar":"","neve_post_elements_order":"","neve_meta_disable_header":"","neve_meta_disable_footer":"","neve_meta_disable_title":"","_ti_tpc_template_sync":false,"_ti_tpc_template_id":"","footnotes":""},"class_list":["post-5101","page","type-page","status-publish","hentry"],"_links":{"self":[{"href":"https:\/\/balibestmotorcycle.com\/es\/wp-json\/wp\/v2\/pages\/5101","targetHints":{"allow":["GET"]}}],"collection":[{"href":"https:\/\/balibestmotorcycle.com\/es\/wp-json\/wp\/v2\/pages"}],"about":[{"href":"https:\/\/balibestmotorcycle.com\/es\/wp-json\/wp\/v2\/types\/page"}],"author":[{"embeddable":true,"href":"https:\/\/balibestmotorcycle.com\/es\/wp-json\/wp\/v2\/users\/1"}],"replies":[{"embeddable":true,"href":"https:\/\/balibestmotorcycle.com\/es\/wp-json\/wp\/v2\/comments?post=5101"}],"version-history":[{"count":1,"href":"https:\/\/balibestmotorcycle.com\/es\/wp-json\/wp\/v2\/pages\/5101\/revisions"}],"predecessor-version":[{"id":5102,"href":"https:\/\/balibestmotorcycle.com\/es\/wp-json\/wp\/v2\/pages\/5101\/revisions\/5102"}],"wp:attachment":[{"href":"https:\/\/balibestmotorcycle.com\/es\/wp-json\/wp\/v2\/media?parent=5101"}],"curies":[{"name":"wp","href":"https:\/\/api.w.org\/{rel}","templated":true}]}}