{"id":5081,"date":"2024-07-27T02:43:53","date_gmt":"2024-07-26T18:43:53","guid":{"rendered":"https:\/\/balibestmotorcycle.com\/?page_id=5081"},"modified":"2024-08-02T09:50:16","modified_gmt":"2024-08-02T09:50:16","slug":"alquilar-motocicletas-personalizadas-en-bali","status":"publish","type":"page","link":"https:\/\/balibestmotorcycle.com\/es\/alquilar-motocicletas-personalizadas-en-bali","title":{"rendered":"Alquilar motocicletas personalizadas en Bali"},"content":{"rendered":"<p><\/p><h2 class=\"wp-block-heading\"><strong>Introducci\u00f3n<\/strong><\/h2><p>Bali, con sus impresionantes paisajes, su vibrante cultura y sus carreteras sinuosas, es un para\u00edso para los entusiastas de las motocicletas. Si buscas explorar la isla con estilo, alquilar una motocicleta personalizada es la mejor opci\u00f3n. En este art\u00edculo, profundizaremos en los diferentes tipos de bicicletas personalizadas disponibles, su historia, especificaciones y c\u00f3mo mejoran tu experiencia en Bali.<\/p><h2 class=\"wp-block-heading\"><strong>Tipos de motocicletas personalizadas<\/strong><\/h2><ol class=\"wp-block-list\"><li><strong>Corredor del caf\u00e9<\/strong>\u00a0:<ul class=\"wp-block-list\"><li>Inspiradas en el esp\u00edritu rebelde de los a\u00f1os 60, las Caf\u00e9 Racer presentan dise\u00f1os minimalistas, manillares bajos y una apariencia estilizada.<\/li>\n\n<li>Perfecto para recorrer las carreteras costeras y los pueblos costeros de Bali.<\/li><\/ul><\/li>\n\n<li><strong>Codificador<\/strong>\u00a0:<ul class=\"wp-block-list\"><li>Las Scramblers combinan capacidad todoterreno con estilo urbano.<\/li>\n\n<li>Ideal para explorar el terreno accidentado de Bali, sus cascadas escondidas y sus terrazas de arroz.<\/li><\/ul><\/li>\n\n<li><strong>Bobbero<\/strong>\u00a0:<ul class=\"wp-block-list\"><li>Las Bobbers tienen una apariencia minimalista, con guardabarros acortados y asientos individuales.<\/li>\n\n<li>Ideal para navegar por las rutas panor\u00e1micas de Bali y sumergirse en las vibraciones de la isla.<\/li><\/ul><\/li>\n\n<li><strong>helic\u00f3ptero<\/strong>\u00a0:<ul class=\"wp-block-list\"><li>Conocidos por sus horquillas delanteras extendidas y su geometr\u00eda de cuadro \u00fanica.<\/li>\n\n<li>Una elecci\u00f3n audaz para recorrer las exuberantes selvas y regiones monta\u00f1osas de Bali.<\/li><\/ul><\/li>\n\n<li><strong>Rastreador de calles<\/strong>\u00a0:<ul class=\"wp-block-list\"><li>Los Street Trackers combinan la est\u00e9tica de las carreras de pista plana con caracter\u00edsticas amigables para la calle.<\/li>\n\n<li>Navegue por las bulliciosas calles de Bali y descubra los mercados locales sin esfuerzo.<\/li><\/ul><\/li><\/ol><h2 class=\"wp-block-heading\"><strong>Historia de la motocicleta personalizada<\/strong><\/h2><ul class=\"wp-block-list\"><li>La personalizaci\u00f3n ha formado parte del motociclismo desde sus inicios. Una de las primeras motocicletas personalizadas, la \u00abDreadnought\u00bb, fue construida por Harold \u00abOily\u00bb Karslake en 1902. Combinaba componentes de diferentes m\u00e1quinas, lo que marc\u00f3 el nacimiento de las motocicletas personalizadas.<\/li>\n\n<li>La CX650 Custom de Honda, presentada a finales de los a\u00f1os 70, mostr\u00f3 una ingenier\u00eda innovadora con su V-twin transversal refrigerado por agua y su \u00e1ngulo en V de 80 grados. La serie CX se volvi\u00f3 ic\u00f3nica y la CX650C sigue siendo una opci\u00f3n cl\u00e1sica para los entusiastas del custom.<\/li><\/ul><h2 class=\"wp-block-heading\"><strong>Especificaciones de la Honda CX650 Personalizada<\/strong><\/h2><ul class=\"wp-block-list\"><li>Motor: Bicil\u00edndrico en V longitudinal de cuatro tiempos y 800 V<\/li>\n\n<li>Cilindrada: 673 cc<\/li>\n\n<li>Potencia m\u00e1xima: 64 caballos de fuerza a 8000 rpm<\/li>\n\n<li>Par m\u00e1ximo: 61 Nm a 6500 rpm<\/li>\n\n<li>Transmisi\u00f3n: 5 velocidades<\/li>\n\n<li>Enfriamiento: Refrigerado por l\u00edquido<\/li>\n\n<li>Transmisi\u00f3n final: eje<\/li>\n\n<li>Peso: 215 kilos<\/li>\n\n<li>Capacidad de combustible: 12,5 litros<\/li><\/ul><h2 class=\"wp-block-heading\"><strong>Aplicaci\u00f3n y uso en Bali<\/strong><\/h2><ul class=\"wp-block-list\"><li><strong>Exploraci\u00f3n<\/strong>\u00a0: Las motocicletas personalizadas te permiten explorar las joyas ocultas de Bali, desde terrazas de arroz hasta paisajes volc\u00e1nicos.<\/li>\n\n<li><strong>Libertad<\/strong>\u00a0: Siente el viento en tu cabello mientras conduces por caminos costeros, a trav\u00e9s de frondosos bosques y pasando por templos antiguos.<\/li>\n\n<li><strong>Conexi\u00f3n local<\/strong>\u00a0: Andar en bicicleta personalizada te conecta con la cultura y el estilo de vida locales, ofreciendo una experiencia aut\u00e9ntica.<\/li><\/ul>","protected":false},"excerpt":{"rendered":"<p>Introducci\u00f3n Bali, con sus impresionantes paisajes, su vibrante cultura y sus carreteras sinuosas, es un para\u00edso para los entusiastas de las motocicletas. Si buscas explorar la isla con estilo, alquilar una motocicleta personalizada es la mejor opci\u00f3n. En este art\u00edculo, profundizaremos en los diferentes tipos de bicicletas personalizadas disponibles, su historia, especificaciones y c\u00f3mo mejoran&hellip;&nbsp;<a href=\"https:\/\/balibestmotorcycle.com\/es\/alquilar-motocicletas-personalizadas-en-bali\" class=\"\" rel=\"bookmark\">Leer m\u00e1s &raquo;<span class=\"screen-reader-text\">Alquilar motocicletas personalizadas en Bali<\/span><\/a><\/p>\n","protected":false},"author":1,"featured_media":0,"parent":0,"menu_order":0,"comment_status":"closed","ping_status":"closed","template":"","meta":{"neve_meta_sidebar":"","neve_meta_container":"","neve_meta_enable_content_width":"","neve_meta_content_width":0,"neve_meta_title_alignment":"","neve_meta_author_avatar":"","neve_post_elements_order":"","neve_meta_disable_header":"","neve_meta_disable_footer":"","neve_meta_disable_title":"","_ti_tpc_template_sync":false,"_ti_tpc_template_id":"","footnotes":""},"class_list":["post-5081","page","type-page","status-publish","hentry"],"_links":{"self":[{"href":"https:\/\/balibestmotorcycle.com\/es\/wp-json\/wp\/v2\/pages\/5081","targetHints":{"allow":["GET"]}}],"collection":[{"href":"https:\/\/balibestmotorcycle.com\/es\/wp-json\/wp\/v2\/pages"}],"about":[{"href":"https:\/\/balibestmotorcycle.com\/es\/wp-json\/wp\/v2\/types\/page"}],"author":[{"embeddable":true,"href":"https:\/\/balibestmotorcycle.com\/es\/wp-json\/wp\/v2\/users\/1"}],"replies":[{"embeddable":true,"href":"https:\/\/balibestmotorcycle.com\/es\/wp-json\/wp\/v2\/comments?post=5081"}],"version-history":[{"count":1,"href":"https:\/\/balibestmotorcycle.com\/es\/wp-json\/wp\/v2\/pages\/5081\/revisions"}],"predecessor-version":[{"id":5082,"href":"https:\/\/balibestmotorcycle.com\/es\/wp-json\/wp\/v2\/pages\/5081\/revisions\/5082"}],"wp:attachment":[{"href":"https:\/\/balibestmotorcycle.com\/es\/wp-json\/wp\/v2\/media?parent=5081"}],"curies":[{"name":"wp","href":"https:\/\/api.w.org\/{rel}","templated":true}]}}