{"id":5059,"date":"2024-07-27T04:08:46","date_gmt":"2024-07-27T04:08:46","guid":{"rendered":"https:\/\/balibestmotorcycle.com\/?page_id=5059"},"modified":"2024-08-02T08:16:05","modified_gmt":"2024-08-02T08:16:05","slug":"viaje-en-moto-de-ida-desde-bali-a-surakarta","status":"publish","type":"page","link":"https:\/\/balibestmotorcycle.com\/es\/viaje-en-moto-de-ida-desde-bali-a-surakarta","title":{"rendered":"Viaje en moto de ida desde Bali a Surakarta"},"content":{"rendered":"<p><\/p><h3 class=\"wp-block-heading\"><strong>Introducci\u00f3n<\/strong><\/h3><p>Bali, la Isla de los Dioses, es famosa por sus impresionantes playas, su vibrante cultura y su exuberante vegetaci\u00f3n. Pero m\u00e1s all\u00e1 de los puntos tur\u00edsticos se encuentra una ruta \u00e9pica en motocicleta que lo llevar\u00e1 desde la belleza costera de Bali hasta el coraz\u00f3n de Java. \u00a1Abr\u00f3chate el cintur\u00f3n, acelera el motor y exploremos el camino menos transitado!<\/p><h3 class=\"wp-block-heading\"><strong>La ruta<\/strong><\/h3><p>Nuestro viaje comienza en Bali, donde podr\u00e1s alquilar una motocicleta (Yamaha Scorpio 225, Yamaha Nmax 155 o Honda Vario 125) con agentes de confianza. Estas bicicletas vienen equipadas con portaequipajes vers\u00e1tiles, cargadores USB y soportes para GPS. Negocie los costos por adelantado, garantizando un viaje sin problemas.<\/p><ol class=\"wp-block-list\"><li><strong>De Bali a las terrazas de arroz de Jatiluwih (aprox. 60 millas)<\/strong><ul class=\"wp-block-list\"><li>Salga de Canggu y dir\u00edjase hacia el norte hasta los arrozales de Jatiluwih, declarados Patrimonio de la Humanidad por la UNESCO. Los caminos sinuosos atraviesan pueblos tradicionales, donde aguardan templos hind\u00faes y monos atrevidos.<\/li>\n\n<li>Consejo: capture los campos de arroz de color verde esmeralda con el tel\u00f3n de fondo del monte Batukaru.<\/li><\/ul><\/li>\n\n<li><strong>Viaje a Belimbing (Aprox. 80 millas)<\/strong><ul class=\"wp-block-list\"><li>Contin\u00fae hacia el oeste hasta Belimbing, ubicado en las laderas del monte Batukaru. Espere exuberantes bosques tropicales, pueblos pintorescos y vistas impresionantes.<\/li>\n\n<li>Consejo: explore el bosque de monos Sangeh y su antiguo templo en el camino.<\/li><\/ul><\/li>\n\n<li><strong>Bali a Yogyakarta (Java)<\/strong><ul class=\"wp-block-list\"><li>Cruce el estrecho de Bali en ferry hasta Java. El viaje de Bali a Yogyakarta ofrece diversos paisajes, desde picos volc\u00e1nicos hasta paisajes serenos.<\/li>\n\n<li>Consejo: visite el impresionante templo de Borobudur, cerca de Yogyakarta.<\/li><\/ul><\/li><\/ol><h3 class=\"wp-block-heading\"><strong>Pautas para el viaje<\/strong><\/h3><ul class=\"wp-block-list\"><li><strong>Clima y terreno<\/strong>\u00a0: El clima tropical de Bali implica lluvias ocasionales, as\u00ed que lleve una chaqueta impermeable liviana. Las carreteras var\u00edan desde asfalto liso hasta pistas llenas de baches; prep\u00e1rate para ambas.<\/li>\n\n<li><strong>La seguridad es lo primero<\/strong>\u00a0: use casco, equipo de protecci\u00f3n y conduzca a la defensiva. El tr\u00e1fico puede ser ca\u00f3tico, especialmente en las zonas urbanas.<\/li>\n\n<li><strong>Paradas de combustible<\/strong>\u00a0: planifique paradas de combustible a lo largo del camino, ya que algunos tramos son remotos.<\/li>\n\n<li><strong>Cocina local<\/strong>\u00a0: Saboree las delicias balinesas y javanesas en los warungs (peque\u00f1os restaurantes) al borde de la carretera.<\/li><\/ul><h3 class=\"wp-block-heading\"><strong>Lugares incre\u00edbles a lo largo del camino<\/strong><\/h3><ol class=\"wp-block-list\"><li><strong>Terrazas de arroz de Jatiluwih<\/strong>\u00a0: Capture fotograf\u00edas dignas de Instagram de campos de arroz en terrazas.<\/li>\n\n<li><strong>Belimbing<\/strong>\u00a0: Explore las exuberantes selvas tropicales y disfrute de la hospitalidad local.<\/li>\n\n<li><strong>Templo de Borobudur<\/strong>\u00a0: Marav\u00edllate ante el complejo de templos budistas m\u00e1s grande del mundo.<\/li>\n\n<li><strong>Playa Nyang Nyang<\/strong>\u00a0: Tome un desv\u00edo hacia esta playa pr\u00edstina de aguas turquesas.<\/li><\/ol><h3 class=\"wp-block-heading\"><strong>Conclusi\u00f3n<\/strong><\/h3><p>El viaje en motocicleta de Bali a Surakarta no es s\u00f3lo un viaje; es una aventura grabada en los recuerdos. As\u00ed que acelera, siente el viento en tu cabello y deja que la carretera te gu\u00ede.<img decoding=\"async\" src=\"https:\/\/s.w.org\/images\/core\/emoji\/15.0.3\/svg\/1f31f.svg\" alt=\"\ud83c\udf1f\" style=\"width: 20px;\" title=\"\"><img decoding=\"async\" src=\"https:\/\/s.w.org\/images\/core\/emoji\/15.0.3\/svg\/1f3cd.svg\" alt=\"\ud83c\udfcd\ufe0f\" style=\"width: 20px;\" title=\"\"><\/p><p>Recuerde, no se trata del destino; \u00a1Se trata del viaje en s\u00ed!<img decoding=\"async\" src=\"https:\/\/s.w.org\/images\/core\/emoji\/15.0.3\/svg\/1f304.svg\" alt=\"\ud83c\udf04\" style=\"width: 20px;\" title=\"\"><img decoding=\"async\" src=\"https:\/\/s.w.org\/images\/core\/emoji\/15.0.3\/svg\/2728.svg\" alt=\"\u2728\" style=\"width: 20px;\" title=\"\"><\/p>","protected":false},"excerpt":{"rendered":"<p>Introducci\u00f3n Bali, la Isla de los Dioses, es famosa por sus impresionantes playas, su vibrante cultura y su exuberante vegetaci\u00f3n. Pero m\u00e1s all\u00e1 de los puntos tur\u00edsticos se encuentra una ruta \u00e9pica en motocicleta que lo llevar\u00e1 desde la belleza costera de Bali hasta el coraz\u00f3n de Java. \u00a1Abr\u00f3chate el cintur\u00f3n, acelera el motor y&hellip;&nbsp;<a href=\"https:\/\/balibestmotorcycle.com\/es\/viaje-en-moto-de-ida-desde-bali-a-surakarta\" class=\"\" rel=\"bookmark\">Leer m\u00e1s &raquo;<span class=\"screen-reader-text\">Viaje en moto de ida desde Bali a Surakarta<\/span><\/a><\/p>\n","protected":false},"author":1,"featured_media":0,"parent":0,"menu_order":0,"comment_status":"closed","ping_status":"closed","template":"","meta":{"neve_meta_sidebar":"","neve_meta_container":"","neve_meta_enable_content_width":"","neve_meta_content_width":0,"neve_meta_title_alignment":"","neve_meta_author_avatar":"","neve_post_elements_order":"","neve_meta_disable_header":"","neve_meta_disable_footer":"","neve_meta_disable_title":"","_ti_tpc_template_sync":false,"_ti_tpc_template_id":"","footnotes":""},"class_list":["post-5059","page","type-page","status-publish","hentry"],"_links":{"self":[{"href":"https:\/\/balibestmotorcycle.com\/es\/wp-json\/wp\/v2\/pages\/5059","targetHints":{"allow":["GET"]}}],"collection":[{"href":"https:\/\/balibestmotorcycle.com\/es\/wp-json\/wp\/v2\/pages"}],"about":[{"href":"https:\/\/balibestmotorcycle.com\/es\/wp-json\/wp\/v2\/types\/page"}],"author":[{"embeddable":true,"href":"https:\/\/balibestmotorcycle.com\/es\/wp-json\/wp\/v2\/users\/1"}],"replies":[{"embeddable":true,"href":"https:\/\/balibestmotorcycle.com\/es\/wp-json\/wp\/v2\/comments?post=5059"}],"version-history":[{"count":1,"href":"https:\/\/balibestmotorcycle.com\/es\/wp-json\/wp\/v2\/pages\/5059\/revisions"}],"predecessor-version":[{"id":5060,"href":"https:\/\/balibestmotorcycle.com\/es\/wp-json\/wp\/v2\/pages\/5059\/revisions\/5060"}],"wp:attachment":[{"href":"https:\/\/balibestmotorcycle.com\/es\/wp-json\/wp\/v2\/media?parent=5059"}],"curies":[{"name":"wp","href":"https:\/\/api.w.org\/{rel}","templated":true}]}}