{"id":5049,"date":"2024-07-27T03:10:17","date_gmt":"2024-07-27T03:10:17","guid":{"rendered":"https:\/\/balibestmotorcycle.com\/?page_id=5049"},"modified":"2024-08-02T08:06:59","modified_gmt":"2024-08-02T08:06:59","slug":"alquilar-nissan-evalia-campervan-en-bali-explorando-con-libertad","status":"publish","type":"page","link":"https:\/\/balibestmotorcycle.com\/es\/alquilar-nissan-evalia-campervan-en-bali-explorando-con-libertad","title":{"rendered":"Alquilar Nissan Evalia Campervan en Bali: explorando con libertad"},"content":{"rendered":"<p><\/p><h3 class=\"wp-block-heading\"><strong>Historial y especificaciones del autom\u00f3vil<\/strong><\/h3><p>La&nbsp;&nbsp;<strong>NISSAN EVALIA CAMPERVAN<\/strong>&nbsp;&nbsp;es un veh\u00edculo polivalente que combina la practicidad de una furgoneta con la libertad de una camper. Esto es lo que necesita saber:<\/p><ol class=\"wp-block-list\"><li><strong>Historia<\/strong>\u00a0:<ul class=\"wp-block-list\"><li>La\u00a0\u00a0<strong>NISSAN EVALIA<\/strong>\u00a0\u00a0(tambi\u00e9n conocida como\u00a0\u00a0<strong>furgoneta el\u00e9ctrica e-NV200<\/strong>\u00a0) ha sido una opci\u00f3n popular para las conversiones de furgonetas camper en todo el mundo.<\/li>\n\n<li>Se basa en la plataforma Nissan NV200, que se present\u00f3 por primera vez como\u00a0\u00a0<strong>NV200 Concept<\/strong>\u00a0\u00a0en el Sal\u00f3n del Autom\u00f3vil de Tokio de 2007.<\/li>\n\n<li>La versi\u00f3n el\u00e9ctrica,\u00a0\u00a0<strong>e-NV200<\/strong>\u00a0, cuenta con una bater\u00eda de 40 kWh con una autonom\u00eda de hasta 280 km.<\/li><\/ul><\/li>\n\n<li><strong>Especificaciones<\/strong>\u00a0:<ul class=\"wp-block-list\"><li><strong>Dimensiones<\/strong>\u00a0: La\u00a0\u00a0<strong>NISSAN EVALIA CAMPERVAN<\/strong>\u00a0\u00a0tiene una longitud de aproximadamente 4.400\u20134.410 mm, una anchura de 1.695 mm y una altura de 1.855\u20131.885 mm.<\/li>\n\n<li><strong>Dise\u00f1o<\/strong>\u00a0: motor delantero, tracci\u00f3n delantera.<\/li>\n\n<li><strong>Opciones de tren motriz<\/strong>\u00a0:<ul class=\"wp-block-list\"><li>Gasolina: 1,5 L HR15DE I4, 1,6 L HR16DE I4 o 2,0 L MR20DE I4.<\/li>\n\n<li>El\u00e9ctrico: motor s\u00edncrono de CA EM57 (e-NV200).<\/li><\/ul><\/li>\n\n<li><strong>Transmisi\u00f3n<\/strong>\u00a0: CVT, autom\u00e1tica de 4 velocidades o manual de 5\/6 velocidades.<\/li>\n\n<li><strong>Interior<\/strong>\u00a0: La distribuci\u00f3n de la furgoneta camper incluye todo lo necesario para unas c\u00f3modas vacaciones, ya sea un viaje corto o una aventura de larga duraci\u00f3n.<\/li><\/ul><\/li><\/ol><h3 class=\"wp-block-heading\"><strong>Aplicaci\u00f3n en Bali<\/strong><\/h3><ul class=\"wp-block-list\"><li><ul class=\"wp-block-list\"><li>Explora el lado aut\u00e9ntico y virgen de Bali.<\/li>\n\n<li>Descubra playas m\u00e1gicas escondidas, bosques encantados y arrozales v\u00edrgenes.<\/li>\n\n<li>Despi\u00e9rtate bajo el manto de estrellas en los cerros o monta\u00f1as.<\/li>\n\n<li>Apoye la econom\u00eda local aventur\u00e1ndose a lugares menos conocidos.<\/li><\/ul><\/li><\/ul>","protected":false},"excerpt":{"rendered":"<p>Historial y especificaciones del autom\u00f3vil La&nbsp;&nbsp;NISSAN EVALIA CAMPERVAN&nbsp;&nbsp;es un veh\u00edculo polivalente que combina la practicidad de una furgoneta con la libertad de una camper. Esto es lo que necesita saber: Aplicaci\u00f3n en Bali<\/p>\n","protected":false},"author":1,"featured_media":0,"parent":0,"menu_order":0,"comment_status":"closed","ping_status":"closed","template":"","meta":{"neve_meta_sidebar":"","neve_meta_container":"","neve_meta_enable_content_width":"","neve_meta_content_width":0,"neve_meta_title_alignment":"","neve_meta_author_avatar":"","neve_post_elements_order":"","neve_meta_disable_header":"","neve_meta_disable_footer":"","neve_meta_disable_title":"","_ti_tpc_template_sync":false,"_ti_tpc_template_id":"","footnotes":""},"class_list":["post-5049","page","type-page","status-publish","hentry"],"_links":{"self":[{"href":"https:\/\/balibestmotorcycle.com\/es\/wp-json\/wp\/v2\/pages\/5049","targetHints":{"allow":["GET"]}}],"collection":[{"href":"https:\/\/balibestmotorcycle.com\/es\/wp-json\/wp\/v2\/pages"}],"about":[{"href":"https:\/\/balibestmotorcycle.com\/es\/wp-json\/wp\/v2\/types\/page"}],"author":[{"embeddable":true,"href":"https:\/\/balibestmotorcycle.com\/es\/wp-json\/wp\/v2\/users\/1"}],"replies":[{"embeddable":true,"href":"https:\/\/balibestmotorcycle.com\/es\/wp-json\/wp\/v2\/comments?post=5049"}],"version-history":[{"count":1,"href":"https:\/\/balibestmotorcycle.com\/es\/wp-json\/wp\/v2\/pages\/5049\/revisions"}],"predecessor-version":[{"id":5050,"href":"https:\/\/balibestmotorcycle.com\/es\/wp-json\/wp\/v2\/pages\/5049\/revisions\/5050"}],"wp:attachment":[{"href":"https:\/\/balibestmotorcycle.com\/es\/wp-json\/wp\/v2\/media?parent=5049"}],"curies":[{"name":"wp","href":"https:\/\/api.w.org\/{rel}","templated":true}]}}