{"id":5000,"date":"2024-07-27T02:37:29","date_gmt":"2024-07-27T02:37:29","guid":{"rendered":"https:\/\/balibestmotorcycle.com\/?page_id=5000"},"modified":"2024-08-02T07:37:26","modified_gmt":"2024-08-02T07:37:26","slug":"alquilar-honda-monkey-baja-en-bali","status":"publish","type":"page","link":"https:\/\/balibestmotorcycle.com\/es\/alquilar-honda-monkey-baja-en-bali","title":{"rendered":"Alquilar Honda Monkey Baja en Bali"},"content":{"rendered":"<p><\/p><h2 class=\"wp-block-heading\">Una breve historia<\/h2><p>La Honda Monkey Baja es una versi\u00f3n divertida e inspirada en el todoterreno del ic\u00f3nico Honda Monkey. Sus ra\u00edces se remontan al legendario&nbsp;&nbsp;<strong>Rally Par\u00eds-Dakar<\/strong>&nbsp;, donde Honda logr\u00f3 un \u00e9xito notable con su NXR750. En 1986, los dise\u00f1adores de Honda dibujaron una mini r\u00e9plica de la NXR750, llam\u00e1ndola en broma&nbsp;&nbsp;<strong>\u201cMonkey Dakar\u201d.<\/strong>&nbsp;&nbsp;Este boceto finalmente evolucion\u00f3 hasta convertirse en Monkey Baja, que se lanz\u00f3 oficialmente en 1991.<\/p><h2 class=\"wp-block-heading\"><strong>Especificaciones y caracter\u00edsticas<\/strong><\/h2><ul class=\"wp-block-list\"><li><strong>Motor:<\/strong>\u00a0\u00a0La Monkey Baja est\u00e1 propulsada por un motor compacto de 110 cc, que ofrece un rendimiento confiable tanto para aventuras dentro como fuera de la carretera.<\/li>\n\n<li><strong>Dise\u00f1o:<\/strong>\u00a0\u00a0Inspirada en las motos de carreras todoterreno Baja, la Monkey Baja presenta faros dobles, protectores de nudillos y un dise\u00f1o elegante del tanque de combustible. Rinde homenaje al esp\u00edritu rudo de las carreras en el desierto.<\/li>\n\n<li><strong>Peso:<\/strong>\u00a0\u00a0Con un peso de 59 kg (peso seco), la Monkey Baja es m\u00e1s ligera que el modelo b\u00e1sico de Monkey, lo que la hace \u00e1gil y vers\u00e1til.<\/li>\n\n<li><strong>Capacidad del tanque:<\/strong>\u00a0\u00a0El tanque de combustible del Monkey Baja tiene capacidad para 4 litros, lo que garantiza la eficiencia del combustible durante sus exploraciones en Bali.<\/li><\/ul><h2 class=\"wp-block-heading\"><strong>Aplicaci\u00f3n en Bali<\/strong><\/h2><ul class=\"wp-block-list\"><li><strong>Exploraci\u00f3n:<\/strong>\u00a0\u00a0Alquilar un Honda Monkey Baja en Bali le permite explorar las joyas ocultas de la isla, desde exuberantes terrazas de arroz hasta playas v\u00edrgenes.<\/li>\n\n<li><strong>Facilidad de maniobra:<\/strong>\u00a0\u00a0Su tama\u00f1o compacto y sus capacidades todoterreno lo hacen perfecto para recorrer las calles estrechas, los caminos sinuosos y los senderos panor\u00e1micos de Bali.<\/li>\n\n<li><strong>Inmersi\u00f3n cultural:<\/strong>\u00a0\u00a0recorra pueblos tradicionales, interact\u00fae con los lugare\u00f1os y experimente de cerca la rica cultura de Bali.<\/li>\n\n<li><strong>Respetuoso con el medio ambiente:<\/strong>\u00a0\u00a0Con su motor de bajo consumo de combustible, Monkey Baja minimiza el impacto ambiental mientras maximiza la aventura.<\/li><\/ul>","protected":false},"excerpt":{"rendered":"<p>Una breve historia La Honda Monkey Baja es una versi\u00f3n divertida e inspirada en el todoterreno del ic\u00f3nico Honda Monkey. Sus ra\u00edces se remontan al legendario&nbsp;&nbsp;Rally Par\u00eds-Dakar&nbsp;, donde Honda logr\u00f3 un \u00e9xito notable con su NXR750. En 1986, los dise\u00f1adores de Honda dibujaron una mini r\u00e9plica de la NXR750, llam\u00e1ndola en broma&nbsp;&nbsp;\u201cMonkey Dakar\u201d.&nbsp;&nbsp;Este boceto finalmente&hellip;&nbsp;<a href=\"https:\/\/balibestmotorcycle.com\/es\/alquilar-honda-monkey-baja-en-bali\" class=\"\" rel=\"bookmark\">Leer m\u00e1s &raquo;<span class=\"screen-reader-text\">Alquilar Honda Monkey Baja en Bali<\/span><\/a><\/p>\n","protected":false},"author":1,"featured_media":0,"parent":0,"menu_order":0,"comment_status":"closed","ping_status":"closed","template":"","meta":{"neve_meta_sidebar":"","neve_meta_container":"","neve_meta_enable_content_width":"","neve_meta_content_width":0,"neve_meta_title_alignment":"","neve_meta_author_avatar":"","neve_post_elements_order":"","neve_meta_disable_header":"","neve_meta_disable_footer":"","neve_meta_disable_title":"","_ti_tpc_template_sync":false,"_ti_tpc_template_id":"","footnotes":""},"class_list":["post-5000","page","type-page","status-publish","hentry"],"_links":{"self":[{"href":"https:\/\/balibestmotorcycle.com\/es\/wp-json\/wp\/v2\/pages\/5000","targetHints":{"allow":["GET"]}}],"collection":[{"href":"https:\/\/balibestmotorcycle.com\/es\/wp-json\/wp\/v2\/pages"}],"about":[{"href":"https:\/\/balibestmotorcycle.com\/es\/wp-json\/wp\/v2\/types\/page"}],"author":[{"embeddable":true,"href":"https:\/\/balibestmotorcycle.com\/es\/wp-json\/wp\/v2\/users\/1"}],"replies":[{"embeddable":true,"href":"https:\/\/balibestmotorcycle.com\/es\/wp-json\/wp\/v2\/comments?post=5000"}],"version-history":[{"count":1,"href":"https:\/\/balibestmotorcycle.com\/es\/wp-json\/wp\/v2\/pages\/5000\/revisions"}],"predecessor-version":[{"id":5001,"href":"https:\/\/balibestmotorcycle.com\/es\/wp-json\/wp\/v2\/pages\/5000\/revisions\/5001"}],"wp:attachment":[{"href":"https:\/\/balibestmotorcycle.com\/es\/wp-json\/wp\/v2\/media?parent=5000"}],"curies":[{"name":"wp","href":"https:\/\/api.w.org\/{rel}","templated":true}]}}