{"id":4988,"date":"2024-07-27T02:53:37","date_gmt":"2024-07-27T02:53:37","guid":{"rendered":"https:\/\/balibestmotorcycle.com\/?page_id=4988"},"modified":"2024-08-02T07:28:43","modified_gmt":"2024-08-02T07:28:43","slug":"alquilar-honda-cub-en-bali","status":"publish","type":"page","link":"https:\/\/balibestmotorcycle.com\/es\/alquilar-honda-cub-en-bali","title":{"rendered":"Alquilar Honda Cub en Bali"},"content":{"rendered":"<p><\/p><h3 class=\"wp-block-heading\"><strong>Historia de la motocicleta<\/strong><\/h3><p>El Honda Cub, tambi\u00e9n conocido como Super Cub, tiene una rica historia que se remonta a la d\u00e9cada de 1950. Se introdujo por primera vez en Jap\u00f3n y r\u00e1pidamente se convirti\u00f3 en un fen\u00f3meno global. Conocido por su confiabilidad, simplicidad y eficiencia de combustible, el Cub ha sido uno de los favoritos entre los conductores de todo el mundo.<\/p><h3 class=\"wp-block-heading\"><strong>Especificaciones<\/strong><\/h3><ul class=\"wp-block-list\"><li><strong>Motor<\/strong>\u00a0: El Honda Supercub C125 cuenta con un motor SOHC de 4 tiempos y 124 cc con una configuraci\u00f3n de 2 v\u00e1lvulas.<\/li>\n\n<li><strong>Transmisi\u00f3n<\/strong>\u00a0: Viene con una transmisi\u00f3n manual de 4 velocidades.<\/li>\n\n<li><strong>Potencia m\u00e1xima<\/strong>\u00a0: Produce 7,2 kW (9,5 BHP) a 7500 RPM.<\/li>\n\n<li><strong>Par m\u00e1ximo<\/strong>\u00a0: 10,4 Nm a 6.250 RPM.<\/li>\n\n<li><strong>Tipo de arranque<\/strong>\u00a0: Arranque el\u00e9ctrico.<\/li>\n\n<li><strong>Tipo de marco<\/strong>\u00a0: marco de acero de columna vertebral.<\/li>\n\n<li><strong>Suspensi\u00f3n<\/strong>\u00a0: Suspensi\u00f3n delantera telesc\u00f3pica y suspensi\u00f3n trasera gemela.<\/li>\n\n<li><strong>Neum\u00e1ticos<\/strong>\u00a0: Tama\u00f1o de neum\u00e1tico delantero 70\/90-17 M\/C 38P (sin c\u00e1mara), tama\u00f1o de neum\u00e1tico trasero 80\/90-17 M\/C 50P (sin c\u00e1mara).<\/li>\n\n<li><strong>Capacidad del dep\u00f3sito de combustible<\/strong>\u00a0: 3,7 litros.<\/li>\n\n<li><strong>Peso<\/strong>\u00a0: Peso en vac\u00edo de 110 kg.<\/li><\/ul><h3 class=\"wp-block-heading\"><strong>Aplicaci\u00f3n y uso en Bali<\/strong><\/h3><ol class=\"wp-block-list\"><li><strong>Explorando la belleza esc\u00e9nica de Bali<\/strong>\u00a0: El Honda Cub es perfecto para explorar los pintorescos paisajes de Bali, desde exuberantes terrazas de arroz hasta impresionantes playas. Su dise\u00f1o liviano y maniobrabilidad lo hacen ideal para circular por caminos estrechos y calles concurridas.<\/li>\n\n<li><strong>Desplazamientos locales<\/strong>\u00a0: Muchos lugare\u00f1os utilizan Honda Cubs para sus desplazamientos diarios debido a su eficiencia de combustible y facilidad de manejo.<\/li>\n\n<li><strong>N\u00f3madas digitales y turistas<\/strong>\u00a0: los n\u00f3madas digitales y los turistas suelen alquilar Honda Cubs para transporte a corto plazo. Son asequibles, fiables y te permiten explorar Bali a tu propio ritmo.<\/li>\n\n<li><strong>Aventuras de surf<\/strong>\u00a0: El Honda Cub es una opci\u00f3n popular para los surfistas que se dirigen a las famosas playas de Bali. \u00a1Ata tu tabla de surf a la espalda y navega hacia las olas!<\/li><\/ol>","protected":false},"excerpt":{"rendered":"<p>Historia de la motocicleta El Honda Cub, tambi\u00e9n conocido como Super Cub, tiene una rica historia que se remonta a la d\u00e9cada de 1950. Se introdujo por primera vez en Jap\u00f3n y r\u00e1pidamente se convirti\u00f3 en un fen\u00f3meno global. Conocido por su confiabilidad, simplicidad y eficiencia de combustible, el Cub ha sido uno de los&hellip;&nbsp;<a href=\"https:\/\/balibestmotorcycle.com\/es\/alquilar-honda-cub-en-bali\" class=\"\" rel=\"bookmark\">Leer m\u00e1s &raquo;<span class=\"screen-reader-text\">Alquilar Honda Cub en Bali<\/span><\/a><\/p>\n","protected":false},"author":1,"featured_media":0,"parent":0,"menu_order":0,"comment_status":"closed","ping_status":"closed","template":"","meta":{"neve_meta_sidebar":"","neve_meta_container":"","neve_meta_enable_content_width":"","neve_meta_content_width":0,"neve_meta_title_alignment":"","neve_meta_author_avatar":"","neve_post_elements_order":"","neve_meta_disable_header":"","neve_meta_disable_footer":"","neve_meta_disable_title":"","_ti_tpc_template_sync":false,"_ti_tpc_template_id":"","footnotes":""},"class_list":["post-4988","page","type-page","status-publish","hentry"],"_links":{"self":[{"href":"https:\/\/balibestmotorcycle.com\/es\/wp-json\/wp\/v2\/pages\/4988","targetHints":{"allow":["GET"]}}],"collection":[{"href":"https:\/\/balibestmotorcycle.com\/es\/wp-json\/wp\/v2\/pages"}],"about":[{"href":"https:\/\/balibestmotorcycle.com\/es\/wp-json\/wp\/v2\/types\/page"}],"author":[{"embeddable":true,"href":"https:\/\/balibestmotorcycle.com\/es\/wp-json\/wp\/v2\/users\/1"}],"replies":[{"embeddable":true,"href":"https:\/\/balibestmotorcycle.com\/es\/wp-json\/wp\/v2\/comments?post=4988"}],"version-history":[{"count":1,"href":"https:\/\/balibestmotorcycle.com\/es\/wp-json\/wp\/v2\/pages\/4988\/revisions"}],"predecessor-version":[{"id":4989,"href":"https:\/\/balibestmotorcycle.com\/es\/wp-json\/wp\/v2\/pages\/4988\/revisions\/4989"}],"wp:attachment":[{"href":"https:\/\/balibestmotorcycle.com\/es\/wp-json\/wp\/v2\/media?parent=4988"}],"curies":[{"name":"wp","href":"https:\/\/api.w.org\/{rel}","templated":true}]}}