{"id":4957,"date":"2024-07-27T03:56:00","date_gmt":"2024-07-27T03:56:00","guid":{"rendered":"https:\/\/balibestmotorcycle.com\/?page_id=4957"},"modified":"2024-08-02T05:37:57","modified_gmt":"2024-08-02T05:37:57","slug":"viaje-en-moto-de-ida-desde-bali-a-komodo-una-odisea-en-motocicleta","status":"publish","type":"page","link":"https:\/\/balibestmotorcycle.com\/es\/viaje-en-moto-de-ida-desde-bali-a-komodo-una-odisea-en-motocicleta","title":{"rendered":"Viaje en moto de ida desde Bali a Komodo: Una odisea en motocicleta"},"content":{"rendered":"<p><\/p><h3 class=\"wp-block-heading\"><strong>1. La Ruta y las Condiciones de la Carretera<\/strong><\/h3><ul class=\"wp-block-list\"><li><strong>Punto de partida<\/strong>\u00a0: Aeropuerto Internacional Ngurah Rai (DPS) de Bali en Denpasar.<\/li>\n\n<li><strong>Destino<\/strong>\u00a0: Aeropuerto de Labuan Bajo (LBJ) en la isla de Flores, la puerta de entrada al Parque Nacional de Komodo.<\/li>\n\n<li><strong>Opciones de viaje<\/strong>\u00a0:<ul class=\"wp-block-list\"><li><strong>Vuelos directos<\/strong>\u00a0: La forma m\u00e1s conveniente es un vuelo directo desde Bali a Labuan Bajo. Aerol\u00edneas como Garuda, Citilink, Lion Air, Batik Air, AirAsia y Wings Air operan esta ruta. El vuelo dura aproximadamente 1 hora y 15 minutos.<\/li>\n\n<li><strong>Transporte p\u00fablico<\/strong>\u00a0: un viaje largo y aventurero que incluye autobuses y ferries. Espere de 24 a 36 horas, paisajes impresionantes y pr\u00e1ctica de idiomas con los lugare\u00f1os.<\/li><\/ul><\/li><\/ul><h3 class=\"wp-block-heading\"><strong>2. Los aspectos m\u00e1s destacados del paisaje<\/strong><\/h3><ul class=\"wp-block-list\"><li><strong>Parque Nacional de Komodo<\/strong>\u00a0: hogar de los legendarios dragones de Komodo, explore la isla Rinca y vea estas fascinantes criaturas en su h\u00e1bitat natural.\u00a0\u00a0<a href=\"https:\/\/theglobalcurious.com\/bali-to-komodo-island\/\" target=\"_blank\" rel=\"noopener\">No te pierdas las decenas de miles de zorros voladores que abandonan la isla de Kalong al atardecer<\/a>\u00a0.<\/li>\n\n<li><strong>Isla Padar<\/strong>\u00a0: Camine hasta el mirador para disfrutar de vistas panor\u00e1micas de bah\u00edas color turquesa y costas escarpadas.\u00a0\u00a0<a href=\"https:\/\/theglobalcurious.com\/bali-to-komodo-island\/\" target=\"_blank\" rel=\"noopener\">Es el para\u00edso de los fot\u00f3grafos<\/a>\u00a0.<\/li>\n\n<li><strong>Paisajes volc\u00e1nicos<\/strong>\u00a0: Marav\u00edllate ante los terrenos volc\u00e1nicos formados por el Anillo de Fuego del Pac\u00edfico mientras recorres exuberantes selvas y playas v\u00edrgenes.<\/li><\/ul><h3 class=\"wp-block-heading\"><strong>3. Pautas viales<\/strong><\/h3><ul class=\"wp-block-list\"><li><strong>Ferries<\/strong>\u00a0: dado que no se puede acceder directamente a la isla de Komodo por carretera, tome un ferry o un barco desde Labuan Bajo para llegar al parque nacional.<\/li>\n\n<li><strong>Condiciones de las carreteras<\/strong>\u00a0: var\u00edan desde carreteras en buen estado hasta carreteras estrechas y llenas de baches.\u00a0\u00a0<a href=\"https:\/\/balibestmotorcycle.com\/riding-a-motorbike-from-bali-to-komodo\" target=\"_blank\" rel=\"noreferrer noopener\">Algunas secciones pueden estar en construcci\u00f3n o en malas condiciones, especialmente en zonas remotas<\/a>\u00a0.<\/li><\/ul>","protected":false},"excerpt":{"rendered":"<p>1. La Ruta y las Condiciones de la Carretera 2. Los aspectos m\u00e1s destacados del paisaje 3. Pautas viales<\/p>\n","protected":false},"author":1,"featured_media":0,"parent":0,"menu_order":0,"comment_status":"closed","ping_status":"closed","template":"","meta":{"neve_meta_sidebar":"","neve_meta_container":"","neve_meta_enable_content_width":"","neve_meta_content_width":0,"neve_meta_title_alignment":"","neve_meta_author_avatar":"","neve_post_elements_order":"","neve_meta_disable_header":"","neve_meta_disable_footer":"","neve_meta_disable_title":"","_ti_tpc_template_sync":false,"_ti_tpc_template_id":"","footnotes":""},"class_list":["post-4957","page","type-page","status-publish","hentry"],"_links":{"self":[{"href":"https:\/\/balibestmotorcycle.com\/es\/wp-json\/wp\/v2\/pages\/4957","targetHints":{"allow":["GET"]}}],"collection":[{"href":"https:\/\/balibestmotorcycle.com\/es\/wp-json\/wp\/v2\/pages"}],"about":[{"href":"https:\/\/balibestmotorcycle.com\/es\/wp-json\/wp\/v2\/types\/page"}],"author":[{"embeddable":true,"href":"https:\/\/balibestmotorcycle.com\/es\/wp-json\/wp\/v2\/users\/1"}],"replies":[{"embeddable":true,"href":"https:\/\/balibestmotorcycle.com\/es\/wp-json\/wp\/v2\/comments?post=4957"}],"version-history":[{"count":1,"href":"https:\/\/balibestmotorcycle.com\/es\/wp-json\/wp\/v2\/pages\/4957\/revisions"}],"predecessor-version":[{"id":4958,"href":"https:\/\/balibestmotorcycle.com\/es\/wp-json\/wp\/v2\/pages\/4957\/revisions\/4958"}],"wp:attachment":[{"href":"https:\/\/balibestmotorcycle.com\/es\/wp-json\/wp\/v2\/media?parent=4957"}],"curies":[{"name":"wp","href":"https:\/\/api.w.org\/{rel}","templated":true}]}}