{"id":4947,"date":"2024-07-27T03:52:22","date_gmt":"2024-07-27T03:52:22","guid":{"rendered":"https:\/\/balibestmotorcycle.com\/?page_id=4947"},"modified":"2024-08-02T05:31:29","modified_gmt":"2024-08-02T05:31:29","slug":"viaje-en-moto-de-ida-de-bali-a-yogyakarta-una-aventura-escenica","status":"publish","type":"page","link":"https:\/\/balibestmotorcycle.com\/es\/viaje-en-moto-de-ida-de-bali-a-yogyakarta-una-aventura-escenica","title":{"rendered":"Viaje en moto de ida de Bali a Yogyakarta: una aventura esc\u00e9nica"},"content":{"rendered":"<p><\/p><h3 class=\"wp-block-heading\"><strong>La ruta<\/strong><\/h3><p>El viaje de 1.100 kil\u00f3metros (683 millas) desde Bali a Yogyakarta es una fascinante combinaci\u00f3n de carreteras costeras, densas selvas y pueblos pintorescos. Esto es lo que necesita saber:<\/p><ol class=\"wp-block-list\"><li><strong>Punto de partida: Bali<\/strong><ul class=\"wp-block-list\"><li>Comienza tu aventura en Bali, la Isla de los Dioses. Cargue combustible, revise sus neum\u00e1ticos y salga de Denpasar o de cualquier otro lugar conveniente.<\/li>\n\n<li>La ruta te lleva a trav\u00e9s de exuberantes terrazas de arroz, pueblos tradicionales y acantilados costeros. \u00a1Mant\u00e9n tu c\u00e1mara lista!<\/li><\/ul><\/li>\n\n<li><strong>Condiciones y pautas de la carretera<\/strong><ul class=\"wp-block-list\"><li>La calidad de la carretera var\u00eda, as\u00ed que prep\u00e1rese para carreteras suaves, zonas llenas de baches y pasos de monta\u00f1a sinuosos.<\/li>\n\n<li>Siga las reglas de tr\u00e1nsito, use equipo de protecci\u00f3n y mant\u00e9ngase hidratado. \u00a1Seguridad primero!<\/li><\/ul><\/li>\n\n<li><strong>Lugares incre\u00edbles a lo largo del camino<\/strong><ul class=\"wp-block-list\"><li><strong>Monte Bromo<\/strong>\u00a0: Desv\u00edo hacia este volc\u00e1n de otro mundo en Java Oriental. Sea testigo del amanecer sobre la caldera y capture el paisaje surrealista.<\/li>\n\n<li><strong>Cr\u00e1ter Ijen<\/strong>\u00a0: Explore el lago turquesa de azufre y observe a los mineros trabajando. \u00a1Es una experiencia \u00fanica!<\/li>\n\n<li><strong>Malang<\/strong>\u00a0: una ciudad encantadora con arquitectura colonial holandesa y arte callejero vibrante.<\/li>\n\n<li><strong>Templo de Prambanan<\/strong>\u00a0: Marav\u00edllate ante el antiguo complejo de templos hind\u00faes cerca de Yogyakarta.<\/li><\/ul><\/li>\n\n<li><strong>Yogyakarta: el coraz\u00f3n cultural de Java<\/strong><ul class=\"wp-block-list\"><li>Llegada a Yogyakarta, conocida por su rico patrimonio, arte y tradiciones javanesas.<\/li>\n\n<li>Visite el magn\u00edfico templo de Borobudur al amanecer, declarado Patrimonio de la Humanidad por la UNESCO.<\/li>\n\n<li>Explore el Kraton), el palacio del Sult\u00e1n y la animada calle Malioboro.<\/li><\/ul><\/li><\/ol>","protected":false},"excerpt":{"rendered":"<p>La ruta El viaje de 1.100 kil\u00f3metros (683 millas) desde Bali a Yogyakarta es una fascinante combinaci\u00f3n de carreteras costeras, densas selvas y pueblos pintorescos. Esto es lo que necesita saber:<\/p>\n","protected":false},"author":1,"featured_media":0,"parent":0,"menu_order":0,"comment_status":"closed","ping_status":"closed","template":"","meta":{"neve_meta_sidebar":"","neve_meta_container":"","neve_meta_enable_content_width":"","neve_meta_content_width":0,"neve_meta_title_alignment":"","neve_meta_author_avatar":"","neve_post_elements_order":"","neve_meta_disable_header":"","neve_meta_disable_footer":"","neve_meta_disable_title":"","_ti_tpc_template_sync":false,"_ti_tpc_template_id":"","footnotes":""},"class_list":["post-4947","page","type-page","status-publish","hentry"],"_links":{"self":[{"href":"https:\/\/balibestmotorcycle.com\/es\/wp-json\/wp\/v2\/pages\/4947","targetHints":{"allow":["GET"]}}],"collection":[{"href":"https:\/\/balibestmotorcycle.com\/es\/wp-json\/wp\/v2\/pages"}],"about":[{"href":"https:\/\/balibestmotorcycle.com\/es\/wp-json\/wp\/v2\/types\/page"}],"author":[{"embeddable":true,"href":"https:\/\/balibestmotorcycle.com\/es\/wp-json\/wp\/v2\/users\/1"}],"replies":[{"embeddable":true,"href":"https:\/\/balibestmotorcycle.com\/es\/wp-json\/wp\/v2\/comments?post=4947"}],"version-history":[{"count":1,"href":"https:\/\/balibestmotorcycle.com\/es\/wp-json\/wp\/v2\/pages\/4947\/revisions"}],"predecessor-version":[{"id":4948,"href":"https:\/\/balibestmotorcycle.com\/es\/wp-json\/wp\/v2\/pages\/4947\/revisions\/4948"}],"wp:attachment":[{"href":"https:\/\/balibestmotorcycle.com\/es\/wp-json\/wp\/v2\/media?parent=4947"}],"curies":[{"name":"wp","href":"https:\/\/api.w.org\/{rel}","templated":true}]}}