{"id":4919,"date":"2024-07-27T04:19:57","date_gmt":"2024-07-27T04:19:57","guid":{"rendered":"https:\/\/balibestmotorcycle.com\/?page_id=4919"},"modified":"2024-08-02T05:10:12","modified_gmt":"2024-08-02T05:10:12","slug":"las-mejores-tiendas-en-bali-para-instalar-soportes-para-surf-en-motocicletas","status":"publish","type":"page","link":"https:\/\/balibestmotorcycle.com\/es\/las-mejores-tiendas-en-bali-para-instalar-soportes-para-surf-en-motocicletas","title":{"rendered":"Las mejores tiendas en Bali para instalar soportes para surf en motocicletas"},"content":{"rendered":"<p><\/p><h2 class=\"wp-block-heading\"><strong>1. Las mejores motocicletas de Bali<\/strong><\/h2><ul class=\"wp-block-list\"><li><strong>Ubicaci\u00f3n<\/strong>\u00a0: Gg. Toti, Padangsambian Klod, Kec. Bar Denpasar, Bali, 80361<\/li>\n\n<li><strong>Acerca de<\/strong>\u00a0: Bali Best Motorcycles es su tienda ideal para todo lo relacionado con el surf y las motocicletas. Ofrecen una amplia selecci\u00f3n de scooters y motos equipadas con soportes para surf. Ya seas un surfista experimentado o un principiante, su amable personal te ayudar\u00e1 a encontrar el paseo perfecto para tu aventura en Bali. Adem\u00e1s, proporcionan cascos meticulosamente limpios para su seguridad.<\/li><\/ul><h2 class=\"wp-block-heading\"><strong>2.BGS Bali<\/strong><\/h2><ul class=\"wp-block-list\"><li><strong>Ubicaci\u00f3n<\/strong>\u00a0: Jl. Pantai Padang Padang, cerca de la playa de Suluban \/ Single Fin, Pecatu, 80361, Bali<\/li>\n\n<li><strong>Acerca de<\/strong>\u00a0: BGS Bali es otra excelente opci\u00f3n para los surfistas. Sus tiendas ofrecen una selecci\u00f3n completa de tablas de surf y equipos de las mejores marcas como Pyzel Surfboards, Sharpeye, Hayden Shapes, Brusco, Sympl y DHD Surfboards. Puedes alquilar una scooter con soporte para surf aqu\u00ed y explorar los mejores lugares para practicar surf en Bali.<\/li><\/ul><h2 class=\"wp-block-heading\"><strong>3. Alquiler de bicicletas personalizadas en Bali<\/strong><\/h2><ul class=\"wp-block-list\"><li><strong>Ubicaci\u00f3n<\/strong>\u00a0: Uluwatu, \u00e1rea de Bukit, Bali.<\/li>\n\n<li><strong>Acerca de<\/strong>\u00a0: Bali Custom Bike Rental ofrece alquiler de bicicletas y scooters personalizados. Tienen una excelente selecci\u00f3n de las bicicletas m\u00e1s modernas de Bali, con soportes para surf opcionales. Si buscas un viaje \u00fanico, este es el lugar al que debes ir.<\/li><\/ul>","protected":false},"excerpt":{"rendered":"<p>1. Las mejores motocicletas de Bali 2.BGS Bali 3. Alquiler de bicicletas personalizadas en Bali<\/p>\n","protected":false},"author":1,"featured_media":0,"parent":0,"menu_order":0,"comment_status":"closed","ping_status":"closed","template":"","meta":{"neve_meta_sidebar":"","neve_meta_container":"","neve_meta_enable_content_width":"","neve_meta_content_width":0,"neve_meta_title_alignment":"","neve_meta_author_avatar":"","neve_post_elements_order":"","neve_meta_disable_header":"","neve_meta_disable_footer":"","neve_meta_disable_title":"","_ti_tpc_template_sync":false,"_ti_tpc_template_id":"","footnotes":""},"class_list":["post-4919","page","type-page","status-publish","hentry"],"_links":{"self":[{"href":"https:\/\/balibestmotorcycle.com\/es\/wp-json\/wp\/v2\/pages\/4919","targetHints":{"allow":["GET"]}}],"collection":[{"href":"https:\/\/balibestmotorcycle.com\/es\/wp-json\/wp\/v2\/pages"}],"about":[{"href":"https:\/\/balibestmotorcycle.com\/es\/wp-json\/wp\/v2\/types\/page"}],"author":[{"embeddable":true,"href":"https:\/\/balibestmotorcycle.com\/es\/wp-json\/wp\/v2\/users\/1"}],"replies":[{"embeddable":true,"href":"https:\/\/balibestmotorcycle.com\/es\/wp-json\/wp\/v2\/comments?post=4919"}],"version-history":[{"count":1,"href":"https:\/\/balibestmotorcycle.com\/es\/wp-json\/wp\/v2\/pages\/4919\/revisions"}],"predecessor-version":[{"id":4920,"href":"https:\/\/balibestmotorcycle.com\/es\/wp-json\/wp\/v2\/pages\/4919\/revisions\/4920"}],"wp:attachment":[{"href":"https:\/\/balibestmotorcycle.com\/es\/wp-json\/wp\/v2\/media?parent=4919"}],"curies":[{"name":"wp","href":"https:\/\/api.w.org\/{rel}","templated":true}]}}