{"id":4909,"date":"2024-07-27T04:38:09","date_gmt":"2024-07-27T04:38:09","guid":{"rendered":"https:\/\/balibestmotorcycle.com\/?page_id=4909"},"modified":"2024-08-02T05:17:46","modified_gmt":"2024-08-02T05:17:46","slug":"las-mejores-tiendas-de-alquiler-de-motocicletas-en-bali-con-real-insurance","status":"publish","type":"page","link":"https:\/\/balibestmotorcycle.com\/es\/las-mejores-tiendas-de-alquiler-de-motocicletas-en-bali-con-real-insurance","title":{"rendered":"Las mejores tiendas de alquiler de motocicletas en Bali con Real Insurance"},"content":{"rendered":"<p><\/p><h2 class=\"wp-block-heading\"><strong>1. Las mejores motocicletas de Bali<\/strong><\/h2><p><strong>Ubicaci\u00f3n:<\/strong>\u00a0\u00a0Gg. Toti, Padangsambian Klod, Kec. Denpasar Bar., Bali, 80361, Indonesia\u00a0\u00a0<strong>Tel\u00e9fono:<\/strong>\u00a0\u00a0+62 877-3554-4018\u00a0\u00a0<strong>Sitio web:\u00a0<\/strong>\u00a0<a href=\"https:\/\/balibestmotorcycle.com\/\" target=\"_blank\" rel=\"noreferrer noopener\">Bali Best Motorcycle<\/a><\/p><p>Bali Best Motorcycles encabeza nuestra lista por varias razones. No s\u00f3lo ofrecen una amplia gama de bicicletas a precios competitivos, sino que tambi\u00e9n ofrecen una cobertura de seguro real. Ya sea que sea un conductor experimentado o un principiante, Bali Best Motorcycles garantiza su seguridad y tranquilidad. Su flota incluye modelos populares como Honda Scoopy, Honda Vario y Honda Beat. Adem\u00e1s, sus planes de alquiler mensual con todo incluido no incluyen contratos de duraci\u00f3n m\u00ednima, lo que le permite viajar sin problemas.<\/p><h2 class=\"wp-block-heading\"><strong>2. Motos MalaMadre<\/strong><\/h2><p><strong>Ubicaci\u00f3n:<\/strong>&nbsp;&nbsp;Jl. Batu Bolong 5, Canggu, Bali, Indonesia&nbsp;&nbsp;<strong>Tel\u00e9fono:<\/strong>&nbsp;&nbsp;+62 812-3935-3202<\/p><p>MalaMadre Motorcycles ofrece bicicletas de inspiraci\u00f3n antigua meticulosamente dise\u00f1adas para los exploradores modernos. Su colecci\u00f3n incluye motocicletas elegantes y confiables, perfectas para almas aventureras. Si bien no mencionan expl\u00edcitamente el seguro, las excelentes rese\u00f1as de sus clientes dicen mucho sobre la calidad de su servicio.<\/p><h2 class=\"wp-block-heading\"><strong>3. Motos isle\u00f1as<\/strong><\/h2><p><strong>Ubicaci\u00f3n:<\/strong>&nbsp;&nbsp;Jalan Raya Uluwatu #15, Tuban, Bali, Indonesia&nbsp;&nbsp;<strong>Tel\u00e9fono:<\/strong>&nbsp;&nbsp;+62 813-3757-3726<\/p><p>Island Motorcycles ofrece una variedad de bicicletas para alquilar. Aunque no destacan la cobertura de seguro, su flota bien mantenida se adapta a diferentes preferencias de viaje. Si est\u00e1 buscando un veh\u00edculo confiable, vale la pena considerar Island Motorcycles.<\/p><h2 class=\"wp-block-heading\"><strong>4. Yadnya Motor Bali<\/strong><\/h2><p><strong>Ubicaci\u00f3n:<\/strong>&nbsp;&nbsp;Jl Trengguli 9A Penatih, Denpasar, Bali, Indonesia&nbsp;&nbsp;<strong>Tel\u00e9fono:<\/strong>&nbsp;&nbsp;+62 812-3844-388<\/p><p>Yadnya Motor Bali ofrece alquiler de motos personalizado. Si bien los detalles del seguro no se mencionan expl\u00edcitamente, su flexibilidad y compromiso con la satisfacci\u00f3n del cliente los convierten en una opci\u00f3n viable.<\/p><p>Recuerda siempre consultar sobre la cobertura del seguro e inspeccionar la bicicleta antes de alquilarla. \u00a1Feliz viaje en la hermosa Bali!<img decoding=\"async\" src=\"https:\/\/s.w.org\/images\/core\/emoji\/15.0.3\/svg\/1f3cd.svg\" alt=\"\ud83c\udfcd\ufe0f\" style=\"width: 20px;\" title=\"\"><img decoding=\"async\" src=\"https:\/\/s.w.org\/images\/core\/emoji\/15.0.3\/svg\/1f334.svg\" alt=\"\ud83c\udf34\" style=\"width: 20px;\" title=\"\"><\/p>","protected":false},"excerpt":{"rendered":"<p>1. Las mejores motocicletas de Bali Ubicaci\u00f3n:\u00a0\u00a0Gg. Toti, Padangsambian Klod, Kec. Denpasar Bar., Bali, 80361, Indonesia\u00a0\u00a0Tel\u00e9fono:\u00a0\u00a0+62 877-3554-4018\u00a0\u00a0Sitio web:\u00a0\u00a0Bali Best Motorcycle Bali Best Motorcycles encabeza nuestra lista por varias razones. No s\u00f3lo ofrecen una amplia gama de bicicletas a precios competitivos, sino que tambi\u00e9n ofrecen una cobertura de seguro real. Ya sea que sea un conductor&hellip;&nbsp;<a href=\"https:\/\/balibestmotorcycle.com\/es\/las-mejores-tiendas-de-alquiler-de-motocicletas-en-bali-con-real-insurance\" class=\"\" rel=\"bookmark\">Leer m\u00e1s &raquo;<span class=\"screen-reader-text\">Las mejores tiendas de alquiler de motocicletas en Bali con Real Insurance<\/span><\/a><\/p>\n","protected":false},"author":1,"featured_media":0,"parent":0,"menu_order":0,"comment_status":"closed","ping_status":"closed","template":"","meta":{"neve_meta_sidebar":"","neve_meta_container":"","neve_meta_enable_content_width":"","neve_meta_content_width":0,"neve_meta_title_alignment":"","neve_meta_author_avatar":"","neve_post_elements_order":"","neve_meta_disable_header":"","neve_meta_disable_footer":"","neve_meta_disable_title":"","_ti_tpc_template_sync":false,"_ti_tpc_template_id":"","footnotes":""},"class_list":["post-4909","page","type-page","status-publish","hentry"],"_links":{"self":[{"href":"https:\/\/balibestmotorcycle.com\/es\/wp-json\/wp\/v2\/pages\/4909","targetHints":{"allow":["GET"]}}],"collection":[{"href":"https:\/\/balibestmotorcycle.com\/es\/wp-json\/wp\/v2\/pages"}],"about":[{"href":"https:\/\/balibestmotorcycle.com\/es\/wp-json\/wp\/v2\/types\/page"}],"author":[{"embeddable":true,"href":"https:\/\/balibestmotorcycle.com\/es\/wp-json\/wp\/v2\/users\/1"}],"replies":[{"embeddable":true,"href":"https:\/\/balibestmotorcycle.com\/es\/wp-json\/wp\/v2\/comments?post=4909"}],"version-history":[{"count":2,"href":"https:\/\/balibestmotorcycle.com\/es\/wp-json\/wp\/v2\/pages\/4909\/revisions"}],"predecessor-version":[{"id":4923,"href":"https:\/\/balibestmotorcycle.com\/es\/wp-json\/wp\/v2\/pages\/4909\/revisions\/4923"}],"wp:attachment":[{"href":"https:\/\/balibestmotorcycle.com\/es\/wp-json\/wp\/v2\/media?parent=4909"}],"curies":[{"name":"wp","href":"https:\/\/api.w.org\/{rel}","templated":true}]}}